{"id":1137,"date":"2017-01-24T21:01:11","date_gmt":"2017-01-24T20:01:11","guid":{"rendered":"https:\/\/www.tsv-oetlingen.de\/fussball\/?page_id=1137"},"modified":"2025-10-17T14:56:30","modified_gmt":"2025-10-17T12:56:30","slug":"jugendleitung","status":"publish","type":"page","link":"https:\/\/www.tsv-oetlingen.de\/fussball\/jugend\/jugendleitung\/","title":{"rendered":"Jugendleitung"},"content":{"rendered":"<div id=\"pl-1137\"  class=\"panel-layout\" ><div id=\"pg-1137-0\"  class=\"panel-grid panel-no-style\" ><div id=\"pgc-1137-0-0\"  class=\"panel-grid-cell\" ><div id=\"panel-1137-0-0-0\" class=\"so-panel widget widget_sow-editor panel-first-child panel-last-child\" data-index=\"0\" ><div\n\t\t\t\n\t\t\tclass=\"so-widget-sow-editor so-widget-sow-editor-base\"\n\t\t\t\n\t\t><h3 class=\"widget-title\">Jugendleitung Abt. Fu\u00dfball<\/h3>\n<div class=\"siteorigin-widget-tinymce textwidget\">\n\t<p style=\"text-align: center\">\n<p style=\"text-align: center\">Christian Schweiker<\/p>\n<p style=\"text-align: center\">Jugendleiter<\/p>\n<p style=\"text-align: center\">+49 176 99653102<\/p>\n<p style=\"text-align: center\"><a href=\"mailto:leitung-jugend-fussball@tsv-oetlingen.de\">leitung-jugend-fussball@tsv-oetlingen.de<\/a><\/p>\n<\/div>\n<\/div><\/div><\/div><div id=\"pgc-1137-0-1\"  class=\"panel-grid-cell\" ><div id=\"panel-1137-0-1-0\" class=\"so-panel widget widget_sow-editor panel-first-child panel-last-child\" data-index=\"1\" ><div\n\t\t\t\n\t\t\tclass=\"so-widget-sow-editor so-widget-sow-editor-base\"\n\t\t\t\n\t\t><h3 class=\"widget-title\">       <\/h3>\n<div class=\"siteorigin-widget-tinymce textwidget\">\n\t<p>&nbsp;<\/p>\n<p style=\"text-align: center\">Selcuk Yurt<\/p>\n<p style=\"text-align: center\">Stellv. Jugendleiter<\/p>\n<p style=\"text-align: center\">+49 177 3374368<\/p>\n<p style=\"text-align: center\"><a href=\"mailto:leitung-jugend-fussball@tsv-oetlingen.de\">leitung-jugend-fussball@tsv-oetlingen.de<\/a><\/p>\n<h2 style=\"text-align: center\"><strong>\u00a0<\/strong><\/h2>\n<\/div>\n<\/div><\/div><\/div><\/div><div id=\"pg-1137-1\"  class=\"panel-grid panel-no-style\" ><div id=\"pgc-1137-1-0\"  class=\"panel-grid-cell\" ><div id=\"panel-1137-1-0-0\" class=\"so-panel widget widget_sow-editor panel-first-child panel-last-child\" data-index=\"2\" ><div\n\t\t\t\n\t\t\tclass=\"so-widget-sow-editor so-widget-sow-editor-base\"\n\t\t\t\n\t\t>\n<div class=\"siteorigin-widget-tinymce textwidget\">\n\t<p>In der heutigen Zeit besteht die Jugendarbeit eines Vereins nicht mehr nur aus der sportlichen Ausbildung der Jugendspieler. Vielmehr \u00fcbernehmen die Sportvereine auch erzieherische Aufgaben und Verantwortung die weit ins gesellschaftliche Leben hineinreichen. Die Entwicklung der Pers\u00f6nlichkeit und das Vermitteln von gesellschaftlich relevanten Werten wie Hilfsbereitschaft, Ehr\u00adlich\u00adkeit, Verantwortungsbewusstsein usw. nimmt einen ebenso gro\u00dfen Stellenwert ein wie die sportliche Ausbildung. Anders gesagt: Wir bereiten den Nachwuchs nicht nur auf den Fu\u00dfball, sondern auch aufs Leben vor.<\/p>\n<p>Wir beim TSV \u00d6tlingen unterst\u00fctzen den Breitensport. In einer famili\u00e4ren Atmos\u00adph\u00e4re werden deshalb alle Spieler, unabh\u00e4ngig von ihrem fu\u00dfballerischen Talent, gleicher\u00adma\u00dfen gef\u00f6rdert und integriert.<\/p>\n<p>Ohne den sportlichen Erfolg aus den Augen zu verlieren, stellen wir deshalb stets die Aus- und Weiterbildung der Kinder und Jugendlichen in den Vordergrund.<\/p>\n<p>Fu\u00dfball ist l\u00e4ngst kein reiner Jungensport mehr. Im Sinne eines Fu\u00dfballangebots f\u00fcr alle Kinder und Jugendliche hat bei uns der M\u00e4dchenfu\u00dfball den gleichen Stellenwert wie der der Jungs.<\/p>\n<p>Folgende Punkte haben wir uns zum Ziel gemacht:<\/p>\n<ul>\n<li>\u2022 Spa\u00df am Fu\u00dfball<\/li>\n<li>\u2022 Lebenslange Freude am Fu\u00dfball<\/li>\n<li>\u2022 Erleben der Gemeinschaft<\/li>\n<li>\u2022 Beitrag zur Pers\u00f6nlichkeitsentwicklung<\/li>\n<li>\u2022 Hohe Identifikation mit dem TSV \u00d6tlingen<\/li>\n<\/ul>\n<p>Alle Kinder und Jugendliche sollen gerne Sport treiben und sich beim TSV \u00d6tlingen zu Hause f\u00fchlen und dies ein ganzes Leben lang.<\/p>\n<p style=\"text-align: left\">\u00a0\u00a0\u00a0\u00a0\u00a0\u00a0\u00a0\u00a0\u00a0\u00a0\u00a0\u00a0\u00a0\u00a0\u00a0\u00a0\u00a0\u00a0\u00a0\u00a0\u00a0\u00a0\u00a0\u00a0\u00a0\u00a0\u00a0\u00a0\u00a0\u00a0\u00a0\u00a0\u00a0\u00a0\u00a0\u00a0\u00a0\u00a0\u00a0\u00a0\u00a0\u00a0\u00a0\u00a0\u00a0\u00a0\u00a0\u00a0\u00a0\u00a0\u00a0\u00a0\u00a0\u00a0\u00a0\u00a0\u00a0\u00a0\u00a0\u00a0\u00a0\u00a0\u00a0\u00a0\u00a0\u00a0\u00a0\u00a0\u00a0\u00a0\u00a0\u00a0\u00a0\u00a0\u00a0\u00a0\u00a0\u00a0\u00a0\u00a0\u00a0\u00a0\u00a0\u00a0\u00a0\u00a0\u00a0\u00a0\u00a0\u00a0\u00a0\u00a0\u00a0\u00a0\u00a0\u00a0\u00a0\u00a0\u00a0\u00a0\u00a0\u00a0\u00a0\u00a0\u00a0\u00a0\u00a0\u00a0\u00a0\u00a0\u00a0\u00a0\u00a0\u00a0\u00a0\u00a0\u00a0\u00a0\u00a0\u00a0\u00a0\u00a0\u00a0\u00a0\u00a0\u00a0\u00a0\u00a0\u00a0\u00a0\u00a0\u00a0\u00a0\u00a0\u00a0\u00a0\u00a0\u00a0\u00a0\u00a0\u00a0\u00a0\u00a0\u00a0\u00a0\u00a0\u00a0\u00a0\u00a0\u00a0\u00a0\u00a0\u00a0\u00a0\u00a0\u00a0\u00a0\u00a0\u00a0\u00a0\u00a0\u00a0\u00a0\u00a0\u00a0\u00a0\u00a0\u00a0\u00a0\u00a0\u00a0\u00a0\u00a0\u00a0\u00a0\u00a0\u00a0\u00a0\u00a0\u00a0\u00a0\u00a0\u00a0\u00a0\u00a0\u00a0\u00a0\u00a0\u00a0\u00a0\u00a0\u00a0\u00a0\u00a0\u00a0\u00a0\u00a0\u00a0\u00a0\u00a0\u00a0\u00a0\u00a0\u00a0\u00a0\u00a0\u00a0\u00a0\u00a0\u00a0\u00a0\u00a0\u00a0\u00a0\u00a0\u00a0\u00a0\u00a0\u00a0\u00a0\u00a0\u00a0 <em>Auszug aus dem Jugendkonzept des TSV \u00d6tlingen<\/em><\/p>\n<p>&nbsp;<\/p>\n<p>In der Fu\u00dfballjugendabteilung des TSV \u00d6tlingen spielen und trainieren jede Woche fast 300 Jungen und M\u00e4dchen. Etwa 30 ehrenamtliche Trainer und Betreuer sind jede Woche f\u00fcr die Kinder und Jugendlichen da um Sie im Sinne unseres Jugendkonzepts sowohl fu\u00dfballerisch wie auch menschlich weiterzuentwickeln. Zu unseren Aktivit\u00e4ten geh\u00f6ren neben den regelm\u00e4\u00dfigen Spielen in allen Altersklassen nat\u00fcrlich auch gemeinsame Ausfl\u00fcge, die Teilnahme an, auch, internationalen Turnieren, gemeinsame Jahresabschlussfeiern, die traditionelle gemeinsame Weihnachtsfeier und auch mehrt\u00e4gige Fu\u00dfballcamps im R\u00fcbholz. Jedes Jahr veranstalten wir auch eigene Fu\u00dfballturniere im Winter in der Halle, im Sommer auf unserer Sportanlage im R\u00fcbholz. Sollten sie Fragen haben, wenden Sie sich an unsere Jugendleitung oder schreiben sie uns \u00fcber das Kontaktformular.<\/p>\n<\/div>\n<\/div><\/div><\/div><\/div><\/div>","protected":false},"excerpt":{"rendered":"<p>Christian Schweiker Jugendleiter +49 176 99653102 leitung-jugend-fussball@tsv-oetlingen.de &nbsp; Selcuk Yurt Stellv. Jugendleiter +49 177 3374368 leitung-jugend-fussball@tsv-oetlingen.de \u00a0 In der heutigen Zeit besteht die Jugendarbeit eines Vereins nicht mehr nur aus [&hellip;]<\/p>\n","protected":false},"author":33,"featured_media":0,"parent":24,"menu_order":0,"comment_status":"closed","ping_status":"closed","template":"","meta":{"_genesis_hide_title":false,"_genesis_hide_breadcrumbs":false,"_genesis_hide_singular_image":false,"_genesis_hide_footer_widgets":false,"_genesis_custom_body_class":"","_genesis_custom_post_class":"","_genesis_layout":"","footnotes":""},"class_list":["post-1137","page","type-page","status-publish","entry"],"publishpress_future_action":{"enabled":false,"date":"2026-04-23 10:09:37","action":"change-status","newStatus":"draft","terms":[],"taxonomy":""},"_links":{"self":[{"href":"https:\/\/www.tsv-oetlingen.de\/fussball\/wp-json\/wp\/v2\/pages\/1137","targetHints":{"allow":["GET"]}}],"collection":[{"href":"https:\/\/www.tsv-oetlingen.de\/fussball\/wp-json\/wp\/v2\/pages"}],"about":[{"href":"https:\/\/www.tsv-oetlingen.de\/fussball\/wp-json\/wp\/v2\/types\/page"}],"author":[{"embeddable":true,"href":"https:\/\/www.tsv-oetlingen.de\/fussball\/wp-json\/wp\/v2\/users\/33"}],"replies":[{"embeddable":true,"href":"https:\/\/www.tsv-oetlingen.de\/fussball\/wp-json\/wp\/v2\/comments?post=1137"}],"version-history":[{"count":11,"href":"https:\/\/www.tsv-oetlingen.de\/fussball\/wp-json\/wp\/v2\/pages\/1137\/revisions"}],"predecessor-version":[{"id":6144,"href":"https:\/\/www.tsv-oetlingen.de\/fussball\/wp-json\/wp\/v2\/pages\/1137\/revisions\/6144"}],"up":[{"embeddable":true,"href":"https:\/\/www.tsv-oetlingen.de\/fussball\/wp-json\/wp\/v2\/pages\/24"}],"wp:attachment":[{"href":"https:\/\/www.tsv-oetlingen.de\/fussball\/wp-json\/wp\/v2\/media?parent=1137"}],"curies":[{"name":"wp","href":"https:\/\/api.w.org\/{rel}","templated":true}]}}