{"id":1141,"date":"2017-01-24T21:13:09","date_gmt":"2017-01-24T20:13:09","guid":{"rendered":"https:\/\/www.tsv-oetlingen.de\/fussball\/?page_id=1141"},"modified":"2020-02-21T13:42:17","modified_gmt":"2020-02-21T12:42:17","slug":"jugendkonzept","status":"publish","type":"page","link":"https:\/\/www.tsv-oetlingen.de\/fussball\/jugend\/jugendkonzept\/","title":{"rendered":"Jugendkonzept"},"content":{"rendered":"<p><strong>JUGEND<\/strong><strong>KONZEPT<\/strong><\/p>\n<p>&nbsp;<\/p>\n<h1><a name=\"_Toc267213518\"><\/a><u>Vorwort<\/u><\/h1>\n<p>In der heutigen Zeit besteht die Jugendarbeit eines Vereins nicht mehr nur aus der sportlichen Ausbildung der Jugendspieler. Vielmehr \u00fcbernehmen die Sportvereine auch erzieherische Aufgaben und Verantwortung die weit ins gesellschaftliche Leben hineinreichen. Die Entwicklung der Pers\u00f6nlichkeit und das Vermitteln von gesellschaftlich relevanten Werten wie Hilfsbereitschaft, Ehr\u00adlich\u00adkeit, Verantwortungsbewusstsein usw. nimmt einen ebenso gro\u00dfen Stellenwert ein wie die sportliche Ausbildung. Anders gesagt: Wir bereiten den Nachwuchs nicht nur auf den Fu\u00dfball, sondern auch aufs Leben vor.<\/p>\n<p>Wir beim TSV \u00d6tlingen unterst\u00fctzen den Breitensport. In einer famili\u00e4ren Atmos\u00adph\u00e4re werden deshalb alle Spieler, unabh\u00e4ngig von ihrem fu\u00dfballerischen Talent, gleicher\u00adma\u00dfen gef\u00f6rdert und integriert.<\/p>\n<p>Ohne den sportlichen Erfolg aus den Augen zu verlieren, stellen wir deshalb stets die Aus- und Weiterbildung der Kinder und Jugendlichen in den Vordergrund.<\/p>\n<p>Fu\u00dfball ist l\u00e4ngst kein reiner Jungensport mehr. Im Sinne eines Fu\u00dfballangebots f\u00fcr alle Kinder und Jugendliche hat bei uns der M\u00e4dchenfu\u00dfball den gleichen Stellenwert wie der der Jungs.<\/p>\n<p>Folgende Punkte haben wir uns zum Ziel gemacht:<\/p>\n<ul>\n<li>Spa\u00df am Fu\u00dfball<\/li>\n<li>Lebenslange Freude am Fu\u00dfball<\/li>\n<li>Erleben der Gemeinschaft<\/li>\n<li>Beitrag zur Pers\u00f6nlichkeitsentwicklung<\/li>\n<li>Hohe Identifikation mit dem TSV \u00d6tlingen<\/li>\n<\/ul>\n<p>&nbsp;<\/p>\n<p>Alle Kinder und Jugendliche sollen gerne Sport treiben und sich beim TSV \u00d6tlingen zu Hause f\u00fchlen und dies ein ganzes Leben lang.<\/p>\n<p>&nbsp;<\/p>\n<p>TSV \u00d6tlingen<\/p>\n<p>Sommer 2010<\/p>\n<p>&nbsp;<\/p>\n<h1><a name=\"_Toc267213519\"><\/a><u>Wozu brauchen wir ein Jugendkonzept?<\/u><\/h1>\n<ul>\n<li>Ohne Konzept ist alles von Zuf\u00e4llen abh\u00e4ngig, eine langfristige Planung ist nicht m\u00f6glich.<\/li>\n<li>Ein Konzept bietet die M\u00f6glichkeit, Ziele klar zu definieren.<\/li>\n<li>Ein Konzept ist auf die Sicherung der Zukunft unseres Vereins ausgerichtet und sorgt f\u00fcr eine positive Au\u00dfendarstellung sowie Transparenz, so dass auch Eltern, G\u00f6nner und Sponsoren die Zusammenh\u00e4nge in der Abteilung Jugendfu\u00dfball besser verstehen und nachvollziehen k\u00f6nnen.<\/li>\n<li>Das Konzept soll Jugendbetreuern und Funktion\u00e4ren eine Art Weg\u00adweiser an die Hand geben.<\/li>\n<\/ul>\n<h1><a name=\"_Toc267213520\"><\/a><u>Grunds\u00e4tze<\/u><\/h1>\n<ul>\n<li>Die Jugendarbeit ist stets darauf ausgerichtet, Kinder und Jugendliche sowohl sportlich als auch menschlich zu schulen.<\/li>\n<li>Wir haben eine Verantwortung f\u00fcr die Kinder, die weit \u00fcber den sportlichen Bereich hinausgeht.<\/li>\n<li>Kindern und Jugendlichen soll der Spa\u00df am \u201eMannschaftsspiel\u201c Fu\u00dfball vermittelt werden.<\/li>\n<li>Die Entwicklung der Kinder, und nicht der kurzfristige sportliche Erfolg, steht im Vordergrund.<\/li>\n<li>Die Entwicklung einer Pers\u00f6nlichkeit und das Vermitteln von gesellschaftlich relevanten Werten wie Hilfsbereitschaft, Ehrlichkeit und Verantwortungs\u00adbewusstsein nehmen einen ebenso gro\u00dfen Stellenwert ein wie die sportliche Weiterentwicklung.<\/li>\n<li>Wir f\u00f6rdern Selbstsicherheit durch Anerkennung, konstruktive Kritik und fachliche und soziale Kompetenz.<\/li>\n<\/ul>\n<p>&nbsp;<\/p>\n<h1><a name=\"_Toc267213521\"><\/a><u>Ziele<\/u><\/h1>\n<ul>\n<li>Kinder und Jugendliche sollen an den Fu\u00dfballsport herangef\u00fchrt und bestm\u00f6glich ausgebildet werden.<\/li>\n<li>Ein reibungsloser \u00dcbergang zwischen den Altersklassen muss gew\u00e4hr\u00adleistet sein.<\/li>\n<li>Wir m\u00f6chten in allen Altersklassen dauerhaft mindestens eine Mannschaft f\u00fcr den Spielbetrieb melden. Dies gilt auch und ausdr\u00fccklich f\u00fcr die Juniorinnen!<\/li>\n<li>Ab der D-Jugend (M\u00e4dchen C) soll st\u00e4ndig eine Mannschaft in einer h\u00f6her\u00adklassigen Staffel spielen.<\/li>\n<li>Langfristig sollen junge, sportlich und charakterlich gut ausgebildete Fu\u00dfballerinnen und Fu\u00dfballer mit hoher Vereinsidentifikation an den Aktivenbereich abge\u00adge\u00adben werden, um das Weiterbestehen des Vereins auf einer breiten Basis nachhaltig zu sichern.<\/li>\n<li>Die Jugendfu\u00dfballspielerinnen und -spieler sollen sich beim TSV \u00d6tlingen wohl f\u00fchlen.<\/li>\n<li>Auch Spielerinnen und Spieler, die fu\u00dfballerisch weniger talentiert sind, sollen lang\u00adfristig an den Verein gebunden werden, um als Jugendbetreuer, Schiedsrichter oder Funktion\u00e4r eingebunden werden zu k\u00f6nnen.<\/li>\n<\/ul>\n<p>&nbsp;<\/p>\n<p>Um unsere Ziele zu erreichen, stellen wir auch Anforderungen<\/p>\n<p>an unsere Spieler und Jugendbetreuer<\/p>\n<h1><a name=\"_Toc267213522\"><\/a><u>Anforderungen an Spieler<\/u><\/h1>\n<ul>\n<li>Wir m\u00f6chten Spielerinnen und Spieler, die eine positive Einstellung zum Fu\u00dfballspielen und zum aktiven Sport im Allgemeinen haben.<\/li>\n<li>Wir m\u00f6chten Spielerinnen und Spieler, f\u00fcr die Teamgeist kein Fremdwort ist.<\/li>\n<li>Wir m\u00f6chten Spielerinnen und Spieler, f\u00fcr die ein sportlich-freundliches Auf\u00adtreten auf und au\u00dferhalb des Spielfeldes eine Selbst\u00adverst\u00e4ndlichkeit ist.<\/li>\n<li>Verhaltensregeln wie P\u00fcnktlichkeit, Sauberkeit und Fairness m\u00fcssen bereits bei den j\u00fcngsten Fu\u00dfballerinnen und Fu\u00dfballern einge\u00fcbt werden.<\/li>\n<li>Ab der D-Jugend bekommen unsere Spielerinnen und Spieler zus\u00e4tzlich Verhaltens\u00adgrunds\u00e4tze (siehe Anhang) \u00fcberreicht, in denen die bereits bekann\u00adten Regeln erweitert und pr\u00e4zisiert werden. Diese Verhaltens\u00adgrunds\u00e4tze tragen zudem zu einer besseren Identifikation mit dem TSV \u00d6tlingen bei.<\/li>\n<\/ul>\n<h1><a name=\"_Toc267213523\"><\/a><u>Anforderungen an Jugendbetreuer<\/u><\/h1>\n<p>Die Jugendbetreuer des TSV \u00d6tlingen verstehen sich als Team. Sie sind sich ihrer Verantwortung gegen\u00fcber den Kindern und Jugendlichen bewusst und haben in allen Bereichen eine Vorbildfunktion.<\/p>\n<p>Folgende Punkte werden von den Jugendbetreuern stets vorgelebt:<\/p>\n<ul>\n<li>Zuverl\u00e4ssigkeit<\/li>\n<li>P\u00fcnktlichkeit<\/li>\n<li>Vorbildhafter Auftritt<\/li>\n<li>Positive Kommunikation<\/li>\n<li>Spa\u00df am Sport<\/li>\n<li>Fairness gegen\u00fcber Schiedsrichtern und Gegnern, gerade bei Niederlagen<\/li>\n<li>Gleichbehandlung aller Kinder<\/li>\n<li><\/li>\n<\/ul>\n<p>Das Betreuerteam ist auch f\u00fcr die Kontaktpflege zu den Eltern der Spielerinnen und Spieler verantwortlich. Hier ist ein st\u00e4ndiger Austausch notwendig.<\/p>\n<p>Die Teilnahme an Schulungen und Weiterbildungsma\u00dfnahmen des W\u00fcrttem\u00adbergischen Fu\u00dfballverbands (WFV) und des Bezirks Neckar\/Fils werden begr\u00fc\u00dft und unterst\u00fctzt.<\/p>\n<p>Ein regelm\u00e4\u00dfiger Gedankenaustausch zwischen den Jugendbetreuern ist sinnvoll und gewollt.<\/p>\n<h1><a name=\"_Toc267213524\"><\/a><u>Trainingsinhalte<\/u><\/h1>\n<p>Unser Jugendkonzept lehnt sich an die Ausbildungskonzeption des Deutschen Fu\u00dfballbundes (siehe <a href=\"http:\/\/www.dfb.de\/\">www.dfb.de<\/a>) an. Darin sind aktuelle p\u00e4dagogische und sport\u00adwissenschaftliche Erkenntnisse und Prinzipien ber\u00fccksichtigt.<\/p>\n<p>Au\u00dferdem haben wir uns von Jugendkonzepten anderer Vereine inspirie\u00adren lassen.<\/p>\n<p>Der Deutsche Fu\u00dfballbund unterscheidet <strong>vier Ausbildungsstufen<\/strong>, die auf\u00adeinan\u00adder aufbauen. Die \u00dcberg\u00e4nge sind dabei flie\u00dfend und h\u00e4ngen in erster Linie vom Entwicklungsstand der Kinder ab. In jedem Fall stellen die vier Ausbildungs\u00adstufen aber einen roten Faden f\u00fcr die Gestaltung des Nachwuchstrainings dar!<\/p>\n<p>Ziel ist es, dass die Kinder und Jugendlichen beim Wechsel in die n\u00e4chsth\u00f6here Altersklasse bestimmte Fertigkeiten und F\u00e4higkeiten mitbringen, auf denen dann wiederum, m\u00f6glichst nahtlos, aufgebaut werden kann.<\/p>\n<p><strong>B+A-Juniorinnen und Junioren (15-18 J.)<\/strong><\/p>\n<p>Leistungstraining<\/p>\n<p>Beginnende Spezialisierung<\/p>\n<p><strong>D + C- Juniorinnen und Junioren (11-14 Jahre)<\/strong><\/p>\n<p>Aufbautraining<\/p>\n<p>Fu\u00dfball spezifische, individuelle Schulung<\/p>\n<p><strong>E-Junioren + F\/G- Juniorinnen und Junioren (7-10 Jahre)<\/strong><\/p>\n<p>Grundlagentraining\/Vielseitigkeitsschulung<\/p>\n<p>Entwicklung koordinativer F\u00e4higkeiten<\/p>\n<p>und spielerische, fu\u00dfballspezifische Technikschulung<\/p>\n<p><strong>Bambini (5-6 Jahre)<\/strong><\/p>\n<p>Ball- und Bewegungsschule<\/p>\n<p>sportart\u00fcbergreifende, allgemeine Bewegungsschulung<\/p>\n<p>&nbsp;<\/p>\n<p><strong>\u00a0<\/strong><\/p>\n<p><strong>\u00dcber alldem stehen folgende Grunds\u00e4tze:<\/strong><\/p>\n<ul>\n<li>Das Kinder und Jugendtraining darf <u>kein<\/u> reduziertes Erwachsenen-Training sein.<\/li>\n<li>Erstes Ziel im Jugendfu\u00dfball ist die perspektivisch angelegte Ausbildung jedes einzelnen Spielers, nicht der kurzfristige Erfolg der Mannschaft.<\/li>\n<li>Meisterschaften und Siege sind zwar anzustreben, d\u00fcrfen aber niemals Selbstzweck sein und auf Kosten der F\u00f6rderung des einzelnen Spielers gehen.<\/li>\n<\/ul>\n<h1><a name=\"_Toc267213525\"><\/a><u>Spielbetrieb<\/u><\/h1>\n<p>Die Kinder werden grunds\u00e4tzlich nach ihrem Alter den Mannschaften zugeteilt. Ausnahmen hiervon sind nur mit Zustimmung der betroffenen Eltern, Jugendbetreuer und der Jugendleitung m\u00f6glich.<\/p>\n<h2><a name=\"_Toc267213526\"><\/a><em><u>Bambini, G, F\u2013Jugend<\/u><\/em><\/h2>\n<ul>\n<li>In diesen Jahrgangsstufen sollen die Kinder nach Jahrg\u00e4ngen eingeteilt werden um R\u00fccksicht auf Freundschaften zu nehmen und diese zu f\u00f6rdern.<\/li>\n<li>Es ist w\u00fcnschenswert, dass die Kinder in dieser Zeit durchg\u00e4ngig von einem Betreuerteam betreut werden.<\/li>\n<li>Das Team steht im Vordergrund. Eine gleichm\u00e4\u00dfige F\u00f6rderung aller Spieler ist langfristig der richtige Weg.<\/li>\n<li>Die Kinder dieser Altersstufe sollen am j\u00e4hrlichen \u201eTag des Kinder\u00adfu\u00dfballs\u201c bzw. \u201eTag des M\u00e4dchenfu\u00dfballs\u201c des WFV teil\u00adneh\u00admen.<\/li>\n<\/ul>\n<h2><a name=\"_Toc267213527\"><\/a><em><u>E, D, C, B, A-Jugend<\/u><\/em><\/h2>\n<ul>\n<li>Ab der E-Jugend wird aus den leistungsst\u00e4rkeren Spielern jahrgangs\u00adunabh\u00e4ngig eine Mannschaft gebildet.<\/li>\n<li>Spielschw\u00e4chere Kinder spielen in der zweiten oder dritten Mannschaft. Hier ist darauf zu achten, dass diesen Mannschaften die gleiche Beachtung und Ernst\u00adhaftig\u00adkeit zuteilwird wie der ersten Mannschaft. Eine gute Zusammen\u00adarbeit (zeit\u00adgleiches Training) zwischen den Betreuern der gleichen Altersklasse muss gew\u00e4hrleistet sein.<\/li>\n<li>Das Betreuerteam sollte nach zwei sp\u00e4testens aber nach vier Jahren die Mannschaft abgeben, so dass die Kinder verschiedene Einfl\u00fcsse und Anregungen erhalten.<\/li>\n<\/ul>\n<p>&nbsp;<\/p>\n<h1><a name=\"_Toc267213528\"><\/a><u>Eltern<\/u><\/h1>\n<ul>\n<li>Dieses Jugendkonzept ist auch f\u00fcr die Eltern gedacht, um die Arbeit der Jugend\u00adabteilung transparenter zu machen.<\/li>\n<li>Die Eltern sind ein wichtiger Bestandteil der Jugendabteilung. Ohne sie ist ein funktionierendes Vereinsleben nicht denkbar.<\/li>\n<li>Zwischen dem Betreuerteam und den Eltern sollte ein vertrauens\u00advolles Verh\u00e4ltnis bestehen.<\/li>\n<li>Die Eltern sind aufgefordert das Betreuerteam und die Kinder zu unterst\u00fctzen durch<\/li>\n<\/ul>\n<ul>\n<li>Motivation, Lob und Anfeuern aller (nicht nur der eigenen) Kinder<\/li>\n<li>Unterst\u00fctzung der Jugendbetreuerentscheidungen<\/li>\n<\/ul>\n<ul>\n<li>Die Jugendbetreuer sind alle ehrenamtlich t\u00e4tig und investieren ihre Freizeit zum Wohle der Kinder und Jugendlichen. Konstruktive Kritik und Anregungen f\u00fcr Spiel und Training sind jederzeit willkommen, letztlich ist aber der Jugendbetreuer f\u00fcr alle sportlichen Entscheidungen zust\u00e4ndig.<\/li>\n<\/ul>\n<p>&nbsp;<\/p>\n<p>Liebe Eltern, tragen Sie durch Ihr Verhalten w\u00e4hrend eines Spiels dazu bei, dass Ihre Kinder mit Spa\u00df, Freude und Begeisterung Fu\u00dfball spielen. Wir haben als Hilfe\u00adstellung im Anhang ein paar \u201eTipps f\u00fcr Erwachsene am Spielfeldrand\u201c notiert.<\/p>\n<h1><a name=\"_Toc267213529\"><\/a><u>Schlusswort<\/u><\/h1>\n<p>Das sch\u00f6nste Jugendkonzept bleibt nur ein St\u00fcck bedrucktes Papier, wenn es nicht gelebt wird. Um es in die Praxis umzusetzen, ben\u00f6tigen wir motivierte Menschen, die sich mit dem Inhalt auseinandersetzen, sich damit identifizieren und sich davon inspirieren lassen.<\/p>\n<p>Dieses Konzept<\/p>\n<ul>\n<li>soll eine Hilfestellung f\u00fcr alle sein,<\/li>\n<li>ersetzt nicht die Eigenverantwortung des Jugendbetreuers,<\/li>\n<li>ist offen f\u00fcr neue Ideen, Anregungen, Erg\u00e4nzungen und Kritik.<\/li>\n<\/ul>\n<p>&nbsp;<\/p>\n<p>Auch ein Jugendkonzept \u201ealtert\u201c und muss von Zeit zu Zeit \u00fcberpr\u00fcft werden.<\/p>\n<p>Die Autoren hoffen, dass es \u2013 trotz der kurzlebigen Zeit, in der wir uns be\u00adfinden \u2013 f\u00fcr eine gewisse Zeit Bestand hat.<\/p>\n<p>&nbsp;<\/p>\n<p>Abteilungsleitung, Jugendleitung und alle Jugendbetreuer der Abteilung Fu\u00dfball des TSV \u00d6tlingen<\/p>\n<p>\u00d6tlingen im Sommer 2010<\/p>\n<p>\u00dcberarbeitet im Sommer 2016<\/p>\n<h1><a name=\"_Toc267213530\"><\/a><u>Anhang 1: Verhaltensgrunds\u00e4tze f\u00fcr Jugendspielerinnen und -spieler des TSV \u00d6tlingen<\/u><\/h1>\n<p><strong><em>Zuverl\u00e4ssigkeit<\/em><\/strong><\/p>\n<ul>\n<li>Die Teilnahme am Training und Spiel ist f\u00fcr mich eine Selbstverst\u00e4ndlich\u00adkeit. Kann ich nicht erscheinen, sage ich so fr\u00fch wie m\u00f6glich beim Jugendbetreuer ab.<\/li>\n<li>Ich versuche kein Training und kein Spiel zu vers\u00e4umen.<\/li>\n<li>Mein Jugendbetreuer bereitet sich auf das Training vor und schenkt mir seine Zeit. Deshalb sage ich nicht leichtfertig ein Training ab.<\/li>\n<li>Mein Jugendbetreuer und mein Team machen sich Sorgen, wenn ich unentschuldigt fehle.<\/li>\n<\/ul>\n<p><strong><em>P\u00fcnktlichkeit<\/em><\/strong><\/p>\n<ul>\n<li>Ich erscheine p\u00fcnktlich zum Training und zum Spiel.<\/li>\n<li>Die Mannschaft wartet auf mich.<\/li>\n<li>Ohne mich ist das Team nicht komplett.<\/li>\n<li>Meine Unp\u00fcnktlichkeit st\u00f6rt das gesamte Team und den Trainingsbetrieb.<\/li>\n<\/ul>\n<p><strong><em>Freundlichkeit<\/em><\/strong><\/p>\n<ul>\n<li>Freundlichkeit ist f\u00fcr mich selbstverst\u00e4ndlich, denn das Team und das gesamte Umfeld erm\u00f6glichen mir das Fu\u00dfballspielen.<\/li>\n<li>Freundlich sein ist f\u00fcr mich einfach. Ich gr\u00fc\u00dfe Kinder und Erwachsene, die ich kenne.<\/li>\n<li>Das Umfeld wird nicht nur mich, sondern auch mein Team f\u00fcr meine Freund\u00adlichkeit m\u00f6gen.<\/li>\n<\/ul>\n<p><strong><em>Teamf\u00e4higkeit und Disziplin<\/em><\/strong><\/p>\n<ul>\n<li>Ich kann nicht jeden gleich gern m\u00f6gen, akzeptiere aber jedes Team\u00admitglied.<\/li>\n<li>Ich verhalte mich im Kreis meiner Mannschaft diszipliniert. Nur im Team kann ich Fu\u00dfball lernen und nur gemeinsam k\u00f6nnen wir unsere Ziele erreichen.<\/li>\n<li>Im Spiel und im Training gebe ich immer 100%, denn ich bin ein wichtiger Teil des Teams.<\/li>\n<li>Wenn ich mal schlecht gespielt habe oder nicht die ganze Zeit gespielt habe, verliere ich nicht den Willen flei\u00dfig zu trai\u00adnie\u00adren, um meine Leistung zu verbessern. Im n\u00e4chsten Spiel m\u00f6chte ich das wieder besser machen.<\/li>\n<li>Streitereien untereinander sollten vermieden werden, Handgreiflich\u00adkei\u00adten sind nicht akzeptabel.<\/li>\n<\/ul>\n<p><strong><em>Hilfsbereitschaft<\/em><\/strong><\/p>\n<ul>\n<li>Ich helfe jedem aus dem Team, wenn er Probleme hat und um Hilfe bittet. Dies bezieht sich sowohl auf das Spielfeld als auch auf au\u00dferhalb.<\/li>\n<li>Ich unterst\u00fctze schw\u00e4chere Spieler und mache mich nicht \u00fcber sie lustig.<\/li>\n<li>Ich \u00fcbernehme das Wegr\u00e4umen von B\u00e4llen und Trainingsmaterial (Stangen, H\u00fctchen, \u2026) beim Spiel und beim Training.<\/li>\n<\/ul>\n<p><strong><em>Umwelt und Sauberkeit<\/em><\/strong><\/p>\n<ul>\n<li>Ich gehe sorgsam mit dem Vereinseigentum um. Sportplatz, Kabinen und alle anderen Gemeinschaftseinrichtungen sollen meinem Verein, meiner Mann\u00adschaft und mir noch lange Freude bereiten.<\/li>\n<li>Der schonende Umgang mit B\u00e4llen, Trikots und Trainingsmaterial ist f\u00fcr mich eine Selbstverst\u00e4ndlichkeit.<\/li>\n<li>Auch mit meiner eigenen Ausr\u00fcstung gehe ich sorgsam um. Dazu geh\u00f6rt z.\u00a0B. auch das Putzen meiner Schuhe.<\/li>\n<li>Bin ich Gast bei einem anderen Verein, gelten die Verhaltensweisen noch st\u00e4rker. Wenn ich dagegen versto\u00dfe, schade ich nicht nur meinem Team, sondern auch meinem Verein.<\/li>\n<\/ul>\n<p><strong><em>Fairplay<\/em><\/strong><\/p>\n<ul>\n<li>Ich verhalte mich stets freundlich und fair zu meinen Gegenspielern, egal ob im Training oder im Spiel gegen einen anderen Verein.<\/li>\n<li>Ich verhalte mich fair und freundlich gegen\u00fcber dem Schiedsrichter.<\/li>\n<li>Der Schiedsrichter ist mein Freund. Er erm\u00f6glicht mir das Spiel.<\/li>\n<\/ul>\n<p><strong><em>Zigaretten, Alkohol, \u2026<\/em><\/strong><\/p>\n<ul>\n<li>Zigaretten und Alkohol am Spielfeldrand habe ich nicht n\u00f6tig.<\/li>\n<li>\u00dcber die Gefahren von Drogen wei\u00df ich Bescheid und ich halte mich von ihnen fern.<\/li>\n<\/ul>\n<p><strong><em>Vorbild f\u00fcr J\u00fcngere<\/em><\/strong><\/p>\n<ul>\n<li>Auch ich bin ein Vorbild \u2013 insbesondere f\u00fcr die j\u00fcngeren Spieler.<\/li>\n<\/ul>\n<p><strong><em>Konsequenzen bei Nichtbeachtung der Verhaltensregeln<\/em><\/strong><\/p>\n<p>Wenn ich mich \u2013 trotz mehrmaligen Hinweisen meines Jugendbetreuers \u2013 nicht an die Ver\u00adhaltens\u00adgrund\u00ads\u00e4tze halte, so hat der Jugendbetreuer das Recht mich zeitweise vom Trainings- und Spielbetrieb auszuschlie\u00dfen. Durch mein positives Verhalten erspare ich dem Jugendbetreuer solche Entscheidungen.<\/p>\n<p>Mein Jugendbetreuer hat f\u00fcr jedes Problem ein offenes Ohr \u2013 sei es sportlich oder privat<\/p>\n<p>&nbsp;<\/p>\n<h1><a name=\"_Toc267213531\"><\/a><u>\u00a0\u00a0\u00a0\u00a0\u00a0\u00a0\u00a0 Anhang 2: Tipps f\u00fcr Erwachsene am Spielfeldrand<\/u><\/h1>\n<p>Liebe Eltern, tragen Sie durch Ihr Verhalten dazu bei, dass Ihre Kinder mit Spa\u00df, Freude und Begeisterung Fu\u00dfball spielen.<\/p>\n<ul>\n<li>Unterst\u00fctzen Sie Ihre Kinder durch Lob, Aufmunterung und Anfeuern!<\/li>\n<li>Kinderfu\u00dfball ist kein Erwachsenenfu\u00dfball! Bei den Kindern stehen Spa\u00df am Spiel sowie die Verbesserung ihrer F\u00e4higkeiten im Vordergrund.<\/li>\n<li>Wissen Sie noch, wie Ihr Kind vor einem Jahr gegen den Verein XY gespielt hat? Welche Bedeutung hat das damalige Ergebnis heute? Ist es nicht viel wichtiger, wie sich Ihr Kind mittlerweile weiterentwickelt hat?<\/li>\n<li>Falls eine Aktion mal nicht so gelingt wie geplant, zeigen Sie Ihre Entt\u00e4uschung nicht durch negative Kommentare! Die Kinder wissen selber, wenn ihnen etwas misslungen ist. Wir als Erwachsene m\u00fcssen mit Fehlern besser umgehen k\u00f6nnen als die Kinder.<\/li>\n<li>Kinder sind sehr sensibel gegen\u00fcber abf\u00e4lligen Kommentaren und reagieren oft mit Angst, Aggression oder Verunsicherung. Dadurch werden wichtige Lernprozesse blockiert!<\/li>\n<li>Aus Fehlern wird man klug! Einer ist nicht genug!<\/li>\n<li>Kinder und Jugendliche sind keine Bundesligaspieler! Welche Fehler passieren (aus Sicht der Kinder: zum Gl\u00fcck) Woche f\u00fcr Woche in der Bundesliga?<\/li>\n<li>Kritisieren Sie keine Entscheidung des Schiedsrichters, auch wenn sie vermeintlich falsch gewesen ist! Sie ermutigen damit Ihr Kind eigene Fehler zu ignorieren!<\/li>\n<li>Viele K\u00f6che verderben den Brei! Der Jugendbetreuer ist dankbar f\u00fcr jede Hilfe und Anregung, aber er allein ist f\u00fcr den sportlichen Bereich zust\u00e4ndig!<\/li>\n<li>Rauchen und Alkohol sind am Spielfeldrand ungern gesehene G\u00e4ste. Wir alle sind Vorbilder f\u00fcr die Kinder und Jugendlichen!<\/li>\n<\/ul>\n","protected":false},"excerpt":{"rendered":"<p>JUGENDKONZEPT &nbsp; Vorwort In der heutigen Zeit besteht die Jugendarbeit eines Vereins nicht mehr nur aus der sportlichen Ausbildung der Jugendspieler. Vielmehr \u00fcbernehmen die Sportvereine auch erzieherische Aufgaben und Verantwortung [&hellip;]<\/p>\n","protected":false},"author":4,"featured_media":0,"parent":24,"menu_order":0,"comment_status":"closed","ping_status":"closed","template":"","meta":{"_genesis_hide_title":false,"_genesis_hide_breadcrumbs":false,"_genesis_hide_singular_image":false,"_genesis_hide_footer_widgets":false,"_genesis_custom_body_class":"","_genesis_custom_post_class":"","_genesis_layout":"","footnotes":""},"class_list":["post-1141","page","type-page","status-publish","entry"],"publishpress_future_action":{"enabled":false,"date":"2026-04-21 11:38:45","action":"change-status","newStatus":"draft","terms":[],"taxonomy":""},"_links":{"self":[{"href":"https:\/\/www.tsv-oetlingen.de\/fussball\/wp-json\/wp\/v2\/pages\/1141","targetHints":{"allow":["GET"]}}],"collection":[{"href":"https:\/\/www.tsv-oetlingen.de\/fussball\/wp-json\/wp\/v2\/pages"}],"about":[{"href":"https:\/\/www.tsv-oetlingen.de\/fussball\/wp-json\/wp\/v2\/types\/page"}],"author":[{"embeddable":true,"href":"https:\/\/www.tsv-oetlingen.de\/fussball\/wp-json\/wp\/v2\/users\/4"}],"replies":[{"embeddable":true,"href":"https:\/\/www.tsv-oetlingen.de\/fussball\/wp-json\/wp\/v2\/comments?post=1141"}],"version-history":[{"count":5,"href":"https:\/\/www.tsv-oetlingen.de\/fussball\/wp-json\/wp\/v2\/pages\/1141\/revisions"}],"predecessor-version":[{"id":5102,"href":"https:\/\/www.tsv-oetlingen.de\/fussball\/wp-json\/wp\/v2\/pages\/1141\/revisions\/5102"}],"up":[{"embeddable":true,"href":"https:\/\/www.tsv-oetlingen.de\/fussball\/wp-json\/wp\/v2\/pages\/24"}],"wp:attachment":[{"href":"https:\/\/www.tsv-oetlingen.de\/fussball\/wp-json\/wp\/v2\/media?parent=1141"}],"curies":[{"name":"wp","href":"https:\/\/api.w.org\/{rel}","templated":true}]}}