{"id":18,"date":"2016-11-20T22:15:24","date_gmt":"2016-11-20T21:15:24","guid":{"rendered":"http:\/\/tsv.teckbotenpokal2015.de\/fussball\/?page_id=18"},"modified":"2023-01-10T21:04:34","modified_gmt":"2023-01-10T20:04:34","slug":"links-downloads","status":"publish","type":"page","link":"https:\/\/www.tsv-oetlingen.de\/fussball\/links-downloads\/","title":{"rendered":"Links &amp; Downloads"},"content":{"rendered":"<div id=\"pl-18\"  class=\"panel-layout\" ><div id=\"pg-18-0\"  class=\"panel-grid panel-no-style\" ><div id=\"pgc-18-0-0\"  class=\"panel-grid-cell\" ><div id=\"panel-18-0-0-0\" class=\"so-panel widget widget_sow-editor panel-first-child panel-last-child\" data-index=\"0\" ><div\n\t\t\t\n\t\t\tclass=\"so-widget-sow-editor so-widget-sow-editor-base\"\n\t\t\t\n\t\t>\n<div class=\"siteorigin-widget-tinymce textwidget\">\n\t<aside class=\"download-box\">\n\n\t<div class=\"download-box-content\">\n\n\t\t<h4>Beitrittserkl\u00e4rung<\/h4>\n\n\t\t\t\t<small>Beitrittserkl\u00e4rung_Gesamt_12_18.pdf <br> Dateigr\u00f6\u00dfe: 320,04 KB<\/small><br>\n\t\t<a class=\"btn btn-primary\" title=\"\" href=\"https:\/\/www.tsv-oetlingen.de\/fussball\/download\/1845\/?tmstv=1778301260\" rel=\"nofollow\"><i class=\"fa fa-download\" aria-hidden=\"true\"><\/i> Datei herunterladen<br>\n\t\t<\/a>\n\n\t<\/div>\n<\/aside>\n\n<\/div>\n<\/div><\/div><\/div><div id=\"pgc-18-0-1\"  class=\"panel-grid-cell\" ><div id=\"panel-18-0-1-0\" class=\"so-panel widget widget_sow-editor panel-first-child panel-last-child\" data-index=\"1\" ><div\n\t\t\t\n\t\t\tclass=\"so-widget-sow-editor so-widget-sow-editor-base\"\n\t\t\t\n\t\t>\n<div class=\"siteorigin-widget-tinymce textwidget\">\n\t<aside class=\"download-box\">\n\n\t<div class=\"download-box-content\">\n\n\t\t<h4>Jahresbeitr\u00e4ge 2023<\/h4>\n\n\t\t\t\t<small>Abteilungsbeitraege-Uebersicht-Stand-01.01.2023.pdf <br> Dateigr\u00f6\u00dfe: 128,46 KB<\/small><br>\n\t\t<a class=\"btn btn-primary\" title=\"\" href=\"https:\/\/www.tsv-oetlingen.de\/fussball\/download\/4284\/?tmstv=1778301260\" rel=\"nofollow\"><i class=\"fa fa-download\" aria-hidden=\"true\"><\/i> Datei herunterladen<br>\n\t\t<\/a>\n\n\t<\/div>\n<\/aside>\n\n<\/div>\n<\/div><\/div><\/div><div id=\"pgc-18-0-2\"  class=\"panel-grid-cell\" ><div id=\"panel-18-0-2-0\" class=\"so-panel widget widget_sow-editor panel-first-child panel-last-child\" data-index=\"2\" ><div\n\t\t\t\n\t\t\tclass=\"so-widget-sow-editor so-widget-sow-editor-base\"\n\t\t\t\n\t\t>\n<div class=\"siteorigin-widget-tinymce textwidget\">\n\t<aside class=\"download-box\">\n\n\t<div class=\"download-box-content\">\n\n\t\t<h4>Beitragsordnung<\/h4>\n\n\t\t\t\t<small>Beitragsordnung_2013.pdf <br> Dateigr\u00f6\u00dfe: 100,82 KB<\/small><br>\n\t\t<a class=\"btn btn-primary\" title=\"\" href=\"https:\/\/www.tsv-oetlingen.de\/fussball\/download\/1168\/?tmstv=1778301260\" rel=\"nofollow\"><i class=\"fa fa-download\" aria-hidden=\"true\"><\/i> Datei herunterladen<br>\n\t\t<\/a>\n\n\t<\/div>\n<\/aside>\n\n<\/div>\n<\/div><\/div><\/div><\/div><div id=\"pg-18-1\"  class=\"panel-grid panel-no-style\" ><div id=\"pgc-18-1-0\"  class=\"panel-grid-cell\" ><div id=\"panel-18-1-0-0\" class=\"so-panel widget widget_sow-editor panel-first-child panel-last-child\" data-index=\"3\" ><div\n\t\t\t\n\t\t\tclass=\"so-widget-sow-editor so-widget-sow-editor-base\"\n\t\t\t\n\t\t>\n<div class=\"siteorigin-widget-tinymce textwidget\">\n\t<aside class=\"download-box\">\n\n\t<div class=\"download-box-content\">\n\n\t\t<h4>Passantrag Erstmalige Spielerlaubnis<\/h4>\n\n\t\t\t\t<small>Antrag-erstmalige-Spielerlaubnis_beschreibbar.pdf <br> Dateigr\u00f6\u00dfe: 657,60 KB<\/small><br>\n\t\t<a class=\"btn btn-primary\" title=\"\" href=\"https:\/\/www.tsv-oetlingen.de\/fussball\/download\/1801\/?tmstv=1778301260\" rel=\"nofollow\"><i class=\"fa fa-download\" aria-hidden=\"true\"><\/i> Datei herunterladen<br>\n\t\t<\/a>\n\n\t<\/div>\n<\/aside>\n\n<\/div>\n<\/div><\/div><\/div><div id=\"pgc-18-1-1\"  class=\"panel-grid-cell\" ><div id=\"panel-18-1-1-0\" class=\"so-panel widget widget_sow-editor panel-first-child panel-last-child\" data-index=\"4\" ><div\n\t\t\t\n\t\t\tclass=\"so-widget-sow-editor so-widget-sow-editor-base\"\n\t\t\t\n\t\t>\n<div class=\"siteorigin-widget-tinymce textwidget\">\n\t<aside class=\"download-box\">\n\n\t<div class=\"download-box-content\">\n\n\t\t<h4>Passantrag Vereinswechsel<\/h4>\n\n\t\t\t\t<small>Antrag-Vereinswechsel_beschreibbar-1.pdf <br> Dateigr\u00f6\u00dfe: 672,02 KB<\/small><br>\n\t\t<a class=\"btn btn-primary\" title=\"Version vereinswechsel_beschreibbar\" href=\"https:\/\/www.tsv-oetlingen.de\/fussball\/download\/5915\/?tmstv=1778301260\" rel=\"nofollow\"><i class=\"fa fa-download\" aria-hidden=\"true\"><\/i> Datei herunterladen<br>\n\t\t<\/a>\n\n\t<\/div>\n<\/aside>\n\n<\/div>\n<\/div><\/div><\/div><\/div><div id=\"pg-18-2\"  class=\"panel-grid panel-no-style\" ><div id=\"pgc-18-2-0\"  class=\"panel-grid-cell\" ><div id=\"panel-18-2-0-0\" class=\"so-panel widget widget_sow-editor panel-first-child panel-last-child\" data-index=\"5\" ><div\n\t\t\t\n\t\t\tclass=\"so-widget-sow-editor so-widget-sow-editor-base\"\n\t\t\t\n\t\t><h3 class=\"widget-title\">Interessante Links<\/h3>\n<div class=\"siteorigin-widget-tinymce textwidget\">\n\t<p><a href=\"http:\/\/www.fussball.de\/verein\/tsv-oetlingen-wuerttemberg\/-\/id\/00ES8GNB1000000DVV0AG08LVUPGND5I#!\/section\/mediastream\">fussball.de TSV \u00d6tlingen<\/a><\/p>\n<div id=\"background\">\n<div id=\"content\" class=\"text\">\n<p class=\"bodytext\"><a title=\"Bitte geben Sie hier eine Beschreibung des Linkziels ein\" href=\"http:\/\/www.wuerttfv.de\/\" target=\"_top\">W\u00fcrttembergischer Fu\u00dfballverband<\/a><\/p>\n<p class=\"bodytext\"><a title=\"Bitte geben Sie hier eine Beschreibung des Linkziels ein\" href=\"http:\/\/www.jugendfussball-neckar-fils.de\/\" target=\"_top\">Vereinsjugend Bezirk Neckar Fils<\/a><\/p>\n<p class=\"bodytext\"><a title=\"Bitte geben Sie hier eine Beschreibung des Linkziels ein\" href=\"http:\/\/www.dfb.de\/\" target=\"_top\">Deutscher Fu\u00dfballbund<\/a><\/p>\n<p><br class=\"bodytext\" \/><\/p>\n<p class=\"bodytext\">\u00a0<\/p>\n<p class=\"bodytext\">\u00a0<\/p>\n<\/div>\n<\/div>\n<\/div>\n<\/div><\/div><\/div><\/div><\/div>","protected":false},"excerpt":{"rendered":"<p>Beitrittserkl\u00e4rung Beitrittserkl\u00e4rung_Gesamt_12_18.pdf Dateigr\u00f6\u00dfe: 320,04 KB Datei herunterladen Jahresbeitr\u00e4ge 2023 Abteilungsbeitraege-Uebersicht-Stand-01.01.2023.pdf Dateigr\u00f6\u00dfe: 128,46 KB Datei herunterladen Beitragsordnung Beitragsordnung_2013.pdf Dateigr\u00f6\u00dfe: 100,82 KB Datei herunterladen Passantrag Erstmalige Spielerlaubnis Antrag-erstmalige-Spielerlaubnis_beschreibbar.pdf Dateigr\u00f6\u00dfe: 657,60 KB Datei [&hellip;]<\/p>\n","protected":false},"author":1,"featured_media":0,"parent":0,"menu_order":0,"comment_status":"closed","ping_status":"closed","template":"","meta":{"_genesis_hide_title":false,"_genesis_hide_breadcrumbs":false,"_genesis_hide_singular_image":false,"_genesis_hide_footer_widgets":false,"_genesis_custom_body_class":"","_genesis_custom_post_class":"","_genesis_layout":"","footnotes":""},"class_list":["post-18","page","type-page","status-publish","entry"],"publishpress_future_action":{"enabled":false,"date":"2026-05-16 06:34:20","action":"change-status","newStatus":"draft","terms":[],"taxonomy":""},"_links":{"self":[{"href":"https:\/\/www.tsv-oetlingen.de\/fussball\/wp-json\/wp\/v2\/pages\/18","targetHints":{"allow":["GET"]}}],"collection":[{"href":"https:\/\/www.tsv-oetlingen.de\/fussball\/wp-json\/wp\/v2\/pages"}],"about":[{"href":"https:\/\/www.tsv-oetlingen.de\/fussball\/wp-json\/wp\/v2\/types\/page"}],"author":[{"embeddable":true,"href":"https:\/\/www.tsv-oetlingen.de\/fussball\/wp-json\/wp\/v2\/users\/1"}],"replies":[{"embeddable":true,"href":"https:\/\/www.tsv-oetlingen.de\/fussball\/wp-json\/wp\/v2\/comments?post=18"}],"version-history":[{"count":10,"href":"https:\/\/www.tsv-oetlingen.de\/fussball\/wp-json\/wp\/v2\/pages\/18\/revisions"}],"predecessor-version":[{"id":5918,"href":"https:\/\/www.tsv-oetlingen.de\/fussball\/wp-json\/wp\/v2\/pages\/18\/revisions\/5918"}],"wp:attachment":[{"href":"https:\/\/www.tsv-oetlingen.de\/fussball\/wp-json\/wp\/v2\/media?parent=18"}],"curies":[{"name":"wp","href":"https:\/\/api.w.org\/{rel}","templated":true}]}}