{"id":52,"date":"2016-11-20T22:19:11","date_gmt":"2016-11-20T21:19:11","guid":{"rendered":"http:\/\/tsv.teckbotenpokal2015.de\/fussball\/?page_id=52"},"modified":"2025-10-17T15:21:53","modified_gmt":"2025-10-17T13:21:53","slug":"bambini","status":"publish","type":"page","link":"https:\/\/www.tsv-oetlingen.de\/fussball\/jugend\/bambini\/","title":{"rendered":"Bambini"},"content":{"rendered":"<div id=\"pl-52\"  class=\"panel-layout\" ><div id=\"pg-52-0\"  class=\"panel-grid panel-no-style\" ><div id=\"pgc-52-0-0\"  class=\"panel-grid-cell\" ><div id=\"panel-52-0-0-0\" class=\"so-panel widget widget_sow-editor panel-first-child panel-last-child\" data-index=\"0\" ><div\n\t\t\t\n\t\t\tclass=\"so-widget-sow-editor so-widget-sow-editor-base\"\n\t\t\t\n\t\t><h3 class=\"widget-title\">Bambini<\/h3>\n<div class=\"siteorigin-widget-tinymce textwidget\">\n\t<p>Hallo zusammen!<\/p>\n<p>Also\u2026Ihr seid interessiert? Und Deine\/Eure Kids lieben Fu\u00dfball? Dann meldet Euch bei uns! \ud83d\ude42<\/p>\n<p>&nbsp;<\/p>\n<p><strong>Kleiner Disclaimer:\u00a0<\/strong>Aktuell sind wir bei 40+ Kinder im Training und haben auch eine l\u00e4ngere Warteliste, wobei wir immer wieder Kinder nachholen wenn wir wieder Platz haben.<\/p>\n<p>&nbsp;<\/p>\n<p><strong>Was passiert dann, wenn es los geht?<\/strong><\/p>\n<div>Wenn es dann los geht, absolvieren die Kids 3 Schnuppertrainings und wir Trainer entscheiden dann mit den Eltern, ob es passt und wie es weiter geht. F\u00fcr das Schnuppertraining reichen Turnschuhe (mit etwas Profil) und Sportklamotten sowie eine Trinkflasche. Die Kids kommen schon umgezogen und duschen zu Hause.<\/div>\n<div><\/div>\n<div>Das Training findet dann auf dem Kunstrasen (ab Fr\u00fchling\/Sommer wieder auf dem Naturrasen) im R\u00fcbholz und im Winter in der Sporthalle statt und die Eltern k\u00f6nnen von au\u00dfen zuschauen.<\/div>\n<p>&nbsp;<\/p>\n<p>&nbsp;<\/p>\n<div>\n<div>Bei allen neuen Bambinis achten wir Trainer in mehreren Trainings (Schnuppertrainings) auf drei Punkte:<\/div>\n<div>\n<p>- Lust an Fu\u00dfball: Hat das Kind allgemein Lust an Fu\u00dfball oder nur wenig Lust, da das Kind vielleicht an anderen Sportarten interessiert ist.<\/p>\n<p>- Motivation\/Mitmachen: \u2060Macht das Kind bei den \u00dcbungen mit oder nicht, bzw. liegt es viel am Boden, lenkt andere st\u00e4ndig ab oder sitzt au\u00dfen rum.<\/p>\n<p>\u2060- Einfaches Verst\u00e4ndnis: Versteht das Kind einfache Ansprachen und \u00dcbungen oder nicht, dazu z\u00e4hlt auch einfaches Deutsch zu verstehen<\/p>\n<\/div>\n<\/div>\n<div><\/div>\n<div><\/div>\n<div><\/div>\n<div><\/div>\n<div><\/div>\n<div>Wir empfehlen den Eltern immer bis es los geht, so viel wie m\u00f6glich mit dem Kind Fu\u00dfball zu spielen. Mit Familie oder Freunden zu Hause, auf dem Bolzplatz oder wo auch immer zu kicken. Das bringt sehr viel f\u00fcr das Ballverst\u00e4ndnis und das Kind f\u00fchlt sich am Ball wohler.<\/div>\n<div><\/div>\n<div><\/div>\n<div><\/div>\n<div><\/div>\n<div>Bez\u00fcglich den Geb\u00fchren\/Mitgliederbeitr\u00e4ge finden Sie alle Informationen hier auf unserer\u00a0<a href=\"https:\/\/www.tsv-oetlingen.de\/mitglied-werden\/\">Webseite<\/a>. Bei den Bambinis w\u00e4ren die Jahresbeitr\u00e4ge 19\u20ac f\u00fcr den Hauptverein und 40\u20ac f\u00fcr die Abteilung Fu\u00dfball - als Familie wird es g\u00fcnstiger. Die Anmeldung <u>findet erst nach den Schnuppertrainings und Absprache mit uns Trainern statt<\/u>.<\/div>\n<div><\/div>\n<div><\/div>\n<div><\/div>\n<div><\/div>\n<div><\/div>\n<div>Falls ihr nur mal zuschauen m\u00f6chtet - wir haben immer Mittwochs 17:30-18:30 Uhr auf dem Sportgel\u00e4nde R\u00fcbholz Training.<\/div>\n<div><\/div>\n<div><\/div>\n<div><\/div>\n<div><\/div>\n<div><\/div>\n<div><\/div>\n<div><\/div>\n<div>Liebe Gr\u00fc\u00dfe<\/div>\n<div>Eure Bambini Trainer \ud83d\ude42<\/div>\n<div dir=\"auto\">\n<div dir=\"auto\">\n<div dir=\"auto\">\n<div dir=\"auto\">\n<div dir=\"auto\"><\/div>\n<\/div>\n<\/div>\n<\/div>\n<\/div>\n<\/div>\n<\/div><\/div><\/div><div id=\"pgc-52-0-1\"  class=\"panel-grid-cell\" ><div id=\"panel-52-0-1-0\" class=\"so-panel widget widget_sow-editor panel-first-child\" data-index=\"1\" ><div\n\t\t\t\n\t\t\tclass=\"so-widget-sow-editor so-widget-sow-editor-base\"\n\t\t\t\n\t\t><h3 class=\"widget-title\">Trainingszeiten<\/h3>\n<div class=\"siteorigin-widget-tinymce textwidget\">\n\t\n<table id=\"tablepress-12\" class=\"tablepress tablepress-id-12\">\n<thead>\n<tr class=\"row-1 odd\">\n\t<th class=\"column-1\">Mittwoch<\/th>\n<\/tr>\n<\/thead>\n<tbody>\n<tr class=\"row-2 even\">\n\t<td class=\"column-1\">17:30 - 18:30 Uhr<\/td>\n<\/tr>\n<\/tbody>\n<\/table>\n<!-- #tablepress-12 from cache -->\n<\/div>\n<\/div><\/div><div id=\"panel-52-0-1-1\" class=\"so-panel widget widget_sow-editor panel-last-child\" data-index=\"2\" ><div\n\t\t\t\n\t\t\tclass=\"so-widget-sow-editor so-widget-sow-editor-base\"\n\t\t\t\n\t\t><h3 class=\"widget-title\">Betreuer<\/h3>\n<div class=\"siteorigin-widget-tinymce textwidget\">\n\t<table style=\"width: 100.793%;border-collapse: collapse;border-color: #001075;background-color: #ffffff;height: 355px\" border=\"2\">\n<tbody>\n<tr style=\"height: 130px\">\n<td style=\"width: 27.5701%;height: 130px\"><img loading=\"lazy\" decoding=\"async\" class=\"wp-image-6127 size-medium aligncenter\" src=\"https:\/\/www.tsv-oetlingen.de\/fussball\/wp-content\/uploads\/sites\/3\/2025\/03\/IMG_5328-1-213x300.jpg\" alt=\"\" width=\"213\" height=\"300\" srcset=\"https:\/\/www.tsv-oetlingen.de\/fussball\/wp-content\/uploads\/sites\/3\/2025\/03\/IMG_5328-1-213x300.jpg 213w, https:\/\/www.tsv-oetlingen.de\/fussball\/wp-content\/uploads\/sites\/3\/2025\/03\/IMG_5328-1-728x1024.jpg 728w, https:\/\/www.tsv-oetlingen.de\/fussball\/wp-content\/uploads\/sites\/3\/2025\/03\/IMG_5328-1-768x1080.jpg 768w, https:\/\/www.tsv-oetlingen.de\/fussball\/wp-content\/uploads\/sites\/3\/2025\/03\/IMG_5328-1-1092x1536.jpg 1092w, https:\/\/www.tsv-oetlingen.de\/fussball\/wp-content\/uploads\/sites\/3\/2025\/03\/IMG_5328-1.jpg 1206w\" sizes=\"auto, (max-width: 213px) 100vw, 213px\" \/><\/td>\n<td style=\"width: 72.2296%;height: 130px\">\n<h4><strong>Florian Gro\u00dfschmidt<\/strong><\/h4>\n<p><a href=\"mailto:bambini-fussball@tsv-oetlingen.de\">bambini-fussball@tsv-oetlingen.de<\/a><br \/>\n<em><br \/>\n<\/em><\/p>\n<\/td>\n<\/tr>\n<\/tbody>\n<\/table>\n<p style=\"text-align: center\">\n<\/div>\n<\/div><\/div><\/div><\/div><\/div>","protected":false},"excerpt":{"rendered":"<p>Hallo zusammen! Also\u2026Ihr seid interessiert? Und Deine\/Eure Kids lieben Fu\u00dfball? Dann meldet Euch bei uns! \ud83d\ude42 &nbsp; Kleiner Disclaimer:\u00a0Aktuell sind wir bei 40+ Kinder im Training und haben auch eine [&hellip;]<\/p>\n","protected":false},"author":1,"featured_media":0,"parent":24,"menu_order":8,"comment_status":"closed","ping_status":"closed","template":"","meta":{"_genesis_hide_title":false,"_genesis_hide_breadcrumbs":false,"_genesis_hide_singular_image":false,"_genesis_hide_footer_widgets":false,"_genesis_custom_body_class":"","_genesis_custom_post_class":"","_genesis_layout":"","footnotes":""},"class_list":["post-52","page","type-page","status-publish","entry"],"publishpress_future_action":{"enabled":false,"date":"2026-04-19 23:54:07","action":"change-status","newStatus":"draft","terms":[],"taxonomy":""},"_links":{"self":[{"href":"https:\/\/www.tsv-oetlingen.de\/fussball\/wp-json\/wp\/v2\/pages\/52","targetHints":{"allow":["GET"]}}],"collection":[{"href":"https:\/\/www.tsv-oetlingen.de\/fussball\/wp-json\/wp\/v2\/pages"}],"about":[{"href":"https:\/\/www.tsv-oetlingen.de\/fussball\/wp-json\/wp\/v2\/types\/page"}],"author":[{"embeddable":true,"href":"https:\/\/www.tsv-oetlingen.de\/fussball\/wp-json\/wp\/v2\/users\/1"}],"replies":[{"embeddable":true,"href":"https:\/\/www.tsv-oetlingen.de\/fussball\/wp-json\/wp\/v2\/comments?post=52"}],"version-history":[{"count":12,"href":"https:\/\/www.tsv-oetlingen.de\/fussball\/wp-json\/wp\/v2\/pages\/52\/revisions"}],"predecessor-version":[{"id":6151,"href":"https:\/\/www.tsv-oetlingen.de\/fussball\/wp-json\/wp\/v2\/pages\/52\/revisions\/6151"}],"up":[{"embeddable":true,"href":"https:\/\/www.tsv-oetlingen.de\/fussball\/wp-json\/wp\/v2\/pages\/24"}],"wp:attachment":[{"href":"https:\/\/www.tsv-oetlingen.de\/fussball\/wp-json\/wp\/v2\/media?parent=52"}],"curies":[{"name":"wp","href":"https:\/\/api.w.org\/{rel}","templated":true}]}}