{"id":14,"date":"2016-11-20T21:22:49","date_gmt":"2016-11-20T20:22:49","guid":{"rendered":"http:\/\/tsv.teckbotenpokal2015.de\/gesamtjugend\/?page_id=14"},"modified":"2023-11-11T14:22:14","modified_gmt":"2023-11-11T13:22:14","slug":"uebersicht","status":"publish","type":"page","link":"https:\/\/www.tsv-oetlingen.de\/gesamtjugend\/","title":{"rendered":"\u00dcbersicht"},"content":{"rendered":"<div id=\"pl-14\"  class=\"panel-layout\" ><div id=\"pg-14-0\"  class=\"panel-grid panel-has-style\" ><div class=\"fullbox siteorigin-panels-stretch panel-row-style panel-row-style-for-14-0\" data-stretch-type=\"full\" ><div id=\"pgc-14-0-0\"  class=\"panel-grid-cell\" ><div id=\"panel-14-0-0-0\" class=\"so-panel widget widget_master-slider-main-widget master-slider-main-widget panel-first-child panel-last-child\" data-index=\"0\" >\n\t\t<!-- MasterSlider -->\n\t\t<div id=\"P_MS69e19933e10a9\" class=\"master-slider-parent headslider  ms-parent-id-2\" style=\"\" >\n\n\t\t\t\n\t\t\t<!-- MasterSlider Main -->\n\t\t\t<div id=\"MS69e19933e10a9\" class=\"master-slider ms-skin-light-3\" >\n\t\t\t\t \t\t\t\t \n\n\t\t\t<div  class=\"ms-slide\" data-delay=\"6\" data-fill-mode=\"fill\"   >\n\n\t\t\t\t\t<img decoding=\"async\"  class=\"ms-layer\" src=\"https:\/\/www.tsv-oetlingen.de\/gesamtjugend\/wp-content\/plugins\/masterslider\/public\/assets\/css\/blank.gif\" data-src=\"https:\/\/www.tsv-oetlingen.de\/gesamtjugend\/wp-content\/uploads\/sites\/2\/2022\/04\/Sportfest-2018-02.jpg\" alt=\"\" style=\"width:1140px;height:450px;\"     data-ease=\"easeOutQuint\"        data-type=\"image\"          data-offset-x=\"0\" data-offset-y=\"0\" data-origin=\"tl\"  \/>\n\n\t\t\t\t\t<div  class=\"ms-layer\" style=\"\"      data-ease=\"easeOutQuint\"                data-offset-x=\"30\" data-offset-y=\"30\" data-origin=\"bl\"   >\n<span style=\"color: #ffffff; font-size: 25px; line-height: 120%;\">willkommen bei der <\/span><br \/><span style=\"color: #ffffff; font-size: 35px; line-height: 120%;\">GESAMTJUGEND.<\/span>12<\/div>\n\n\n\t\t\t\t<\/div>\n\n\t\t\t<\/div>\n\t\t\t<!-- END MasterSlider Main -->\n\n\t\t\t \n\t\t<\/div>\n\t\t<!-- END MasterSlider -->\n\n\t\t<script>\n\t\t( window.MSReady = window.MSReady || [] ).push( function( $ ) {\n\n\t\t\t\"use strict\";\n\t\t\tvar masterslider_10a9 = new MasterSlider();\n\n\t\t\t\/\/ slider controls\n\t\t\t\/\/ slider setup\n\t\t\tmasterslider_10a9.setup(\"MS69e19933e10a9\", {\n\t\t\t\twidth           : 1000,\n\t\t\t\theight          : 450,\n\t\t\t\tminHeight       : 0,\n\t\t\t\tspace           : 0,\n\t\t\t\tstart           : 1,\n\t\t\t\tgrabCursor      : false,\n\t\t\t\tswipe           : false,\n\t\t\t\tmouse           : false,\n\t\t\t\tkeyboard        : false,\n\t\t\t\tlayout          : \"fillwidth\",\n\t\t\t\twheel           : false,\n\t\t\t\tautoplay        : false,\n                instantStartLayers:false,\n\t\t\t\tmobileBGVideo:false,\n\t\t\t\tloop            : false,\n\t\t\t\tshuffle         : false,\n\t\t\t\tpreload         : 2,\n\t\t\t\theightLimit     : true,\n\t\t\t\tautoHeight      : false,\n\t\t\t\tsmoothHeight    : true,\n\t\t\t\tendPause        : false,\n\t\t\t\toverPause       : false,\n\t\t\t\tfillMode        : \"fill\",\n\t\t\t\tcenterControls  : false,\n\t\t\t\tstartOnAppear   : false,\n\t\t\t\tlayersMode      : \"center\",\n\t\t\t\tautofillTarget  : \"\",\n\t\t\t\thideLayers      : false,\n\t\t\t\tfullscreenMargin: 0,\n\t\t\t\tspeed           : 20,\n\t\t\t\tdir             : \"h\",\n\t\t\t\tresponsive      : true,\n\t\t\t\ttabletWidth     : 768,\n\t\t\t\ttabletHeight    : null,\n\t\t\t\tphoneWidth      : 480,\n\t\t\t\tphoneHeight    : null,\n\t\t\t\tsizingReference : window,\n\t\t\t\tparallaxMode    : 'swipe',\n\t\t\t\tview            : \"basic\"\n\t\t\t});\n\n\t\t\t\t\t\tMSScrollParallax.setup( masterslider_10a9, 30, 50, true );\n\t\t\twindow.masterslider_instances = window.masterslider_instances || [];\n\t\t\twindow.masterslider_instances.push( masterslider_10a9 );\n\t\t});\n\t\t<\/script>\n\n<\/div><\/div><\/div><\/div><div id=\"pg-14-1\"  class=\"panel-grid panel-no-style\" ><div id=\"pgc-14-1-0\"  class=\"panel-grid-cell\" ><div id=\"panel-14-1-0-0\" class=\"so-panel widget widget_text panel-first-child panel-last-child\" data-index=\"1\" ><div class=\"panel-widget-style panel-widget-style-for-14-1-0-0\" >\t\t\t<div class=\"textwidget\"><p>Die Gesamtjugend bietet Freizeitveranstaltungen, Infoveranstaltungen<br \/>\nund vieles mehr f\u00fcr alle Vereinsmitglieder an.<\/p>\n<\/div>\n\t\t<\/div><\/div><\/div><\/div><div id=\"pg-14-2\"  class=\"panel-grid panel-no-style\" ><div id=\"pgc-14-2-0\"  class=\"panel-grid-cell\" ><div id=\"panel-14-2-0-0\" class=\"so-panel widget widget_master-slider-main-widget master-slider-main-widget panel-first-child panel-last-child\" data-index=\"2\" >\n\t\t<!-- MasterSlider -->\n\t\t<div id=\"P_MS69e1993401ded\" class=\"master-slider-parent post-v-tab-thumb ms-tabs-template ms-parent-id-1\" style=\"max-width:1100px;\" >\n\n\t\t\t\n\t\t\t<!-- MasterSlider Main -->\n\t\t\t<div id=\"MS69e1993401ded\" class=\"master-slider ms-skin-default\" >\n\t\t\t\t \t\t\t\t \n\t\t\t<div  class=\"ms-slide  ms-slide-post-2878\" data-delay=\"10\" data-fill-mode=\"fill\"   >\n\t\t\t\t\t<img decoding=\"async\" src=\"https:\/\/www.tsv-oetlingen.de\/gesamtjugend\/wp-content\/plugins\/masterslider\/public\/assets\/css\/blank.gif\" alt=\"Schutzkonzept ab 2019\" title=\"Schutzkonzept ab 2019\" data-src=\"https:\/\/www.tsv-oetlingen.de\/gesamtjugend\/wp-content\/uploads\/sites\/2\/2019\/09\/fertig-2.jpg\" \/>\n\n\t\t\t\t\t<div  class=\"ms-layer  msp-cn-1-6\" style=\"\"   data-effect=\"t(true,n,100,n,n,n,n,n,n,n,n,n,n,n,n)\" data-duration=\"1500\"  data-ease=\"easeOutQuint\"                data-offset-x=\"0\" data-offset-y=\"0\" data-origin=\"bl\"   >\nSchutzkonzept ab 2019<\/div>\n\n\t\t\t\t\t<a  href=\"https:\/\/www.tsv-oetlingen.de\/gesamtjugend\/2019\/04\/10\/schutzkonzept\/\" target=\"_self\" class=\"ms-layer btn btn-default msp-cn-1-7 ms-btn ms-btn-box ms-btn-n msp-preset-btn-184\" data-effect=\"t(true,n,n,n,n,n,n,n,0.97,0.97,n,n,n,n,n)\" data-duration=\"1200\" data-delay=\"800\" data-ease=\"easeOutQuint\"        data-type=\"button\"        data-offset-x=\"37\" data-offset-y=\"22\" data-origin=\"br\"     >\nWeiterlesen<\/a>\n\n\t\t\t\t\t<div  class=\"ms-layer  msp-cn-1-8\" style=\"\"   data-effect=\"t(true,n,100,n,n,n,n,n,n,n,n,n,n,n,n)\" data-duration=\"1500\"  data-ease=\"easeOutQuint\"                data-offset-x=\"31\" data-offset-y=\"419\" data-origin=\"tl\"   >\nAllgemein \/ Berichte \/ Gesamtjugend \/ Gesamtjugend \/ Nachrichten - 10. April2019<\/div>\n\n\n\t<div class=\"ms-thumb\" ><img decoding=\"async\" class=\"ms-tab-thumb\" src=\"https:\/\/www.tsv-oetlingen.de\/gesamtjugend\/wp-content\/uploads\/sites\/2\/2019\/09\/fertig-2-76x54.jpg\" alt=\"Schutzkonzept ab 2019\" \/>\n<div class=\"ms-tab-context\">Schutzkonzept ab 2019<\/div>\n<\/div>\n\t\t\t\t<\/div>\n\n\t\t\t<\/div>\n\t\t\t<!-- END MasterSlider Main -->\n\n\t\t\t \n\t\t<\/div>\n\t\t<!-- END MasterSlider -->\n\n\t\t<script>\n\t\t( window.MSReady = window.MSReady || [] ).push( function( $ ) {\n\n\t\t\t\"use strict\";\n\t\t\tvar masterslider_1ded = new MasterSlider();\n\n\t\t\t\/\/ slider controls\n\t\t\tmasterslider_1ded.control('arrows'     ,{ autohide:false, overVideo:true  });\n\t\t\tmasterslider_1ded.control('thumblist'  ,{ autohide:false, overVideo:true, dir:'v', speed:17, inset:false, arrows:false, hover:true, customClass:'ms-has-thumb', align:'right',type:'tabs', margin:-12, width:280, height:76, space:0, fillMode:'fill' , hideUnder:700 });\n\t\t\tmasterslider_1ded.control('circletimer',{ autohide:false, overVideo:true, color:'#FFFFFF', radius:4, stroke:9   });\n\t\t\t\/\/ slider setup\n\t\t\tmasterslider_1ded.setup(\"MS69e1993401ded\", {\n\t\t\t\twidth           : 844,\n\t\t\t\theight          : 500,\n\t\t\t\tminHeight       : 0,\n\t\t\t\tspace           : 0,\n\t\t\t\tstart           : 1,\n\t\t\t\tgrabCursor      : true,\n\t\t\t\tswipe           : true,\n\t\t\t\tmouse           : true,\n\t\t\t\tkeyboard        : false,\n\t\t\t\tlayout          : \"boxed\",\n\t\t\t\twheel           : false,\n\t\t\t\tautoplay        : false,\n                instantStartLayers:true,\n\t\t\t\tmobileBGVideo:false,\n\t\t\t\tloop            : true,\n\t\t\t\tshuffle         : false,\n\t\t\t\tpreload         : 0,\n\t\t\t\theightLimit     : true,\n\t\t\t\tautoHeight      : false,\n\t\t\t\tsmoothHeight    : true,\n\t\t\t\tendPause        : false,\n\t\t\t\toverPause       : true,\n\t\t\t\tfillMode        : \"fill\",\n\t\t\t\tcenterControls  : true,\n\t\t\t\tstartOnAppear   : false,\n\t\t\t\tlayersMode      : \"center\",\n\t\t\t\tautofillTarget  : \"\",\n\t\t\t\thideLayers      : false,\n\t\t\t\tfullscreenMargin: 0,\n\t\t\t\tspeed           : 15,\n\t\t\t\tdir             : \"h\",\n\t\t\t\tresponsive      : true,\n\t\t\t\ttabletWidth     : 768,\n\t\t\t\ttabletHeight    : null,\n\t\t\t\tphoneWidth      : 480,\n\t\t\t\tphoneHeight    : null,\n\t\t\t\tsizingReference : window,\n\t\t\t\tparallaxMode    : 'swipe',\n\t\t\t\tview            : \"fadeBasic\"\n\t\t\t});\n\n\t\t\t\n\t\t\twindow.masterslider_instances = window.masterslider_instances || [];\n\t\t\twindow.masterslider_instances.push( masterslider_1ded );\n\t\t});\n\t\t<\/script>\n\n<\/div><\/div><div id=\"pgc-14-2-1\"  class=\"panel-grid-cell\" ><div id=\"panel-14-2-1-0\" class=\"so-panel widget widget_pt_tabs pt-widget-tabs panel-first-child panel-last-child\" data-index=\"3\" >\t\t\t<div class=\"pt-tabs\">\n\t\t\t\t\n\t\t\t\t\t\t\t\t\t<ul class=\"pt-tabs__navigation  nav  nav-tabs\" role=\"tablist\">\n\t\t\t\t\t\t\t\t\t\t\t\t\t<li class=\"nav-item\">\n\t\t\t\t\t\t\t\t<a class=\"nav-link  active\" data-toggle=\"tab\" href=\"#tab-termine\" role=\"tab\">Termine<\/a>\n\t\t\t\t\t\t\t<\/li>\n\t\t\t\t\t\t\t\t\t\t\t\t\t<li class=\"nav-item\">\n\t\t\t\t\t\t\t\t<a class=\"nav-link\" data-toggle=\"tab\" href=\"#tab-berichte\" role=\"tab\">Berichte<\/a>\n\t\t\t\t\t\t\t<\/li>\n\t\t\t\t\t\t\t\t\t\t\t<\/ul>\n\n\t\t\t\t\t<div class=\"pt-tabs__content  tab-content\">\n\t\t\t\t\t\t\t\t\t\t\t<div class=\"tab-pane  fade  in  active\" id=\"tab-termine\" role=\"tabpanel\">\n\t\t\t\t\t\t\t<div id=\"pl-w654f800653bcd\"  class=\"panel-layout\" ><div id=\"pg-w654f800653bcd-0\"  class=\"panel-grid panel-has-style\" ><div class=\"panel-row-style panel-row-style-for-w654f800653bcd-0\" ><div id=\"pgc-w654f800653bcd-0-0\"  class=\"panel-grid-cell\" ><div  class=\"tribe-compatibility-container tribe-theme-genesis\" >\n\t<div\n\t\t class=\"tribe-common tribe-events tribe-events-view tribe-events-view--widget-events-list tribe-events-widget\" \t\tdata-js=\"tribe-events-view\"\n\t\tdata-view-rest-url=\"https:\/\/www.tsv-oetlingen.de\/gesamtjugend\/wp-json\/tribe\/views\/v2\/html\"\n\t\tdata-view-manage-url=\"1\"\n\t\t\t\t\t\t\tdata-view-breakpoint-pointer=\"acf4a7d6-ca6a-416a-81b9-f0e16bddf6e9\"\n\t\t\t>\n\t\t<div class=\"tribe-events-widget-events-list\">\n\n\t\t\t\n\t\t\t<script data-js=\"tribe-events-view-data\" type=\"application\/json\">\n\t{\"slug\":\"widget-events-list\",\"prev_url\":\"\",\"next_url\":\"\",\"view_class\":\"Tribe\\\\Events\\\\Views\\\\V2\\\\Views\\\\Widgets\\\\Widget_List_View\",\"view_slug\":\"widget-events-list\",\"view_label\":\"View\",\"view\":null,\"should_manage_url\":true,\"id\":null,\"alias-slugs\":null,\"title\":\"Anstehende Veranstaltungen\",\"limit\":\"5\",\"no_upcoming_events\":false,\"featured_events_only\":false,\"jsonld_enable\":true,\"tribe_is_list_widget\":true,\"admin_fields\":{\"title\":{\"label\":\"Titel:\",\"type\":\"text\",\"classes\":\"\",\"dependency\":\"\",\"id\":\"widget-tribe-widget-events-list-1-title\",\"name\":\"widget-tribe-widget-events-list[1][title]\",\"options\":[],\"placeholder\":\"\",\"value\":null},\"limit\":{\"label\":\"Anzeige:\",\"type\":\"number\",\"default\":5,\"min\":1,\"max\":10,\"step\":1,\"classes\":\"\",\"dependency\":\"\",\"id\":\"widget-tribe-widget-events-list-1-limit\",\"name\":\"widget-tribe-widget-events-list[1][limit]\",\"options\":[],\"placeholder\":\"\",\"value\":null},\"no_upcoming_events\":{\"label\":\"Blende dieses Widget aus, wenn es keine bevorstehenden Veranstaltungen gibt.\",\"type\":\"checkbox\",\"classes\":\"\",\"dependency\":\"\",\"id\":\"widget-tribe-widget-events-list-1-no_upcoming_events\",\"name\":\"widget-tribe-widget-events-list[1][no_upcoming_events]\",\"options\":[],\"placeholder\":\"\",\"value\":null},\"featured_events_only\":{\"label\":\"Nur auf hervorgehobene Veranstaltungen beschr\\u00e4nken\",\"type\":\"checkbox\",\"classes\":\"\",\"dependency\":\"\",\"id\":\"widget-tribe-widget-events-list-1-featured_events_only\",\"name\":\"widget-tribe-widget-events-list[1][featured_events_only]\",\"options\":[],\"placeholder\":\"\",\"value\":null},\"jsonld_enable\":{\"label\":\"JSON-LD-Daten generieren\",\"type\":\"checkbox\",\"classes\":\"\",\"dependency\":\"\",\"id\":\"widget-tribe-widget-events-list-1-jsonld_enable\",\"name\":\"widget-tribe-widget-events-list[1][jsonld_enable]\",\"options\":[],\"placeholder\":\"\",\"value\":null}},\"panels_info\":{\"class\":\"Tribe\\\\Events\\\\Views\\\\V2\\\\Widgets\\\\Widget_List\",\"raw\":true,\"grid\":0,\"cell\":0,\"id\":0,\"widget_id\":\"f0e99a1c-38e4-4bc1-b584-129d06038ad8\",\"style\":{\"id\":\"\",\"class\":\"\",\"widget_css\":\"\",\"mobile_css\":\"\",\"margin\":\"\",\"padding\":\"\",\"mobile_margin\":\"\",\"mobile_padding\":\"\",\"background\":\"\",\"background_image_attachment\":\"0\",\"background_image_attachment_fallback\":\"\",\"background_display\":\"tile\",\"background_image_size\":\"full\",\"border_color\":\"\",\"border_thickness\":\"1px\",\"border_radius\":\"\",\"font_color\":\"\",\"link_color\":\"\",\"link_color_hover\":\"\",\"box_shadow_color\":\"rgba(0,0,0,0.15)\",\"box_shadow_offset_horizontal\":\"0\",\"box_shadow_offset_vertical\":\"5px\",\"box_shadow_blur\":\"15px\",\"box_shadow_spread\":\"\",\"box_shadow_hover_color\":\"rgba(0,0,0,0.30)\",\"box_shadow_hover_offset_horizontal\":\"0\",\"box_shadow_hover_offset_vertical\":\"5px\",\"box_shadow_hover_blur\":\"15px\",\"box_shadow_hover_spread\":\"\"},\"cell_index\":0,\"widget_index\":0},\"events\":[],\"url\":\"https:\\\/\\\/www.tsv-oetlingen.de\\\/gesamtjugend\\\/?post_type=tribe_events&eventDisplay=widget-events-list\",\"url_event_date\":false,\"bar\":{\"keyword\":\"\",\"date\":\"\"},\"today\":\"2026-04-17 00:00:00\",\"now\":\"2026-04-17 04:21:40\",\"rest_url\":\"https:\\\/\\\/www.tsv-oetlingen.de\\\/gesamtjugend\\\/wp-json\\\/tribe\\\/views\\\/v2\\\/html\",\"rest_method\":\"POST\",\"rest_nonce\":\"\",\"today_url\":\"https:\\\/\\\/www.tsv-oetlingen.de\\\/gesamtjugend\\\/?post_type=tribe_events&eventDisplay=widget-events-list&rest_route=%2Fwp%2Fv2%2Fpages%2F14\",\"today_title\":\"Klicke, um das heutige Datum auszuw\\u00e4hlen\",\"today_label\":\"Heute\",\"prev_label\":\"\",\"next_label\":\"\",\"date_formats\":{\"compact\":\"n\\\/j\\\/Y\",\"month_and_year_compact\":\"n\\\/Y\",\"month_and_year\":\"F Y\",\"time_range_separator\":\" - \",\"date_time_separator\":\" @ \"},\"messages\":{\"notice\":[\"Es sind keine anstehenden Veranstaltungen vorhanden.\"]},\"start_of_week\":\"1\",\"header_title\":\"\",\"header_title_element\":\"h1\",\"content_title\":\"\",\"breadcrumbs\":[],\"before_events\":\"\",\"after_events\":\"\\n<!--\\nThis calendar is powered by The Events Calendar.\\nhttp:\\\/\\\/evnt.is\\\/18wn\\n-->\\n\",\"display_events_bar\":false,\"disable_event_search\":false,\"live_refresh\":true,\"ical\":{\"display_link\":true,\"link\":{\"url\":\"https:\\\/\\\/www.tsv-oetlingen.de\\\/gesamtjugend\\\/?post_type=tribe_events&#038;eventDisplay=widget-events-list&#038;ical=1\",\"text\":\"Veranstaltungen als iCal exportieren\",\"title\":\"Diese Funktion verwenden, um Kalenderdaten mit Google Kalender, Apple iCal und kompatiblen Apps zu teilen\"}},\"container_classes\":[\"tribe-common\",\"tribe-events\",\"tribe-events-view\",\"tribe-events-view--widget-events-list\",\"tribe-events-widget\"],\"container_data\":[],\"is_past\":false,\"breakpoints\":{\"xsmall\":500,\"medium\":768,\"full\":960},\"breakpoint_pointer\":\"acf4a7d6-ca6a-416a-81b9-f0e16bddf6e9\",\"is_initial_load\":false,\"public_views\":{\"list\":{\"view_class\":\"Tribe\\\\Events\\\\Views\\\\V2\\\\Views\\\\List_View\",\"view_url\":\"https:\\\/\\\/www.tsv-oetlingen.de\\\/gesamtjugend\\\/termine\\\/liste\\\/\",\"view_label\":\"Liste\"},\"month\":{\"view_class\":\"Tribe\\\\Events\\\\Views\\\\V2\\\\Views\\\\Month_View\",\"view_url\":\"https:\\\/\\\/www.tsv-oetlingen.de\\\/gesamtjugend\\\/termine\\\/monat\\\/\",\"view_label\":\"Monat\"},\"day\":{\"view_class\":\"Tribe\\\\Events\\\\Views\\\\V2\\\\Views\\\\Day_View\",\"view_url\":\"https:\\\/\\\/www.tsv-oetlingen.de\\\/gesamtjugend\\\/termine\\\/heute\\\/\",\"view_label\":\"Tag\"}},\"show_latest_past\":false,\"compatibility_classes\":[\"tribe-compatibility-container\",\"tribe-theme-genesis\"],\"view_more_text\":\"Kalender anzeigen\",\"view_more_title\":\"Weitere Veranstaltungen anzeigen.\",\"view_more_link\":\"https:\\\/\\\/www.tsv-oetlingen.de\\\/gesamtjugend\\\/termine\\\/\",\"widget_title\":\"\",\"hide_if_no_upcoming_events\":false,\"display\":[],\"subscribe_links\":{\"gcal\":{\"block_slug\":\"hasGoogleCalendar\",\"label\":\"Google Kalender\",\"single_label\":\"Zu Google Kalender hinzuf\\u00fcgen\",\"visible\":true},\"ical\":{\"block_slug\":\"hasiCal\",\"label\":\"iCalendar\",\"single_label\":\"Zu iCalendar hinzuf\\u00fcgen\",\"visible\":true},\"outlook-365\":{\"block_slug\":\"hasOutlook365\",\"label\":\"Outlook 365\",\"single_label\":\"Outlook 365\",\"visible\":true},\"outlook-live\":{\"block_slug\":\"hasOutlookLive\",\"label\":\"Outlook Live\",\"single_label\":\"Outlook Live\",\"visible\":true},\"ics\":{\"label\":\".ics-Datei exportieren\",\"single_label\":\".ics-Datei exportieren\",\"visible\":true,\"block_slug\":null},\"outlook-ics\":{\"label\":\"Exportiere Outlook .ics Datei\",\"single_label\":\"Exportiere Outlook .ics Datei\",\"visible\":true,\"block_slug\":null}},\"_context\":{\"slug\":\"widget-events-list\"}}<\/script>\n\n\t\t\t\n\t\t\t\n\t\t\t\t<div  class=\"tribe-events-header__messages tribe-events-c-messages tribe-common-b2\"  >\n\t\t\t<div class=\"tribe-events-c-messages__message tribe-events-c-messages__message--notice\" role=\"alert\">\n\t\t\t<svg  class=\"tribe-common-c-svgicon tribe-common-c-svgicon--messages-not-found tribe-events-c-messages__message-icon-svg\"  viewBox=\"0 0 21 23\" xmlns=\"http:\/\/www.w3.org\/2000\/svg\"><g fill-rule=\"evenodd\"><path d=\"M.5 2.5h20v20H.5z\"\/><path stroke-linecap=\"round\" d=\"M7.583 11.583l5.834 5.834m0-5.834l-5.834 5.834\" class=\"tribe-common-c-svgicon__svg-stroke\"\/><path stroke-linecap=\"round\" d=\"M4.5.5v4m12-4v4\"\/><path stroke-linecap=\"square\" d=\"M.5 7.5h20\"\/><\/g><\/svg>\n\t\t\t<ul class=\"tribe-events-c-messages__message-list\">\n\t\t\t\t\t\t\t\t\t<li\n\t\t\t\t\t\tclass=\"tribe-events-c-messages__message-list-item\"\n\t\t\t\t\t\t data-key=\"0\" \t\t\t\t\t>\n\t\t\t\t\tEs sind keine anstehenden Veranstaltungen vorhanden.\t\t\t\t\t<\/li>\n\t\t\t\t\t\t\t<\/ul>\n\t\t<\/div>\n\t<\/div>\n\n\t\t\t\t\t<\/div>\n\t<\/div>\n<\/div>\n<script data-js='tribe-events-view-nonce-data' type='application\/json'>{\"_tec_view_rest_nonce_primary\":\"4fac4b2c0c\",\"_tec_view_rest_nonce_secondary\":\"\"}<\/script><\/div><\/div><\/div><\/div>\t\t\t\t\t\t<\/div>\n\t\t\t\t\t\t\t\t\t\t\t<div class=\"tab-pane  fade\" id=\"tab-berichte\" role=\"tabpanel\">\n\t\t\t\t\t\t\t<div id=\"pl-w654f800653bd0\"  class=\"panel-layout\" ><div id=\"pg-w654f800653bd0-0\"  class=\"panel-grid panel-no-style\" ><div id=\"pgc-w654f800653bd0-0-0\"  class=\"panel-grid-cell\" ><div id=\"panel-w654f800653bd0-0-0-0\" class=\"so-panel widget widget_tsvoetlingen-sidebar-slider panel-first-child panel-last-child\" data-index=\"0\" ><div class=\"sw-news1 panel-widget-style panel-widget-style-for-w654f800653bd0-0-0-0\" ><div\n\t\t\t\n\t\t\tclass=\"so-widget-tsvoetlingen-sidebar-slider so-widget-tsvoetlingen-sidebar-slider-base\"\n\t\t\t\n\t\t>\n<\/div><\/div><\/div><\/div><\/div><\/div>\t\t\t\t\t\t<\/div>\n\t\t\t\t\t\t\t\t\t\t<\/div>\n\t\t\t\t\t\t\t<\/div>\n\n\t\t\t<\/div><\/div><\/div><div id=\"pg-14-3\"  class=\"panel-grid panel-no-style\" ><div id=\"pgc-14-3-0\"  class=\"panel-grid-cell\" ><div id=\"panel-14-3-0-0\" class=\"so-panel widget widget_sow-editor panel-first-child panel-last-child\" data-index=\"4\" ><div\n\t\t\t\n\t\t\tclass=\"so-widget-sow-editor so-widget-sow-editor-base\"\n\t\t\t\n\t\t><h3 class=\"widget-title\">Berichte und Bildergalerien<\/h3>\n<div class=\"siteorigin-widget-tinymce textwidget\">\n\t<div class=\"pt-cv-wrapper\">\n<div class=\"pt-cv-view pt-cv-pinterest pt-cv-colsys pt-cv-shadow pt-cv-bb pt-cv-left pt-cv-sharp-buttons\" id=\"pt-cv-view-9aa2032iyn\">\n<div data-id=\"pt-cv-page-1\" class=\"pt-cv-page\" data-cvc=\"4\">\n<div class=\"col-md-3 col-sm-6 col-xs-12 pt-cv-content-item pt-cv-1-col\"  data-pid=\"2878\">\n<div class='pt-cv-pinmas'><a href=\"https:\/\/www.tsv-oetlingen.de\/gesamtjugend\/2019\/04\/10\/schutzkonzept\/\" class=\"_self pt-cv-href-thumbnail pt-cv-thumb-default cvplbd\" target=\"_self\" ><img loading=\"lazy\" decoding=\"async\" width=\"300\" height=\"212\" src=\"https:\/\/www.tsv-oetlingen.de\/gesamtjugend\/wp-content\/uploads\/sites\/2\/2019\/09\/fertig-2-300x212.jpg\" class=\"pt-cv-thumbnail img-none\" alt=\"\" srcset=\"https:\/\/www.tsv-oetlingen.de\/gesamtjugend\/wp-content\/uploads\/sites\/2\/2019\/09\/fertig-2-300x212.jpg 300w, https:\/\/www.tsv-oetlingen.de\/gesamtjugend\/wp-content\/uploads\/sites\/2\/2019\/09\/fertig-2.jpg 709w\" sizes=\"auto, (max-width: 300px) 100vw, 300px\" \/><\/a><\/p>\n<h4 class=\"pt-cv-title\"><a href=\"https:\/\/www.tsv-oetlingen.de\/gesamtjugend\/2019\/04\/10\/schutzkonzept\/\" class=\"_self cvplbd\" target=\"_self\" >Schutzkonzept ab 2019<\/a><\/h4>\n<div class=\"pt-cv-meta-fields\"><span class=\"entry-date\"><span class=\"glyphicon glyphicon-calendar\"><\/span> <time datetime=\"2019-04-10T12:00:44+02:00\">10. April 2019<\/time><\/span><span class=\"terms\"><span class=\"glyphicon glyphicon-folder-open\"><\/span> <a href='https:\/\/www.tsv-oetlingen.de\/gesamtjugend\/category\/allgemein\/' title='Allgemein' class='pt-cv-tax-allgemein'>Allgemein<\/a>, <a href='https:\/\/www.tsv-oetlingen.de\/gesamtjugend\/category\/berichte\/' title='Berichte' class='pt-cv-tax-berichte'>Berichte<\/a>, <a href='https:\/\/www.tsv-oetlingen.de\/gesamtjugend\/category\/nachrichten\/gesamtjugend\/' title='Gesamtjugend' class='pt-cv-tax-gesamtjugend'>Gesamtjugend<\/a>, <a href='https:\/\/www.tsv-oetlingen.de\/gesamtjugend\/category\/berichte\/gesamtjugend-berichte\/' title='Gesamtjugend' class='pt-cv-tax-gesamtjugend-berichte'>Gesamtjugend<\/a>, <a href='https:\/\/www.tsv-oetlingen.de\/gesamtjugend\/category\/nachrichten\/' title='Nachrichten' class='pt-cv-tax-nachrichten'>Nachrichten<\/a><\/span><\/div>\n<div class=\"pt-cv-content\">Das Schutzkonzept des TSV \u00d6tlingen steht ab sofort im folgenden Download zur Verf\u00fcgung. Schutzkonzept-TSV\u00d6-07.05.2019-1.pdf Schutzkonzept-TSV\u00d6-07.05.2019-1.pdf Dateigr\u00f6\u00dfe: 35,92 KB Datei herunterladen ...<\/p>\n<div class=\"pt-cv-rmwrap\"><a href=\"https:\/\/www.tsv-oetlingen.de\/gesamtjugend\/2019\/04\/10\/schutzkonzept\/\" class=\"_self pt-cv-readmore btn btn-primary cvplbd\" target=\"_self\">Weiterlesen \u2026<\/a><\/div>\n<\/div>\n<\/div>\n<\/div>\n<\/div>\n<\/div>\n<\/div>\n<style type=\"text\/css\" id=\"pt-cv-inline-style-964b9c1b80\">#pt-cv-view-9aa2032iyn  .pt-cv-content-item:hover .pt-cv-hover-wrapper::before   { background: rgba(51,51,51,.6) !important; }\n#pt-cv-view-9aa2032iyn:not(.pt-cv-nohover) .pt-cv-mask *   { color: #fff !important; }\n#pt-cv-view-9aa2032iyn .pt-cv-carousel-caption  { background: rgba(51,51,51,.6) !important; }\n#pt-cv-view-9aa2032iyn .pt-cv-specialp * { font-weight: 600 !important; color: #fff !important; background: #CC3333 !important; }\n#pt-cv-view-9aa2032iyn .pt-cv-pficon  { color: #bbb !important; }\n#pt-cv-view-9aa2032iyn  .add_to_cart_button, #pt-cv-view-9aa2032iyn  .add_to_cart_button *   { color: #ffffff !important; background: #00aeef !important; }\n#pt-cv-view-9aa2032iyn  .woocommerce-onsale   { color: #ffffff !important; background: #ff5a5f !important; }\n#pt-cv-view-9aa2032iyn .pt-cv-readmore  { color: #ffffff !important; }\n#pt-cv-view-9aa2032iyn  + .pt-cv-pagination-wrapper .pt-cv-more , #pt-cv-view-9aa2032iyn  + .pt-cv-pagination-wrapper .pagination .active a { color: #ffffff !important; background: #00aeef !important; }\n#pt-cv-view-9aa2032iyn .pt-cv-gls-header  { background: #00aeef !important; }\n#pt-cv-view-9aa2032iyn { text-align: left; }<\/style><\/p>\n<\/div>\n<\/div><\/div><\/div><\/div><\/div>","protected":false},"excerpt":{"rendered":"<p>Die Gesamtjugend bietet Freizeitveranstaltungen, Infoveranstaltungen und vieles mehr f\u00fcr alle Vereinsmitglieder an. Berichte und Bildergalerien<\/p>\n","protected":false},"author":1,"featured_media":0,"parent":0,"menu_order":0,"comment_status":"closed","ping_status":"closed","template":"","meta":{"_genesis_hide_title":false,"_genesis_hide_breadcrumbs":false,"_genesis_hide_singular_image":false,"_genesis_hide_footer_widgets":false,"_genesis_custom_body_class":"","_genesis_custom_post_class":"","_genesis_layout":"","footnotes":""},"class_list":["post-14","page","type-page","status-publish","entry"],"_links":{"self":[{"href":"https:\/\/www.tsv-oetlingen.de\/gesamtjugend\/wp-json\/wp\/v2\/pages\/14","targetHints":{"allow":["GET"]}}],"collection":[{"href":"https:\/\/www.tsv-oetlingen.de\/gesamtjugend\/wp-json\/wp\/v2\/pages"}],"about":[{"href":"https:\/\/www.tsv-oetlingen.de\/gesamtjugend\/wp-json\/wp\/v2\/types\/page"}],"author":[{"embeddable":true,"href":"https:\/\/www.tsv-oetlingen.de\/gesamtjugend\/wp-json\/wp\/v2\/users\/1"}],"replies":[{"embeddable":true,"href":"https:\/\/www.tsv-oetlingen.de\/gesamtjugend\/wp-json\/wp\/v2\/comments?post=14"}],"version-history":[{"count":13,"href":"https:\/\/www.tsv-oetlingen.de\/gesamtjugend\/wp-json\/wp\/v2\/pages\/14\/revisions"}],"predecessor-version":[{"id":3896,"href":"https:\/\/www.tsv-oetlingen.de\/gesamtjugend\/wp-json\/wp\/v2\/pages\/14\/revisions\/3896"}],"wp:attachment":[{"href":"https:\/\/www.tsv-oetlingen.de\/gesamtjugend\/wp-json\/wp\/v2\/media?parent=14"}],"curies":[{"name":"wp","href":"https:\/\/api.w.org\/{rel}","templated":true}]}}