{"id":16,"date":"2016-11-20T21:24:08","date_gmt":"2016-11-20T20:24:08","guid":{"rendered":"http:\/\/tsv.teckbotenpokal2015.de\/gesamtjugend\/?page_id=16"},"modified":"2016-11-20T21:24:08","modified_gmt":"2016-11-20T20:24:08","slug":"nachrichten","status":"publish","type":"page","link":"https:\/\/www.tsv-oetlingen.de\/gesamtjugend\/nachrichten\/","title":{"rendered":"Nachrichten"},"content":{"rendered":"<div id=\"pl-16\"  class=\"panel-layout\" ><div id=\"pg-16-0\"  class=\"panel-grid panel-no-style\" ><div id=\"pgc-16-0-0\"  class=\"panel-grid-cell\" ><div id=\"panel-16-0-0-0\" class=\"so-panel widget widget_master-slider-main-widget master-slider-main-widget panel-first-child panel-last-child\" data-index=\"0\" >\n\t\t<!-- MasterSlider -->\n\t\t<div id=\"P_MS69d378cadaaf3\" class=\"master-slider-parent post-v-tab-thumb ms-tabs-template ms-parent-id-1\" style=\"max-width:1100px;\" >\n\n\t\t\t\n\t\t\t<!-- MasterSlider Main -->\n\t\t\t<div id=\"MS69d378cadaaf3\" class=\"master-slider ms-skin-default\" >\n\t\t\t\t \t\t\t\t \n\t\t\t<div  class=\"ms-slide  ms-slide-post-2878\" data-delay=\"10\" data-fill-mode=\"fill\"   >\n\t\t\t\t\t<img decoding=\"async\" src=\"https:\/\/www.tsv-oetlingen.de\/gesamtjugend\/wp-content\/plugins\/masterslider\/public\/assets\/css\/blank.gif\" alt=\"Schutzkonzept ab 2019\" title=\"Schutzkonzept ab 2019\" data-src=\"https:\/\/www.tsv-oetlingen.de\/gesamtjugend\/wp-content\/uploads\/sites\/2\/2019\/09\/fertig-2.jpg\" \/>\n\n\t\t\t\t\t<div  class=\"ms-layer  msp-cn-1-6\" style=\"\"   data-effect=\"t(true,n,100,n,n,n,n,n,n,n,n,n,n,n,n)\" data-duration=\"1500\"  data-ease=\"easeOutQuint\"                data-offset-x=\"0\" data-offset-y=\"0\" data-origin=\"bl\"   >\nSchutzkonzept ab 2019<\/div>\n\n\t\t\t\t\t<a  href=\"https:\/\/www.tsv-oetlingen.de\/gesamtjugend\/2019\/04\/10\/schutzkonzept\/\" target=\"_self\" class=\"ms-layer btn btn-default msp-cn-1-7 ms-btn ms-btn-box ms-btn-n msp-preset-btn-184\" data-effect=\"t(true,n,n,n,n,n,n,n,0.97,0.97,n,n,n,n,n)\" data-duration=\"1200\" data-delay=\"800\" data-ease=\"easeOutQuint\"        data-type=\"button\"        data-offset-x=\"37\" data-offset-y=\"22\" data-origin=\"br\"     >\nWeiterlesen<\/a>\n\n\t\t\t\t\t<div  class=\"ms-layer  msp-cn-1-8\" style=\"\"   data-effect=\"t(true,n,100,n,n,n,n,n,n,n,n,n,n,n,n)\" data-duration=\"1500\"  data-ease=\"easeOutQuint\"                data-offset-x=\"31\" data-offset-y=\"419\" data-origin=\"tl\"   >\nAllgemein \/ Berichte \/ Gesamtjugend \/ Gesamtjugend \/ Nachrichten - 10. April2019<\/div>\n\n\n\t<div class=\"ms-thumb\" ><img decoding=\"async\" class=\"ms-tab-thumb\" src=\"https:\/\/www.tsv-oetlingen.de\/gesamtjugend\/wp-content\/uploads\/sites\/2\/2019\/09\/fertig-2-76x54.jpg\" alt=\"Schutzkonzept ab 2019\" \/>\n<div class=\"ms-tab-context\">Schutzkonzept ab 2019<\/div>\n<\/div>\n\t\t\t\t<\/div>\n\n\t\t\t<\/div>\n\t\t\t<!-- END MasterSlider Main -->\n\n\t\t\t \n\t\t<\/div>\n\t\t<!-- END MasterSlider -->\n\n\t\t<script>\n\t\t( window.MSReady = window.MSReady || [] ).push( function( $ ) {\n\n\t\t\t\"use strict\";\n\t\t\tvar masterslider_aaf3 = new MasterSlider();\n\n\t\t\t\/\/ slider controls\n\t\t\tmasterslider_aaf3.control('arrows'     ,{ autohide:false, overVideo:true  });\n\t\t\tmasterslider_aaf3.control('thumblist'  ,{ autohide:false, overVideo:true, dir:'v', speed:17, inset:false, arrows:false, hover:true, customClass:'ms-has-thumb', align:'right',type:'tabs', margin:-12, width:280, height:76, space:0, fillMode:'fill' , hideUnder:700 });\n\t\t\tmasterslider_aaf3.control('circletimer',{ autohide:false, overVideo:true, color:'#FFFFFF', radius:4, stroke:9   });\n\t\t\t\/\/ slider setup\n\t\t\tmasterslider_aaf3.setup(\"MS69d378cadaaf3\", {\n\t\t\t\twidth           : 844,\n\t\t\t\theight          : 500,\n\t\t\t\tminHeight       : 0,\n\t\t\t\tspace           : 0,\n\t\t\t\tstart           : 1,\n\t\t\t\tgrabCursor      : true,\n\t\t\t\tswipe           : true,\n\t\t\t\tmouse           : true,\n\t\t\t\tkeyboard        : false,\n\t\t\t\tlayout          : \"boxed\",\n\t\t\t\twheel           : false,\n\t\t\t\tautoplay        : false,\n                instantStartLayers:true,\n\t\t\t\tmobileBGVideo:false,\n\t\t\t\tloop            : true,\n\t\t\t\tshuffle         : false,\n\t\t\t\tpreload         : 0,\n\t\t\t\theightLimit     : true,\n\t\t\t\tautoHeight      : false,\n\t\t\t\tsmoothHeight    : true,\n\t\t\t\tendPause        : false,\n\t\t\t\toverPause       : true,\n\t\t\t\tfillMode        : \"fill\",\n\t\t\t\tcenterControls  : true,\n\t\t\t\tstartOnAppear   : false,\n\t\t\t\tlayersMode      : \"center\",\n\t\t\t\tautofillTarget  : \"\",\n\t\t\t\thideLayers      : false,\n\t\t\t\tfullscreenMargin: 0,\n\t\t\t\tspeed           : 15,\n\t\t\t\tdir             : \"h\",\n\t\t\t\tresponsive      : true,\n\t\t\t\ttabletWidth     : 768,\n\t\t\t\ttabletHeight    : null,\n\t\t\t\tphoneWidth      : 480,\n\t\t\t\tphoneHeight    : null,\n\t\t\t\tsizingReference : window,\n\t\t\t\tparallaxMode    : 'swipe',\n\t\t\t\tview            : \"fadeBasic\"\n\t\t\t});\n\n\t\t\t\n\t\t\twindow.masterslider_instances = window.masterslider_instances || [];\n\t\t\twindow.masterslider_instances.push( masterslider_aaf3 );\n\t\t});\n\t\t<\/script>\n\n<\/div><\/div><div id=\"pgc-16-0-1\"  class=\"panel-grid-cell\" ><div id=\"panel-16-0-1-0\" class=\"so-panel widget widget_pt_tabs pt-widget-tabs panel-first-child panel-last-child\" data-index=\"1\" >\t\t\t<div class=\"pt-tabs\">\n\t\t\t\t\n\t\t\t\t\t\t\t\t\t<ul class=\"pt-tabs__navigation  nav  nav-tabs\" role=\"tablist\">\n\t\t\t\t\t\t\t\t\t\t\t\t\t<li class=\"nav-item\">\n\t\t\t\t\t\t\t\t<a class=\"nav-link  active\" data-toggle=\"tab\" href=\"#tab-termine\" role=\"tab\">Termine<\/a>\n\t\t\t\t\t\t\t<\/li>\n\t\t\t\t\t\t\t\t\t\t\t\t\t<li class=\"nav-item\">\n\t\t\t\t\t\t\t\t<a class=\"nav-link\" data-toggle=\"tab\" href=\"#tab-berichte\" role=\"tab\">Berichte<\/a>\n\t\t\t\t\t\t\t<\/li>\n\t\t\t\t\t\t\t\t\t\t\t<\/ul>\n\n\t\t\t\t\t<div class=\"pt-tabs__content  tab-content\">\n\t\t\t\t\t\t\t\t\t\t\t<div class=\"tab-pane  fade  in  active\" id=\"tab-termine\" role=\"tabpanel\">\n\t\t\t\t\t\t\t<div id=\"pl-w582963a24f121\"  class=\"panel-layout\" ><div id=\"pg-w582963a24f121-0\"  class=\"panel-grid panel-no-style\" ><div id=\"pgc-w582963a24f121-0-0\"  class=\"panel-grid-cell\" ><div id=\"panel-w582963a24f121-0-0-0\" class=\"so-panel widget panel-first-child panel-last-child\" data-index=\"0\" ><\/div><\/div><\/div><\/div>\t\t\t\t\t\t<\/div>\n\t\t\t\t\t\t\t\t\t\t\t<div class=\"tab-pane  fade\" id=\"tab-berichte\" role=\"tabpanel\">\n\t\t\t\t\t\t\t<div id=\"pl-w582963a24f15a\"  class=\"panel-layout\" ><div id=\"pg-w582963a24f15a-0\"  class=\"panel-grid panel-no-style\" ><div id=\"pgc-w582963a24f15a-0-0\"  class=\"panel-grid-cell\" ><div id=\"panel-w582963a24f15a-0-0-0\" class=\"so-panel widget widget_tsvoetlingen-sidebar-slider panel-first-child panel-last-child\" data-index=\"0\" ><div class=\"sw-news1 panel-widget-style panel-widget-style-for-w582963a24f15a-0-0-0\" ><div\n\t\t\t\n\t\t\tclass=\"so-widget-tsvoetlingen-sidebar-slider so-widget-tsvoetlingen-sidebar-slider-base\"\n\t\t\t\n\t\t>\n<\/div><\/div><\/div><\/div><\/div><\/div>\t\t\t\t\t\t<\/div>\n\t\t\t\t\t\t\t\t\t\t<\/div>\n\t\t\t\t\t\t\t<\/div>\n\n\t\t\t<\/div><\/div><\/div><div id=\"pg-16-1\"  class=\"panel-grid panel-no-style\" ><div id=\"pgc-16-1-0\"  class=\"panel-grid-cell\" ><div id=\"panel-16-1-0-0\" class=\"so-panel widget widget_sow-editor panel-first-child panel-last-child\" data-index=\"2\" ><div\n\t\t\t\n\t\t\tclass=\"so-widget-sow-editor so-widget-sow-editor-base\"\n\t\t\t\n\t\t>\n<div class=\"siteorigin-widget-tinymce textwidget\">\n\t<div class=\"pt-cv-wrapper\">\n<div class=\"pt-cv-view pt-cv-pinterest pt-cv-colsys pt-cv-shadow pt-cv-bb pt-cv-left pt-cv-sharp-buttons\" id=\"pt-cv-view-3cf2b7a0l8\">\n<div data-id=\"pt-cv-page-1\" class=\"pt-cv-page\" data-cvc=\"4\">\n<div class=\"col-md-3 col-sm-6 col-xs-12 pt-cv-content-item pt-cv-1-col\"  data-pid=\"2878\">\n<div class='pt-cv-pinmas'><a href=\"https:\/\/www.tsv-oetlingen.de\/gesamtjugend\/2019\/04\/10\/schutzkonzept\/\" class=\"_self pt-cv-href-thumbnail pt-cv-thumb-default cvplbd\" target=\"_self\" ><img loading=\"lazy\" decoding=\"async\" width=\"300\" height=\"212\" src=\"https:\/\/www.tsv-oetlingen.de\/gesamtjugend\/wp-content\/uploads\/sites\/2\/2019\/09\/fertig-2-300x212.jpg\" class=\"pt-cv-thumbnail img-none\" alt=\"\" srcset=\"https:\/\/www.tsv-oetlingen.de\/gesamtjugend\/wp-content\/uploads\/sites\/2\/2019\/09\/fertig-2-300x212.jpg 300w, https:\/\/www.tsv-oetlingen.de\/gesamtjugend\/wp-content\/uploads\/sites\/2\/2019\/09\/fertig-2.jpg 709w\" sizes=\"auto, (max-width: 300px) 100vw, 300px\" \/><\/a><\/p>\n<h4 class=\"pt-cv-title\"><a href=\"https:\/\/www.tsv-oetlingen.de\/gesamtjugend\/2019\/04\/10\/schutzkonzept\/\" class=\"_self cvplbd\" target=\"_self\" >Schutzkonzept ab 2019<\/a><\/h4>\n<div class=\"pt-cv-meta-fields\"><span class=\"entry-date\"> <time datetime=\"2019-04-10T12:00:44+02:00\">10. April 2019<\/time><\/span><span> \/ <\/span><span class=\"terms\"> <a href='https:\/\/www.tsv-oetlingen.de\/gesamtjugend\/category\/allgemein\/' title='Allgemein' class='pt-cv-tax-allgemein'>Allgemein<\/a>, <a href='https:\/\/www.tsv-oetlingen.de\/gesamtjugend\/category\/berichte\/' title='Berichte' class='pt-cv-tax-berichte'>Berichte<\/a>, <a href='https:\/\/www.tsv-oetlingen.de\/gesamtjugend\/category\/berichte\/gesamtjugend-berichte\/' title='Gesamtjugend' class='pt-cv-tax-gesamtjugend-berichte'>Gesamtjugend<\/a>, <a href='https:\/\/www.tsv-oetlingen.de\/gesamtjugend\/category\/nachrichten\/gesamtjugend\/' title='Gesamtjugend' class='pt-cv-tax-gesamtjugend'>Gesamtjugend<\/a>, <a href='https:\/\/www.tsv-oetlingen.de\/gesamtjugend\/category\/nachrichten\/' title='Nachrichten' class='pt-cv-tax-nachrichten'>Nachrichten<\/a><\/span><\/div>\n<div class=\"pt-cv-content\">Das Schutzkonzept des TSV \u00d6tlingen steht ab sofort im folgenden Download zur Verf\u00fcgung. Schutzkonzept-TSV\u00d6-07.05.2019-1.pdf Schutzkonzept-TSV\u00d6-07.05.2019-1.pdf Dateigr\u00f6\u00dfe: 35,92 KB Datei herunterladen ...<\/p>\n<div class=\"pt-cv-rmwrap\"><a href=\"https:\/\/www.tsv-oetlingen.de\/gesamtjugend\/2019\/04\/10\/schutzkonzept\/\" class=\"_self pt-cv-readmore btn btn-primary cvplbd\" target=\"_self\">Weiterlesen \u2026<\/a><\/div>\n<\/div>\n<\/div>\n<\/div>\n<\/div>\n<\/div>\n<\/div>\n<style type=\"text\/css\" id=\"pt-cv-inline-style-d055bf5ce1\">#pt-cv-view-3cf2b7a0l8  .pt-cv-content-item:hover .pt-cv-hover-wrapper::before   { background: rgba(51,51,51,.6) !important; }\n#pt-cv-view-3cf2b7a0l8:not(.pt-cv-nohover) .pt-cv-mask *   { color: #fff !important; }\n#pt-cv-view-3cf2b7a0l8 .pt-cv-carousel-caption  { background: rgba(51,51,51,.6) !important; }\n#pt-cv-view-3cf2b7a0l8 .pt-cv-specialp * { font-weight: 600 !important; color: #fff !important; background: #CC3333 !important; }\n#pt-cv-view-3cf2b7a0l8 .pt-cv-pficon  { color: #bbb !important; }\n#pt-cv-view-3cf2b7a0l8  .add_to_cart_button, #pt-cv-view-3cf2b7a0l8  .add_to_cart_button *   { color: #ffffff !important; background: #00aeef !important; }\n#pt-cv-view-3cf2b7a0l8  .woocommerce-onsale   { color: #ffffff !important; background: #ff5a5f !important; }\n#pt-cv-view-3cf2b7a0l8 .pt-cv-readmore  { color: #ffffff !important; }\n#pt-cv-view-3cf2b7a0l8  + .pt-cv-pagination-wrapper .pt-cv-more , #pt-cv-view-3cf2b7a0l8  + .pt-cv-pagination-wrapper .pagination .active a { color: #ffffff !important; background: #00aeef !important; }\n#pt-cv-view-3cf2b7a0l8 .pt-cv-gls-header  { background: #00aeef !important; }\n#pt-cv-view-3cf2b7a0l8 { text-align: left; }<\/style><\/p>\n<\/div>\n<\/div><\/div><\/div><\/div><\/div>","protected":false},"excerpt":{"rendered":"<p>Sportfest der Begegnung 2015 Weiterlesen Gesamtjugend &#8211; 21. November2016 Sportfest der Begegnung 2015 TSV \u00d6tlingen pr\u00e4sentiert SPORTSDAY Weiterlesen Gesamtjugend &#8211; 21. November2016 TSV \u00d6tlingen pr\u00e4sentiert SPORTSDAY ( window.MSReady = window.MSReady [&hellip;]<\/p>\n","protected":false},"author":1,"featured_media":0,"parent":0,"menu_order":0,"comment_status":"closed","ping_status":"closed","template":"","meta":{"_genesis_hide_title":false,"_genesis_hide_breadcrumbs":false,"_genesis_hide_singular_image":false,"_genesis_hide_footer_widgets":false,"_genesis_custom_body_class":"","_genesis_custom_post_class":"","_genesis_layout":"","footnotes":""},"class_list":["post-16","page","type-page","status-publish","entry"],"_links":{"self":[{"href":"https:\/\/www.tsv-oetlingen.de\/gesamtjugend\/wp-json\/wp\/v2\/pages\/16","targetHints":{"allow":["GET"]}}],"collection":[{"href":"https:\/\/www.tsv-oetlingen.de\/gesamtjugend\/wp-json\/wp\/v2\/pages"}],"about":[{"href":"https:\/\/www.tsv-oetlingen.de\/gesamtjugend\/wp-json\/wp\/v2\/types\/page"}],"author":[{"embeddable":true,"href":"https:\/\/www.tsv-oetlingen.de\/gesamtjugend\/wp-json\/wp\/v2\/users\/1"}],"replies":[{"embeddable":true,"href":"https:\/\/www.tsv-oetlingen.de\/gesamtjugend\/wp-json\/wp\/v2\/comments?post=16"}],"version-history":[{"count":0,"href":"https:\/\/www.tsv-oetlingen.de\/gesamtjugend\/wp-json\/wp\/v2\/pages\/16\/revisions"}],"wp:attachment":[{"href":"https:\/\/www.tsv-oetlingen.de\/gesamtjugend\/wp-json\/wp\/v2\/media?parent=16"}],"curies":[{"name":"wp","href":"https:\/\/api.w.org\/{rel}","templated":true}]}}