{"id":111,"date":"2016-11-21T23:14:53","date_gmt":"2016-11-21T22:14:53","guid":{"rendered":"http:\/\/tsv.teckbotenpokal2015.de\/leichtathletik\/?page_id=111"},"modified":"2020-03-08T22:07:44","modified_gmt":"2020-03-08T21:07:44","slug":"waldlauf-stadtmeisterschaften","status":"publish","type":"page","link":"https:\/\/www.tsv-oetlingen.de\/leichtathletik\/waldlauf-stadtmeisterschaften\/","title":{"rendered":"Kirchheimer Waldlauf"},"content":{"rendered":"<div id=\"pl-111\"  class=\"panel-layout\" ><div id=\"pg-111-0\"  class=\"panel-grid panel-no-style\" ><div id=\"pgc-111-0-0\"  class=\"panel-grid-cell\" ><div id=\"panel-111-0-0-0\" class=\"so-panel widget widget_sow-editor panel-first-child panel-last-child\" data-index=\"0\" ><div\n\t\t\t\n\t\t\tclass=\"so-widget-sow-editor so-widget-sow-editor-base\"\n\t\t\t\n\t\t>\n<div class=\"siteorigin-widget-tinymce textwidget\">\n\t<h3>Kirchheimer Waldlauf - Infos und Ergebnisse<\/h3>\n<h4>(Ausrichter: TSV \u00d6tlingen Abt. Leichtathletik)<\/h4>\n<p><a href=\"https:\/\/www.tsv-oetlingen.de\/leichtathletik\/\">-&gt; zur\u00fcck zur Startseite Leichtathletik<\/a><\/p>\n<\/div>\n<\/div><\/div><\/div><\/div><div id=\"pg-111-1\"  class=\"panel-grid panel-no-style\" ><div id=\"pgc-111-1-0\"  class=\"panel-grid-cell\" ><div id=\"panel-111-1-0-0\" class=\"so-panel widget widget_sow-editor panel-first-child panel-last-child\" data-index=\"1\" ><div\n\t\t\t\n\t\t\tclass=\"so-widget-sow-editor so-widget-sow-editor-base\"\n\t\t\t\n\t\t>\n<div class=\"siteorigin-widget-tinymce textwidget\">\n\t<div class=\"pt-cv-wrapper\">\n<div class=\"pt-cv-view pt-cv-collapsible pt-cv-left pt-cv-sharp-buttons\" id=\"pt-cv-view-35321a2h4u\">\n<div data-id=\"pt-cv-page-1\" class=\"pt-cv-page\" data-cvc=\"1\">\n<div class=\"panel-group\" id=\"81aeec4kyv\">\n<div class=\"panel panel-default pt-cv-content-item pt-cv-2-col\"  data-pid=\"4096\">\n<div class=\"panel-heading pt-cv-title\">\n    <a class=\"panel-title\" data-toggle=\"cvcollapse\" data-parent=\"#81aeec4kyv\" data-target=\"#ee0bf7dv39\" href='https:\/\/www.tsv-oetlingen.de\/leichtathletik\/2022\/03\/12\/31-waldlauf-stadtmeisterschaften-2016-2-3-2\/' onclick='event.preventDefault()'><br \/>\n\t\tAbsage Kirchheimer Waldlaufmeisterschaften\t<\/a><br \/>\n\t<span class=\"pull-right clickable panel-collapsed\"><i class=\"glyphicon glyphicon-plus\"><\/i><\/span><\/div>\n<div id=\"ee0bf7dv39\" class=\"panel-collapse collapse in\">\n<div class=\"panel-body\">\n\t\t<a href=\"https:\/\/www.tsv-oetlingen.de\/leichtathletik\/2022\/03\/12\/31-waldlauf-stadtmeisterschaften-2016-2-3-2\/\" class=\"_self pt-cv-href-thumbnail pt-cv-thumb-left cvplbd\" target=\"_self\" ><img loading=\"lazy\" decoding=\"async\" width=\"150\" height=\"127\" src=\"https:\/\/www.tsv-oetlingen.de\/leichtathletik\/wp-content\/uploads\/sites\/4\/2016\/12\/P1020678_02-e1488647362259.jpg\" class=\"pt-cv-thumbnail img-none pull-left\" alt=\"\" \/><\/a><\/p>\n<div class=\"pt-cv-content\">\n<div id=\"pl-4096\"  class=\"panel-layout\">\n<div id=\"pg-4096-0\"  class=\"panel-grid panel-no-style\">\n<div id=\"pgc-4096-0-0\"  class=\"panel-grid-cell\">\n<div id=\"panel-4096-0-0-0\" class=\"so-panel widget widget_sow-editor panel-first-child panel-last-child\" data-index=\"0\">\n<div\n\t\t\t\n\t\t\tclass=\"so-widget-sow-editor so-widget-sow-editor-base\"><\/p>\n<div class=\"siteorigin-widget-tinymce textwidget\">\n<p><span style=\"font-size: 9.0pt;font-family: 'Verdana',sans-serif\">Die Waldlaufmeisterschaften werden 2022 vom TSV \u00d6tlingen nicht ausgerichtet.<\/span><\/p>\n<p><span style=\"font-size: 9.0pt;font-family: 'Verdana',sans-serif\">\u00a0<\/span><\/p>\n<p><span style=\"font-size: 9.0pt;font-family: 'Verdana',sans-serif\">Leider sind die Corona-Zahlen noch auf sehr hohem Niveau und es ist nicht sicher abzusehen wann die Beschr\u00e4nkungen vollst\u00e4ndig aufgehoben werden. Auch die Gesamtsituation in den Schulen spricht derzeit gegen eine Durchf\u00fchrung.<\/span><\/p>\n<p><span style=\"font-size: 9.0pt;font-family: 'Verdana',sans-serif\">\u00a0<\/span><\/p>\n<p><span style=\"font-size: 9.0pt;font-family: 'Verdana',sans-serif\">Wir bitten um Ihr Verst\u00e4ndnis. Vielen Dank.<\/span><\/p>\n<\/div>\n<\/div>\n<\/div>\n<\/div>\n<\/div>\n<div id=\"pg-4096-1\"  class=\"panel-grid panel-no-style\">\n<div id=\"pgc-4096-1-0\"  class=\"panel-grid-cell\">\n<div id=\"panel-4096-1-0-0\" class=\"so-panel widget widget_sow-editor panel-first-child panel-last-child\" data-index=\"1\">\n<div\n\t\t\t\n\t\t\tclass=\"so-widget-sow-editor so-widget-sow-editor-base\"><\/p>\n<div class=\"siteorigin-widget-tinymce textwidget\">\n<p><a href=\"https:\/\/www.tsv-oetlingen.de\/leichtathletik\/waldlauf-stadtmeisterschaften\/\">-&gt; zur\u00fcck zu Kirchheimer Waldlauf<\/a><br \/>\n<a href=\"https:\/\/www.tsv-oetlingen.de\/leichtathletik\/\">-&gt; zur\u00fcck zur Startseite Leichtathletik<\/a><\/p>\n<\/div>\n<\/div>\n<\/div>\n<\/div>\n<\/div>\n<\/div>\n<\/div><\/div>\n<\/div>\n<\/div>\n<\/div>\n<\/div>\n<\/div>\n<\/div>\n<style type=\"text\/css\" id=\"pt-cv-inline-style-6a120dazbm\">#pt-cv-view-35321a2h4u  .pt-cv-content-item:hover .pt-cv-hover-wrapper::before   { background: rgba(51,51,51,.6) !important; }\n#pt-cv-view-35321a2h4u:not(.pt-cv-nohover) .pt-cv-mask *   { color: #fff !important; }\n#pt-cv-view-35321a2h4u .pt-cv-carousel-caption  { background: rgba(51,51,51,.6) !important; }\n#pt-cv-view-35321a2h4u .pt-cv-specialp * { font-weight: 600 !important; color: #fff !important; background: #CC3333 !important; }\n#pt-cv-view-35321a2h4u .pt-cv-pficon  { color: #bbb !important; }\n#pt-cv-view-35321a2h4u  .add_to_cart_button, #pt-cv-view-35321a2h4u  .add_to_cart_button *   { color: #ffffff !important; background: #00aeef !important; }\n#pt-cv-view-35321a2h4u  .woocommerce-onsale   { color: #ffffff !important; background: #ff5a5f !important; }\n#pt-cv-view-35321a2h4u .pt-cv-readmore  { color: #ffffff !important; }\n#pt-cv-view-35321a2h4u  + .pt-cv-pagination-wrapper .pt-cv-more , #pt-cv-view-35321a2h4u  + .pt-cv-pagination-wrapper .pagination .active a { color: #ffffff !important; background: #00aeef !important; }\n#pt-cv-view-35321a2h4u .pt-cv-gls-header  { background: #00aeef !important; }\n#pt-cv-view-35321a2h4u { text-align: left; }<\/style><\/p>\n<\/div>\n<\/div><\/div><\/div><\/div><div id=\"pg-111-2\"  class=\"panel-grid panel-no-style\" ><div id=\"pgc-111-2-0\"  class=\"panel-grid-cell\" ><div id=\"panel-111-2-0-0\" class=\"so-panel widget widget_sow-editor panel-first-child panel-last-child\" data-index=\"2\" ><div\n\t\t\t\n\t\t\tclass=\"so-widget-sow-editor so-widget-sow-editor-base\"\n\t\t\t\n\t\t>\n<div class=\"siteorigin-widget-tinymce textwidget\">\n\t<p><a href=\"https:\/\/www.tsv-oetlingen.de\/leichtathletik\/\">-&gt; zur\u00fcck zur Startseite Leichtathletik<\/a><\/p>\n<\/div>\n<\/div><\/div><\/div><\/div><\/div>","protected":false},"excerpt":{"rendered":"<p>Kirchheimer Waldlauf &#8211; Infos und Ergebnisse (Ausrichter: TSV \u00d6tlingen Abt. Leichtathletik) -&gt; zur\u00fcck zur Startseite Leichtathletik<\/p>\n","protected":false},"author":1,"featured_media":0,"parent":0,"menu_order":0,"comment_status":"closed","ping_status":"closed","template":"","meta":{"_genesis_hide_title":false,"_genesis_hide_breadcrumbs":false,"_genesis_hide_singular_image":false,"_genesis_hide_footer_widgets":false,"_genesis_custom_body_class":"","_genesis_custom_post_class":"","_genesis_layout":"","footnotes":""},"class_list":["post-111","page","type-page","status-publish","entry"],"publishpress_future_action":{"enabled":false,"date":"2026-05-24 09:55:31","action":"change-status","newStatus":"draft","terms":[],"taxonomy":""},"_links":{"self":[{"href":"https:\/\/www.tsv-oetlingen.de\/leichtathletik\/wp-json\/wp\/v2\/pages\/111","targetHints":{"allow":["GET"]}}],"collection":[{"href":"https:\/\/www.tsv-oetlingen.de\/leichtathletik\/wp-json\/wp\/v2\/pages"}],"about":[{"href":"https:\/\/www.tsv-oetlingen.de\/leichtathletik\/wp-json\/wp\/v2\/types\/page"}],"author":[{"embeddable":true,"href":"https:\/\/www.tsv-oetlingen.de\/leichtathletik\/wp-json\/wp\/v2\/users\/1"}],"replies":[{"embeddable":true,"href":"https:\/\/www.tsv-oetlingen.de\/leichtathletik\/wp-json\/wp\/v2\/comments?post=111"}],"version-history":[{"count":10,"href":"https:\/\/www.tsv-oetlingen.de\/leichtathletik\/wp-json\/wp\/v2\/pages\/111\/revisions"}],"predecessor-version":[{"id":4002,"href":"https:\/\/www.tsv-oetlingen.de\/leichtathletik\/wp-json\/wp\/v2\/pages\/111\/revisions\/4002"}],"wp:attachment":[{"href":"https:\/\/www.tsv-oetlingen.de\/leichtathletik\/wp-json\/wp\/v2\/media?parent=111"}],"curies":[{"name":"wp","href":"https:\/\/api.w.org\/{rel}","templated":true}]}}