{"id":17,"date":"2016-11-20T22:36:21","date_gmt":"2016-11-20T21:36:21","guid":{"rendered":"http:\/\/tsv.teckbotenpokal2015.de\/sportschuetzen\/?page_id=17"},"modified":"2016-11-20T22:36:21","modified_gmt":"2016-11-20T21:36:21","slug":"historie","status":"publish","type":"page","link":"https:\/\/www.tsv-oetlingen.de\/sportschuetzen\/historie\/","title":{"rendered":"Historie"},"content":{"rendered":"<div id=\"pl-17\"  class=\"panel-layout\" ><div id=\"pg-17-0\"  class=\"panel-grid panel-no-style\" ><div id=\"pgc-17-0-0\"  class=\"panel-grid-cell\" ><div id=\"panel-17-0-0-0\" class=\"so-panel widget widget_sow-headline panel-first-child panel-last-child\" data-index=\"0\" ><div\n\t\t\t\n\t\t\tclass=\"so-widget-sow-headline so-widget-sow-headline-default-a3b8ce707405-17\"\n\t\t\t\n\t\t><div class=\"sow-headline-container \">\n\t<h1 class='sow-headline'>Sportliches Schie\u00dfen, vom Anfang bis in die Bundesliga<\/h1><h5 class='sow-sub-headline'>Chronik der Sportsch\u00fctzenabteilung des Sportsch\u00fctzenabteilung des TSV \u00d6tlingen 1895 e. V. TSV \u00d6tlingen 1895 e. V.<\/h5>\t\t\t\t\t<div class=\"decoration\">\n\t\t\t\t\t\t<div class=\"decoration-inside\"><\/div>\n\t\t\t\t\t<\/div>\n\t\t\t\t\t<\/div>\n<\/div><\/div><\/div><div id=\"pgc-17-0-1\"  class=\"panel-grid-cell\" ><div id=\"panel-17-0-1-0\" class=\"so-panel widget widget_sow-image panel-first-child panel-last-child\" data-index=\"1\" ><div\n\t\t\t\n\t\t\tclass=\"so-widget-sow-image so-widget-sow-image-default-8b5b6f678277-17\"\n\t\t\t\n\t\t>\n\n<div class=\"sow-image-container\">\n\t\t<img decoding=\"async\" src=\"https:\/\/www.tsv-oetlingen.de\/sportschuetzen\/wp-content\/uploads\/sites\/6\/2016\/11\/Schuetzen_Logo.jpg\" width=\"300\" height=\"291\" sizes=\"auto, (max-width: 300px) 100vw, 300px\" title=\"Logo der Sportsch\u00fctzenabteilung TSV \u00d6tlingen\" alt=\"\" loading=\"lazy\" \t\tclass=\"so-widget-image\"\/>\n\t<\/div>\n\n<\/div><\/div><\/div><\/div><div id=\"pg-17-1\"  class=\"panel-grid panel-no-style\" ><div id=\"pgc-17-1-0\"  class=\"panel-grid-cell\" ><div id=\"panel-17-1-0-0\" class=\"so-panel widget widget_sow-editor panel-first-child panel-last-child\" data-index=\"2\" ><div\n\t\t\t\n\t\t\tclass=\"so-widget-sow-editor so-widget-sow-editor-base\"\n\t\t\t\n\t\t><h3 class=\"widget-title\">\u00dcberarbeitet Januar 2002, WW<\/h3>\n<div class=\"siteorigin-widget-tinymce textwidget\">\n\t<p>\u00a0<\/p>\n<p>\u00a0<\/p>\n<p>Die Sportsch\u00fctzen des TSV \u00d6tlingen m\u00f6chten in diesem kleinen R\u00fcckblick aufzeigen, wie es zur Schaffung dieser Abteilung kam, die diesen interessanten Sport so erfolgreich betreibt und deren Leistungen heute national auf einem Niveau angelangt sind, das im Gr\u00fcndungsjahr noch Wunschdenken war.<\/p>\n<p>Allen, die in den vergangenen Jahren die Sportsch\u00fctzen mit Rat und Tat, mit finanziellen Mitteln oder durch nicht erm\u00fcdenden Flei\u00df und oft genug durch pers\u00f6nliches Engagement unterst\u00fctzten, sei hier gedankt.<\/p>\n<p>Wir wollen hier schildern, wie die Anf\u00e4nge waren und was \u00fcber den weiteren Verlauf des Geschehens \u00fcber heute mehr als 40 Jahre Schie\u00dfsport im \u00d6tlinger R\u00fcbholz zu berichten ist.<\/p>\n<p>Gegr\u00fcndet wurde die Abteilung am 14. Juli 1959. Vorausgegangen waren mehrere Gespr\u00e4che zwischen dem damaligen Vorstand des TSV \u00d6tlingen und Walter Rouff, der die Idee hatte, diese neue Abteilung zu schaffen. Der damalige 1. Vorsitzende des TSV, Karl G\u00f6tz, stand der Idee einer Sch\u00fctzenabteilung im Gesamtverein von Anfang an sehr positiv gegen\u00fcber. Damit waren die Weichen f\u00fcr dieses Vorhaben schnell gestellt; das Gr\u00fcndungsprotokoll wurde von 13 Vereinsmitgliedern unterschrieben.<\/p>\n<p>Als erster Trainingsraum wurde die vereinseigene Turnhalle zur Verf\u00fcgung gestellt und nach einj\u00e4hriger Trainingszeit waren die neuen \u00d6tlinger Sch\u00fctzen ger\u00fcstet ab dem 15. Oktober 1960 regelm\u00e4\u00dfig an Rundenwettk\u00e4mpfen und Kreismeisterschaften teilzunehmen.<\/p>\n<p>Im Jahr 1969 wurde vom TSV \u00d6tlingen im R\u00fcbholz ein Vereinsheim und eine darin zu integrierende Schie\u00dfanlage geplant. Da die Kosten der Erstellung die vorhandenen Mittel weit \u00fcberschritten, wurde die gesamte Schie\u00dfanlage in Eigenleistung durch die Sportsch\u00fctzen erstellt. Gegen Ende der Bauzeit, als es um den Endausbau und die Ausgestaltung eines gem\u00fctlichen Heimes ging, die finanziellen Mittel der Abteilung aber nahezu ersch\u00f6pft waren, zeigte es sich, wo die Freunde und G\u00f6nner der Sportsch\u00fctzen zu suchen waren. Durch eine au\u00dfergew\u00f6hnliche Initiative des Ehrenmitglieds Eugen K\u00fcbler und des Ehrenvorsitzenden des TSV, Karl G\u00f6tz, konnte dieser finanzielle Engpass \u00fcberwunden und der Ausbau der Schie\u00dfanlage vollendet werden. In der 12-j\u00e4hrigen Bauzeit wurden ca. 15.000 Arbeitsstunden von den Mitgliedern der Sch\u00fctzenabteilung unentgeltlich geleistet.<\/p>\n<p>Besonders erw\u00e4hnt werden soll hier, dass es Helmut Hummel, unser Ehrenobersch\u00fctzenmeister und langj\u00e4hriger Abteilungsleiter war, der durch seinen aufopfernden Einsatz und das pers\u00f6nliche Engagement w\u00e4hrend der gesamten Bauzeit die erbrachten Leistungen erst m\u00f6glich gemacht hat. Er hat f\u00fcr die Abteilung weit mehr als nur seine Freizeit zur Verf\u00fcgung gestellt. 1986 wurde die Schie\u00dfanlage renoviert und um zwei 100m-Bahnen, zugelassen f\u00fcr alle Kaliber, erweitert. Gleichzeitig wurden auch die zehn St\u00e4nde f\u00fcr das 50m-Schie\u00dfen so umgebaut, dass mit allen Kalibern geschossen werden kann. Nach 18-monatiger Bauzeit war das sportliche Angebot nochmals erh\u00f6ht worden. Mit 452 Teilnehmern beim 4. Hobby-KK-Schie\u00dfen und dem 6. Eugen-K\u00fcbler-Pokalschie\u00dfen wurde die Anlage wieder er\u00f6ffnet.<\/p>\n<p>Dann kam der gro\u00dfe Schock f\u00fcr die Sch\u00fctzenabteilung. Ostern 1990 werden die damals rund 150 Mitglieder noch lange in schlechter Erinnerung behalten. In der Nacht zum Ostermontag brannte die Schie\u00dfanlage im R\u00fcbholz vollst\u00e4ndig nieder. Mit dem Vereinsheim gingen auch viele ideelle Werte verloren. Etwa 200 Pokale und Plaketten, Ehrenscheiben und andere Erinnerungen an die vergangenen Jahre wurden zu Schutt und Asche. F\u00fcr die \u00d6tlinger Sportsch\u00fctzen hatte nach dem Gro\u00dfbrand wieder die Stunde Null geschlagen. Doch nach nur 18 Monaten intensiver Wiederaufbauzeit konnte die Anlage mit einem Tag der offenen T\u00fcr wieder er\u00f6ffnet werden.<\/p>\n<p>Drei Vereinsmitgliedern gilt f\u00fcr diesen Wiederaufbau der besondere Dank. Ohne ihr Engagement, ihren Flei\u00df und Einsatz w\u00e4re der Aufbau nicht so schnell m\u00f6glich gewesen. Bernhard Schreiner, 1. Vorsitzender des Gesamtvereins, Joachim Poppek, Abteilungsleiter und damaliger Kreisobersch\u00fctzenmeister und Josef Mercz haben durch ihren vorbildlichen Einsatz das fast Unm\u00f6gliche m\u00f6glich gemacht.<\/p>\n<p>Heute ist das neu erbaute Vereinsheim mit der Schie\u00dfanlage eine der sch\u00f6nsten Einrichtungen f\u00fcr den Schie\u00dfsport in Baden-W\u00fcrttemberg. Das sportliche Angebot und das kameradschaftliche Verh\u00e4ltnis aller Mitglieder der Sch\u00fctzenabteilung schafft f\u00fcr Jung und Alt ein gro\u00dfartiges Umfeld Vereinsleben positiv zu gestalten und zu erleben. Mittlerweile nutzt auch der W\u00fcrttembergische Landeskader die Einrichtungen des TSV zur Schulung seiner Nachwuchstalente.<\/p>\n<p>Durch das Ausrichten vieler Veranstaltungen \u00fcber das ganze Jahr, wie z. B. das Hobby-KK-Schie\u00dfen, die Bezirks- und Kreismeisterschaften oder den W\u00fcrttembergischen Biathlon-Cup, waren und sind die \u201eR\u00fcbholzer\u201c in der Lage den Schie\u00dfsport einer breiten \u00d6ffentlichkeit zug\u00e4nglich zu machen. Auch das allj\u00e4hrlich stattfindende K\u00f6nigsschie\u00dfen ist immer wieder Grund eines vereinsinternen Wettbewerbs und gem\u00fctlicher Geselligkeit. Mancher hat auf diese Weise den Weg zum Schie\u00dfsport und seiner Faszination gefunden.<\/p>\n<p>Heute kann die Sch\u00fctzenabteilung auf ca. 130 Mitglieder z\u00e4hlen, von denen mehr als 40 % aktiven Sport betreiben. Immer wieder zeigt sich im Laufe einer Saison, mit wieviel Ehrgeiz und Einsatz die jungen und die \u201ealtgedienten\u201c weiblichen und m\u00e4nnlichen Sch\u00fctzen zum Erfolg streben.<\/p>\n<p>Unter der bew\u00e4hrten und erfolgreichen Leitung von Joachim Poppek und dem Trainer der Luftpistolen-Bundesliga-Mannschaft, Herbert Rieke, hat diese Vereinsabteilung es geschafft, mit einer Luftpistolen-Sch\u00fctzenmannschaft, nun bereits im f\u00fcnften Jahr, die Region auf Bundesebene zu vertreten und in den Jahren 1998 bis 2001 immer die Finalrunde der Deutschen Mannschaftsmeisterschaften zu erreichen. Derzeit sind sie stolz, auch in der Saison 2002\/2003 wieder in der Bundesliga schie\u00dfen zu k\u00f6nnen. Neben den Sch\u00fctzen der Bundesligamannschaft waren auch die 2. und 3. Mannschaft der Luftpistolensch\u00fctzen in der Saison 2001\/2002 sehr erfolgreich. Beide Mannschaften erreichten mit hervorragenden Ergebnissen die Tabellenspitzen in ihren Ligen. Dadurch stieg die 3. Mannschaft in die Bezirksoberliga und die 2. Mannschaft in die W\u00fcrttemberg-Liga auf.<\/p>\n<p>Wie in allen Sportarten ist auch der TSV auf Nachwuchs angewiesen und ist mit Jugendleiter Kay L\u00f6rcher erfolgreich bem\u00fcht, junge, sportbegeisterte Menschen zu finden, die einmal in die Fu\u00dfstapfen der heute so erfolgreichen Luftpistolensch\u00fctzen treten wollen und k\u00f6nnen. Neben dem sportlichen Schie\u00dfen mit der Luftpistole legt der Verein gro\u00dfen Wert darauf, auch in den \u00fcbrigen Disziplinen des Schie\u00dfsports die gleichen Erfolge zu erreichen.<\/p>\n<p>Ein Beweis daf\u00fcr, dass der eingeschlagene Weg der richtige ist, konnte Stefan Scharpf und die Junioren bei den Deutschen Meisterschaften 1997 und 1998 eindrucksvoll erbringen. In Jahr 1999 konnten die \u00d6tlinger Sch\u00fctzen erneut ihre Klasse beweisen. Deutscher Meister, diesmal mit der Standardpistole, wurde wiederum Stefan Scharpf. Zusammen mit J\u00f6rg Kobarg und Andreas Rieke konnte er auch den Titel in der Mannschaftswertung erringen. Im November 2000 konnte Roland Preissler den vom Deutschen Sch\u00fctzenbund veranstalteten Deutschland-Cup gegen 42 hochkar\u00e4tige Luftpistolensch\u00fctzen f\u00fcr sich entscheiden. Im gleichen Wettbewerb erreichte Michael Waibel einen hervorragenden 3. Platz.<\/p>\n<p>Die Deutschen Meisterschaften des Jahres 2001 bescherten den \u00d6tlingern wiederum einen Meistertitel. Mit der Olympischen Schnellfeuerpistole konnten Markus Geipel, Andreas Rieke und Stefan Scharpf den Mannschaftswettbewerb gewinnen. Das Einzelfinale erreichten gleich zwei \u00d6tlinger. Markus Geipel belegte den hervorragenden 4. Platz, Stefan Scharpf wurde Sechster.<\/p>\n<p>Auf\u2019s Treppchen durfte Stefan Scharpf im Einzelwettbewerb mit der entralfeuerpistole 30\/38. Die Bronzemedaille bei den Deutschen Meisterschaften zeichnete ihn als drittbesten Sch\u00fctzen in dieser Disziplin aus. Die vom Verein mit Nachdruck durchgef\u00fchrte optimale F\u00f6rderung konnte so in gro\u00dfe Erfolge umgesetzt werden.<\/p>\n<p>Die \u00d6tlinger Sch\u00fctzen sind einer der erfolgreichsten Sportsch\u00fctzen-Vereine in Baden-W\u00fcrttemberg und mittlerweile auch auf nationaler B\u00fchne nicht zu untersch\u00e4tzen. Sie stellen und stellten aus ihren Reihen Europameister, Vize-Europameister, Deutsche Meister und Deutsche Rekordhalter sowie vielfache Meister auf Kreis-, Bezirks- und Landesebene in den unterschiedlichsten Disziplinen. Nicht zuletzt durch die intensive F\u00f6rderung junger Talente und dem konsequenten Training der Wettkampfsch\u00fctzen sind und waren diese Leistungen erreichbar.<\/p>\n<p>Wenn man vom Schie\u00dfsport redet, stellt sich die Frage, gibt es Voraussetzungen diesen Sport auszu\u00fcben. Der Schie\u00dfsport kann grunds\u00e4tzlich von und in allen Altersklassen betrieben werden. Er ist auch keine reine M\u00e4nnersache, das beweisen die vielen hervorragenden Ergebnisse der weiblichen Sch\u00fctzen des TSV. Das sportliche Kr\u00e4ftemessen und der Leistungsvergleich im friedlichen Wettschie\u00dfen sind das Ziel aller Sch\u00fctzen. Daraus w\u00e4chst dann der Leistungssport. Das Eine setzt das Andere voraus. K\u00f6rperbeherrschung, Kondition, Besonnenheit, Pr\u00e4zision und nicht zuletzt die Kameradschaft und der Wille sich mit den unterschiedlichen Generationen zu verstehen und einander zu akzeptieren sind die besten Voraussetzungen um diesen Sport erfolgreich zu betreiben.<\/p>\n<p>Der TSV \u00d6tlingen bietet auf seiner wettkampfgerechten Anlage im Kirchheimer R\u00fcbholz die M\u00f6glichkeit in folgenden Disziplinen diesen Sport zu betreiben:<\/p>\n<p>Luftpistolen- und Luftgewehrschie\u00dfen auf 12 St\u00e4nden mit automatischen Scheibenzuganlagen. Diese St\u00e4nde befinden sich in der beheizbaren Sporthalle.<br \/> Weitere 4 Luftgewehrst\u00e4nde f\u00fcr den Dreistellungswettkampf f\u00fcr Sch\u00fcler- und Jugendsch\u00fctzen stehen zur Verf\u00fcgung.<br \/> 10 Gro\u00df- und Kleinkaliberst\u00e4nde f\u00fcr das 50-Meter- Schie\u00dfen mit automatischen Scheibenzuganlagen k\u00f6nnen auch f\u00fcr das Schie\u00dfen mit der Freien Pistole genutzt werden.<br \/> 5 KK-Pistolenst\u00e4nde und zehn 25-Meter-St\u00e4nde f\u00fcr alle Kurzwaffen mit 2 Duellanlagen sind ebenfalls verf\u00fcgbar.<br \/> F\u00fcr das Gewehrschie\u00dfen mit Gro\u00df- oder Kleinkaliber sind zwei 100-Meter-St\u00e4nde eingerichtet.<br \/> Interessenten und Anf\u00e4ngern k\u00f6nnen vom Verein Luftpistolen und \u2013gewehre, Sportpistolen und Kleinkalibergewehre zur Verf\u00fcgung gestellt werden.<\/p>\n<p>\u00a0<\/p>\n<p>Die \u00d6ffnungszeiten der Sportanlage sind derzeit wie folgt:<\/p>\n<p><strong>Dienstag und Donnerstag: 19.00 h bis 22.00 h<\/strong><br \/> <strong>Samstag: 14.00 h bis 17.00 h<\/strong><br \/> <strong>Sonntag: 10.00 h bis 12.00 h<\/strong><br \/> <strong>Das Jugendtraining findet Mittwochs von 18.30 Uhr bis 21.00 Uhr unter fachlicher Anleitung eines Trainers statt.<\/strong><\/p>\n<p>\u00a0<\/p>\n<p>Sportliches Schie\u00dfen, aber auch Schie\u00dfen als Freizeitgestaltung und der Spa\u00df an einer kameradschaftlichen Gemeinschaft machen die Mitgliedschaft bei den TSV\u2018lern so interessant.<\/p>\n<p>Die Sportsch\u00fctzen des TSV \u00d6tlingen werben durch ihre Leistungen f\u00fcr den Schie\u00dfsport in dieser Region und sind bestrebt auch zuk\u00fcnftig allen, die Interesse daran haben, jederzeit die erforderliche Unterst\u00fctzung aus den eigenen Erfahrungen zu geben. Die Verantwortlichen des Vereins, die Aktiven und die gro\u00dfe Zahl der R\u00fcbholz-Anh\u00e4nger hofft auch f\u00fcr die Zukunft auf sportliche Erfolge, damit die Region um Kirchheim weiterhin als eine der best\u00e4ndigsten und leistungsf\u00e4higsten im deutschen Schie\u00dfsport erhalten bleibt. Antr\u00e4ge auf Mitgliedschaft und die damit verbundenen Bedingungen sind jederzeit von der Abteilungsleitung unter folgender Adresse zu erhalten:<\/p>\n<p>TSV \u00d6tlingen 1895 e. V.<br \/> Abteilung Sportsch\u00fctzen<br \/> Joachim Poppek<br \/> Hohe Str. 49<br \/> 73230 Kirchheim<\/p>\n<\/div>\n<\/div><\/div><\/div><\/div><div id=\"pg-17-2\"  class=\"panel-grid panel-no-style\" ><div id=\"pgc-17-2-0\"  class=\"panel-grid-cell\" ><div id=\"panel-17-2-0-0\" class=\"so-panel widget widget_sow-editor panel-first-child panel-last-child\" data-index=\"3\" ><div\n\t\t\t\n\t\t\tclass=\"so-widget-sow-editor so-widget-sow-editor-base\"\n\t\t\t\n\t\t><h3 class=\"widget-title\">Download der Chronik als PDF Datei<\/h3>\n<div class=\"siteorigin-widget-tinymce textwidget\">\n\t<aside class=\"download-box\">\n\n\t<div class=\"download-box-content\">\n\n\t\t<h4>Chronik der Sportsch\u00fctzenabteilung<\/h4>\n\n\t\t\t\t<small>Chronik-SpSchAbtlg.pdf <br> Dateigr\u00f6\u00dfe: 3,16 MB<\/small><br>\n\t\t<a class=\"btn btn-primary\" title=\"\" href=\"https:\/\/www.tsv-oetlingen.de\/sportschuetzen\/download\/353\/?tmstv=1777345379\" rel=\"nofollow\"><i class=\"fa fa-download\" aria-hidden=\"true\"><\/i> Datei herunterladen<br>\n\t\t<\/a>\n\n\t<\/div>\n<\/aside>\n\n<\/div>\n<\/div><\/div><\/div><\/div><\/div>","protected":false},"excerpt":{"rendered":"<p>\u00a0\u00a0Die Sportsch\u00fctzen des TSV \u00d6tlingen m\u00f6chten in diesem kleinen R\u00fcckblick aufzeigen, wie es zur Schaffung dieser Abteilung kam, die diesen interessanten Sport so erfolgreich betreibt und deren Leistungen heute national [&hellip;]<\/p>\n","protected":false},"author":1,"featured_media":0,"parent":0,"menu_order":0,"comment_status":"closed","ping_status":"closed","template":"","meta":{"_genesis_hide_title":false,"_genesis_hide_breadcrumbs":false,"_genesis_hide_singular_image":false,"_genesis_hide_footer_widgets":false,"_genesis_custom_body_class":"","_genesis_custom_post_class":"","_genesis_layout":"","footnotes":""},"class_list":["post-17","page","type-page","status-publish","entry"],"publishpress_future_action":{"enabled":false,"date":"2026-05-05 05:02:59","action":"change-status","newStatus":"draft","terms":[],"taxonomy":""},"_links":{"self":[{"href":"https:\/\/www.tsv-oetlingen.de\/sportschuetzen\/wp-json\/wp\/v2\/pages\/17","targetHints":{"allow":["GET"]}}],"collection":[{"href":"https:\/\/www.tsv-oetlingen.de\/sportschuetzen\/wp-json\/wp\/v2\/pages"}],"about":[{"href":"https:\/\/www.tsv-oetlingen.de\/sportschuetzen\/wp-json\/wp\/v2\/types\/page"}],"author":[{"embeddable":true,"href":"https:\/\/www.tsv-oetlingen.de\/sportschuetzen\/wp-json\/wp\/v2\/users\/1"}],"replies":[{"embeddable":true,"href":"https:\/\/www.tsv-oetlingen.de\/sportschuetzen\/wp-json\/wp\/v2\/comments?post=17"}],"version-history":[{"count":0,"href":"https:\/\/www.tsv-oetlingen.de\/sportschuetzen\/wp-json\/wp\/v2\/pages\/17\/revisions"}],"wp:attachment":[{"href":"https:\/\/www.tsv-oetlingen.de\/sportschuetzen\/wp-json\/wp\/v2\/media?parent=17"}],"curies":[{"name":"wp","href":"https:\/\/api.w.org\/{rel}","templated":true}]}}