{"id":425,"date":"2016-12-09T07:45:18","date_gmt":"2016-12-09T06:45:18","guid":{"rendered":"http:\/\/tsv.teckbotenpokal2015.de\/sportschuetzen\/?page_id=425"},"modified":"2025-10-30T20:54:59","modified_gmt":"2025-10-30T19:54:59","slug":"luftpistole","status":"publish","type":"page","link":"https:\/\/www.tsv-oetlingen.de\/sportschuetzen\/mannschaften\/luftpistole\/","title":{"rendered":"Luftpistole"},"content":{"rendered":"<div id=\"pl-425\"  class=\"panel-layout\" ><div id=\"pg-425-0\"  class=\"panel-grid panel-no-style\" ><div id=\"pgc-425-0-0\"  class=\"panel-grid-cell\" ><div id=\"panel-425-0-0-0\" class=\"so-panel widget widget_sow-editor panel-first-child panel-last-child\" data-index=\"0\" ><div\n\t\t\t\n\t\t\tclass=\"so-widget-sow-editor so-widget-sow-editor-base\"\n\t\t\t\n\t\t>\n<div class=\"siteorigin-widget-tinymce textwidget\">\n\t<h3 style=\"text-align: center\">In der Saison 2025 \/ 2026 starten wir mit folgenden Mannschaften bei Ligawettk\u00e4mpfen:<\/h3>\n<h3 style=\"text-align: center\">SSAbt \u00d6tlingen 1 in der Bundesliga (BuLi)<br \/>\nSSAbt \u00d6tlingen 2 in der W\u00fcrttembergliga (WTL)<br \/>\nSSAbt. \u00d6tlingen 3 in der Landesliga (LL)<br \/>\nSSAbt. \u00d6tlingen 4 in der Kreisliga (KL)<br \/>\nSSAbt. \u00d6tlingen 5 in der Kreisliga (KL)<\/h3>\n<h3 style=\"text-align: center\">LP Auflage TSV \u00d6tlingen Landesliga Sen 3 (LL)<br \/>\nLP Auflage TSV \u00d6tlingen Landesliga Sen 1 (LL)<\/h3>\n<p style=\"text-align: center\"><img loading=\"lazy\" decoding=\"async\" class=\"alignnone size-full wp-image-4820\" src=\"https:\/\/www.tsv-oetlingen.de\/sportschuetzen\/wp-content\/uploads\/sites\/6\/2025\/08\/LP2526.jpg\" alt=\"\" width=\"787\" height=\"609\" srcset=\"https:\/\/www.tsv-oetlingen.de\/sportschuetzen\/wp-content\/uploads\/sites\/6\/2025\/08\/LP2526.jpg 787w, https:\/\/www.tsv-oetlingen.de\/sportschuetzen\/wp-content\/uploads\/sites\/6\/2025\/08\/LP2526-300x232.jpg 300w, https:\/\/www.tsv-oetlingen.de\/sportschuetzen\/wp-content\/uploads\/sites\/6\/2025\/08\/LP2526-768x594.jpg 768w\" sizes=\"auto, (max-width: 787px) 100vw, 787px\" \/><\/p>\n<p>&nbsp;<\/p>\n<p><img loading=\"lazy\" decoding=\"async\" class=\" wp-image-4823 aligncenter\" src=\"https:\/\/www.tsv-oetlingen.de\/sportschuetzen\/wp-content\/uploads\/sites\/6\/2025\/08\/Termine2526.jpg\" alt=\"\" width=\"653\" height=\"527\" srcset=\"https:\/\/www.tsv-oetlingen.de\/sportschuetzen\/wp-content\/uploads\/sites\/6\/2025\/08\/Termine2526.jpg 574w, https:\/\/www.tsv-oetlingen.de\/sportschuetzen\/wp-content\/uploads\/sites\/6\/2025\/08\/Termine2526-300x242.jpg 300w\" sizes=\"auto, (max-width: 653px) 100vw, 653px\" \/><\/p>\n<pre>stand 15.08.2025<\/pre>\n<\/div>\n<\/div><\/div><\/div><\/div><div id=\"pg-425-1\"  class=\"panel-grid panel-no-style\" ><div id=\"pgc-425-1-0\"  class=\"panel-grid-cell\" ><div id=\"panel-425-1-0-0\" class=\"so-panel widget widget_sow-editor panel-first-child panel-last-child\" data-index=\"1\" ><div\n\t\t\t\n\t\t\tclass=\"so-widget-sow-editor so-widget-sow-editor-base\"\n\t\t\t\n\t\t><h3 class=\"widget-title\">Bundesliga<\/h3>\n<div class=\"siteorigin-widget-tinymce textwidget\">\n\t<\/div>\n<\/div><\/div><\/div><div id=\"pgc-425-1-1\"  class=\"panel-grid-cell\" ><div id=\"panel-425-1-1-0\" class=\"so-panel widget widget_sow-editor panel-first-child panel-last-child\" data-index=\"2\" ><div\n\t\t\t\n\t\t\tclass=\"so-widget-sow-editor so-widget-sow-editor-base\"\n\t\t\t\n\t\t><h3 class=\"widget-title\">Termine<\/h3>\n<div class=\"siteorigin-widget-tinymce textwidget\">\n\t<p style=\"text-align: center\">\n<p style=\"text-align: center\">Ergebnisse und weitere Informationen finden Sie auf der Bundesliga Seite des DSB<\/p>\n<h4 style=\"text-align: center\"><a href=\"https:\/\/bundesliga.dsb.de\/luftpistole\/1-bl-sued\" target=\"_blank\" rel=\"noopener\">DSB Bundesliga<\/a><\/h4>\n<p style=\"text-align: center\">\n<p><img loading=\"lazy\" decoding=\"async\" class=\"alignnone size-large wp-image-4886 aligncenter\" src=\"https:\/\/www.tsv-oetlingen.de\/sportschuetzen\/wp-content\/uploads\/sites\/6\/2025\/10\/Steckbriefe-Reihe-1-1024x458.png\" alt=\"\" width=\"1024\" height=\"458\" srcset=\"https:\/\/www.tsv-oetlingen.de\/sportschuetzen\/wp-content\/uploads\/sites\/6\/2025\/10\/Steckbriefe-Reihe-1-1024x458.png 1024w, https:\/\/www.tsv-oetlingen.de\/sportschuetzen\/wp-content\/uploads\/sites\/6\/2025\/10\/Steckbriefe-Reihe-1-300x134.png 300w, https:\/\/www.tsv-oetlingen.de\/sportschuetzen\/wp-content\/uploads\/sites\/6\/2025\/10\/Steckbriefe-Reihe-1-768x343.png 768w, https:\/\/www.tsv-oetlingen.de\/sportschuetzen\/wp-content\/uploads\/sites\/6\/2025\/10\/Steckbriefe-Reihe-1-1536x687.png 1536w, https:\/\/www.tsv-oetlingen.de\/sportschuetzen\/wp-content\/uploads\/sites\/6\/2025\/10\/Steckbriefe-Reihe-1.png 1738w\" sizes=\"auto, (max-width: 1024px) 100vw, 1024px\" \/> <img loading=\"lazy\" decoding=\"async\" class=\"alignnone size-large wp-image-4887 aligncenter\" src=\"https:\/\/www.tsv-oetlingen.de\/sportschuetzen\/wp-content\/uploads\/sites\/6\/2025\/10\/Steckbriefe-Reihe-2-1024x427.png\" alt=\"\" width=\"1024\" height=\"427\" srcset=\"https:\/\/www.tsv-oetlingen.de\/sportschuetzen\/wp-content\/uploads\/sites\/6\/2025\/10\/Steckbriefe-Reihe-2-1024x427.png 1024w, https:\/\/www.tsv-oetlingen.de\/sportschuetzen\/wp-content\/uploads\/sites\/6\/2025\/10\/Steckbriefe-Reihe-2-300x125.png 300w, https:\/\/www.tsv-oetlingen.de\/sportschuetzen\/wp-content\/uploads\/sites\/6\/2025\/10\/Steckbriefe-Reihe-2-768x320.png 768w, https:\/\/www.tsv-oetlingen.de\/sportschuetzen\/wp-content\/uploads\/sites\/6\/2025\/10\/Steckbriefe-Reihe-2-1536x640.png 1536w, https:\/\/www.tsv-oetlingen.de\/sportschuetzen\/wp-content\/uploads\/sites\/6\/2025\/10\/Steckbriefe-Reihe-2.png 1708w\" sizes=\"auto, (max-width: 1024px) 100vw, 1024px\" \/> <img loading=\"lazy\" decoding=\"async\" class=\"alignnone size-large wp-image-4888 aligncenter\" src=\"https:\/\/www.tsv-oetlingen.de\/sportschuetzen\/wp-content\/uploads\/sites\/6\/2025\/10\/Steckbriefe-Reihe3-1024x478.png\" alt=\"\" width=\"1024\" height=\"478\" srcset=\"https:\/\/www.tsv-oetlingen.de\/sportschuetzen\/wp-content\/uploads\/sites\/6\/2025\/10\/Steckbriefe-Reihe3-1024x478.png 1024w, https:\/\/www.tsv-oetlingen.de\/sportschuetzen\/wp-content\/uploads\/sites\/6\/2025\/10\/Steckbriefe-Reihe3-300x140.png 300w, https:\/\/www.tsv-oetlingen.de\/sportschuetzen\/wp-content\/uploads\/sites\/6\/2025\/10\/Steckbriefe-Reihe3-768x358.png 768w, https:\/\/www.tsv-oetlingen.de\/sportschuetzen\/wp-content\/uploads\/sites\/6\/2025\/10\/Steckbriefe-Reihe3-1536x716.png 1536w, https:\/\/www.tsv-oetlingen.de\/sportschuetzen\/wp-content\/uploads\/sites\/6\/2025\/10\/Steckbriefe-Reihe3.png 1713w\" sizes=\"auto, (max-width: 1024px) 100vw, 1024px\" \/> <img loading=\"lazy\" decoding=\"async\" class=\"alignnone size-large wp-image-4889 aligncenter\" src=\"https:\/\/www.tsv-oetlingen.de\/sportschuetzen\/wp-content\/uploads\/sites\/6\/2025\/10\/Steckbriefe-Reihe-4-1024x495.png\" alt=\"\" width=\"1024\" height=\"495\" srcset=\"https:\/\/www.tsv-oetlingen.de\/sportschuetzen\/wp-content\/uploads\/sites\/6\/2025\/10\/Steckbriefe-Reihe-4-1024x495.png 1024w, https:\/\/www.tsv-oetlingen.de\/sportschuetzen\/wp-content\/uploads\/sites\/6\/2025\/10\/Steckbriefe-Reihe-4-300x145.png 300w, https:\/\/www.tsv-oetlingen.de\/sportschuetzen\/wp-content\/uploads\/sites\/6\/2025\/10\/Steckbriefe-Reihe-4-768x371.png 768w, https:\/\/www.tsv-oetlingen.de\/sportschuetzen\/wp-content\/uploads\/sites\/6\/2025\/10\/Steckbriefe-Reihe-4-1536x742.png 1536w, https:\/\/www.tsv-oetlingen.de\/sportschuetzen\/wp-content\/uploads\/sites\/6\/2025\/10\/Steckbriefe-Reihe-4.png 1735w\" sizes=\"auto, (max-width: 1024px) 100vw, 1024px\" \/><\/p>\n<\/div>\n<\/div><\/div><\/div><\/div><div id=\"pg-425-2\"  class=\"panel-grid panel-no-style\" ><div id=\"pgc-425-2-0\"  class=\"panel-grid-cell\" ><div id=\"panel-425-2-0-0\" class=\"so-panel widget widget_sow-editor panel-first-child panel-last-child\" data-index=\"3\" ><div\n\t\t\t\n\t\t\tclass=\"so-widget-sow-editor so-widget-sow-editor-base\"\n\t\t\t\n\t\t><h3 class=\"widget-title\">W\u00fcrttembergliga<\/h3>\n<div class=\"siteorigin-widget-tinymce textwidget\">\n\t<\/div>\n<\/div><\/div><\/div><div id=\"pgc-425-2-1\"  class=\"panel-grid-cell\" ><div id=\"panel-425-2-1-0\" class=\"so-panel widget widget_sow-editor panel-first-child panel-last-child\" data-index=\"4\" ><div\n\t\t\t\n\t\t\tclass=\"so-widget-sow-editor so-widget-sow-editor-base\"\n\t\t\t\n\t\t><h3 class=\"widget-title\">Termine<\/h3>\n<div class=\"siteorigin-widget-tinymce textwidget\">\n\t<p>&nbsp;<\/p>\n<p style=\"text-align: center\">Ergebniss und weitere Informationen finden Sie auf der Liga Seite des WSV<\/p>\n<h4 style=\"text-align: center\"><a href=\"https:\/\/www.wsvligen.de\/WSV-Ligen\/Winterrunde-20252026\/Wuerttembergliga-Luftpistole\/\" target=\"_blank\" rel=\"noopener\">WSV Ligen (WTL)<\/a><\/h4>\n<\/div>\n<\/div><\/div><\/div><\/div><div id=\"pg-425-3\"  class=\"panel-grid panel-no-style\" ><div id=\"pgc-425-3-0\"  class=\"panel-grid-cell\" ><div id=\"panel-425-3-0-0\" class=\"so-panel widget widget_sow-editor panel-first-child panel-last-child\" data-index=\"5\" ><div\n\t\t\t\n\t\t\tclass=\"so-widget-sow-editor so-widget-sow-editor-base\"\n\t\t\t\n\t\t><h3 class=\"widget-title\">Landesliga<\/h3>\n<div class=\"siteorigin-widget-tinymce textwidget\">\n\t<\/div>\n<\/div><\/div><\/div><div id=\"pgc-425-3-1\"  class=\"panel-grid-cell\" ><div id=\"panel-425-3-1-0\" class=\"so-panel widget widget_sow-editor panel-first-child panel-last-child\" data-index=\"6\" ><div\n\t\t\t\n\t\t\tclass=\"so-widget-sow-editor so-widget-sow-editor-base\"\n\t\t\t\n\t\t><h3 class=\"widget-title\">Termine<\/h3>\n<div class=\"siteorigin-widget-tinymce textwidget\">\n\t<p>&nbsp;<\/p>\n<p style=\"text-align: center\">Weitere Informationen finden Sie auf der Ergebnisseite des Bezirks Neckar<\/p>\n<p style=\"text-align: center\"><a href=\"https:\/\/www.wsvligen.de\/WSV-Ligen\/Winterrunde-20252026\/Landesliga-Sued-Luftpistole\/\" target=\"_blank\" rel=\"noopener\">Ergebnisse LL<\/a><\/p>\n<\/div>\n<\/div><\/div><\/div><\/div><div id=\"pg-425-4\"  class=\"panel-grid panel-no-style\" ><div id=\"pgc-425-4-0\"  class=\"panel-grid-cell\" ><div id=\"panel-425-4-0-0\" class=\"so-panel widget widget_sow-editor panel-first-child panel-last-child\" data-index=\"7\" ><div\n\t\t\t\n\t\t\tclass=\"so-widget-sow-editor so-widget-sow-editor-base\"\n\t\t\t\n\t\t><h3 class=\"widget-title\">Kreisliga Luftpistole 4<\/h3>\n<div class=\"siteorigin-widget-tinymce textwidget\">\n\t<\/div>\n<\/div><\/div><\/div><div id=\"pgc-425-4-1\"  class=\"panel-grid-cell\" ><div id=\"panel-425-4-1-0\" class=\"so-panel widget widget_sow-editor panel-first-child panel-last-child\" data-index=\"8\" ><div\n\t\t\t\n\t\t\tclass=\"so-widget-sow-editor so-widget-sow-editor-base\"\n\t\t\t\n\t\t><h3 class=\"widget-title\">Termine<\/h3>\n<div class=\"siteorigin-widget-tinymce textwidget\">\n\t<p>&nbsp;<\/p>\n<p style=\"text-align: center\">Die Ergebnisse finden Sie auf der Homepage des Kreis Teck<\/p>\n<p style=\"text-align: center\"><a href=\"https:\/\/www.schuetzenkreis-teck.de\/liga\" target=\"_blank\" rel=\"noopener\">Liga Kreis Teck<\/a><\/p>\n<\/div>\n<\/div><\/div><\/div><\/div><div id=\"pg-425-5\"  class=\"panel-grid panel-no-style\" ><div id=\"pgc-425-5-0\"  class=\"panel-grid-cell\" ><div id=\"panel-425-5-0-0\" class=\"so-panel widget widget_sow-editor panel-first-child panel-last-child\" data-index=\"9\" ><div\n\t\t\t\n\t\t\tclass=\"so-widget-sow-editor so-widget-sow-editor-base\"\n\t\t\t\n\t\t><h3 class=\"widget-title\">Kreisliga Luftpistole 5<\/h3>\n<div class=\"siteorigin-widget-tinymce textwidget\">\n\t<\/div>\n<\/div><\/div><\/div><div id=\"pgc-425-5-1\"  class=\"panel-grid-cell\" ><div id=\"panel-425-5-1-0\" class=\"so-panel widget widget_sow-editor panel-first-child panel-last-child\" data-index=\"10\" ><div\n\t\t\t\n\t\t\tclass=\"so-widget-sow-editor so-widget-sow-editor-base\"\n\t\t\t\n\t\t><h3 class=\"widget-title\">Termine<\/h3>\n<div class=\"siteorigin-widget-tinymce textwidget\">\n\t<p>&nbsp;<\/p>\n<p style=\"text-align: center\">Die Ergebnisse finden Sie auf der Homepage des Kreis Teck<\/p>\n<p style=\"text-align: center\"><a href=\"https:\/\/www.schuetzenkreis-teck.de\/liga\" target=\"_blank\" rel=\"noopener\">Liga Kreis Teck<\/a><\/p>\n<\/div>\n<\/div><\/div><\/div><\/div><\/div>","protected":false},"excerpt":{"rendered":"<p>In der Saison 2025 \/ 2026 starten wir mit folgenden Mannschaften bei Ligawettk\u00e4mpfen: SSAbt \u00d6tlingen 1 in der Bundesliga (BuLi) SSAbt \u00d6tlingen 2 in der W\u00fcrttembergliga (WTL) SSAbt. \u00d6tlingen 3 [&hellip;]<\/p>\n","protected":false},"author":1,"featured_media":0,"parent":11,"menu_order":0,"comment_status":"closed","ping_status":"closed","template":"","meta":{"_genesis_hide_title":false,"_genesis_hide_breadcrumbs":false,"_genesis_hide_singular_image":false,"_genesis_hide_footer_widgets":false,"_genesis_custom_body_class":"","_genesis_custom_post_class":"","_genesis_layout":"","footnotes":""},"class_list":["post-425","page","type-page","status-publish","entry"],"publishpress_future_action":{"enabled":false,"date":"2026-04-19 23:58:28","action":"change-status","newStatus":"draft","terms":[],"taxonomy":""},"_links":{"self":[{"href":"https:\/\/www.tsv-oetlingen.de\/sportschuetzen\/wp-json\/wp\/v2\/pages\/425","targetHints":{"allow":["GET"]}}],"collection":[{"href":"https:\/\/www.tsv-oetlingen.de\/sportschuetzen\/wp-json\/wp\/v2\/pages"}],"about":[{"href":"https:\/\/www.tsv-oetlingen.de\/sportschuetzen\/wp-json\/wp\/v2\/types\/page"}],"author":[{"embeddable":true,"href":"https:\/\/www.tsv-oetlingen.de\/sportschuetzen\/wp-json\/wp\/v2\/users\/1"}],"replies":[{"embeddable":true,"href":"https:\/\/www.tsv-oetlingen.de\/sportschuetzen\/wp-json\/wp\/v2\/comments?post=425"}],"version-history":[{"count":11,"href":"https:\/\/www.tsv-oetlingen.de\/sportschuetzen\/wp-json\/wp\/v2\/pages\/425\/revisions"}],"predecessor-version":[{"id":4904,"href":"https:\/\/www.tsv-oetlingen.de\/sportschuetzen\/wp-json\/wp\/v2\/pages\/425\/revisions\/4904"}],"up":[{"embeddable":true,"href":"https:\/\/www.tsv-oetlingen.de\/sportschuetzen\/wp-json\/wp\/v2\/pages\/11"}],"wp:attachment":[{"href":"https:\/\/www.tsv-oetlingen.de\/sportschuetzen\/wp-json\/wp\/v2\/media?parent=425"}],"curies":[{"name":"wp","href":"https:\/\/api.w.org\/{rel}","templated":true}]}}