{"id":503,"date":"2016-12-22T14:58:23","date_gmt":"2016-12-22T13:58:23","guid":{"rendered":"http:\/\/tsv.teckbotenpokal2015.de\/sportschuetzen\/?page_id=503"},"modified":"2025-08-15T23:53:21","modified_gmt":"2025-08-15T21:53:21","slug":"sportpistole","status":"publish","type":"page","link":"https:\/\/www.tsv-oetlingen.de\/sportschuetzen\/mannschaften\/sportpistole\/","title":{"rendered":"Sportpistole"},"content":{"rendered":"<div id=\"pl-503\"  class=\"panel-layout\" ><div id=\"pg-503-0\"  class=\"panel-grid panel-no-style\" ><div id=\"pgc-503-0-0\"  class=\"panel-grid-cell\" ><div id=\"panel-503-0-0-0\" class=\"so-panel widget widget_sow-editor panel-first-child panel-last-child\" data-index=\"0\" ><div\n\t\t\t\n\t\t\tclass=\"so-widget-sow-editor so-widget-sow-editor-base\"\n\t\t\t\n\t\t><h3 class=\"widget-title\">Sportpistole Winterrunde 2025 \/ 2026<\/h3>\n<div class=\"siteorigin-widget-tinymce textwidget\">\n\t<p>In der Winterrunde 2025 \/ 2026 sind wir mit folgenden Sportpistolen Mannschaften dabei.<\/p>\n<p>SSAbt \u00d6tlingen 1 in der Landesliga (LL)<br \/>\nSSAbt \u00d6tlingen 2 in der Bezirksliga (BL)<br \/>\nSSAbt \u00d6tlingen 3 in der Kreisliga (KL)<br \/>\nSSAbt \u00d6tlingen 4 in der Kreisliga (KL)<\/p>\n<p><img loading=\"lazy\" decoding=\"async\" class=\"alignnone size-full wp-image-4822\" src=\"https:\/\/www.tsv-oetlingen.de\/sportschuetzen\/wp-content\/uploads\/sites\/6\/2025\/08\/SPOPI2526.jpg\" alt=\"\" width=\"930\" height=\"286\" srcset=\"https:\/\/www.tsv-oetlingen.de\/sportschuetzen\/wp-content\/uploads\/sites\/6\/2025\/08\/SPOPI2526.jpg 930w, https:\/\/www.tsv-oetlingen.de\/sportschuetzen\/wp-content\/uploads\/sites\/6\/2025\/08\/SPOPI2526-300x92.jpg 300w, https:\/\/www.tsv-oetlingen.de\/sportschuetzen\/wp-content\/uploads\/sites\/6\/2025\/08\/SPOPI2526-768x236.jpg 768w\" sizes=\"auto, (max-width: 930px) 100vw, 930px\" \/><\/p>\n<p>stand: 15.08.2025<\/p>\n<p>&nbsp;<\/p>\n<\/div>\n<\/div><\/div><\/div><\/div><div id=\"pg-503-1\"  class=\"panel-grid panel-no-style\" ><div id=\"pgc-503-1-0\"  class=\"panel-grid-cell\" ><div id=\"panel-503-1-0-0\" class=\"so-panel widget widget_sow-editor panel-first-child panel-last-child\" data-index=\"1\" ><div\n\t\t\t\n\t\t\tclass=\"so-widget-sow-editor so-widget-sow-editor-base\"\n\t\t\t\n\t\t><h3 class=\"widget-title\">Landesliga<\/h3>\n<div class=\"siteorigin-widget-tinymce textwidget\">\n\t<\/div>\n<\/div><\/div><\/div><div id=\"pgc-503-1-1\"  class=\"panel-grid-cell\" ><div id=\"panel-503-1-1-0\" class=\"so-panel widget widget_sow-editor panel-first-child panel-last-child\" data-index=\"2\" ><div\n\t\t\t\n\t\t\tclass=\"so-widget-sow-editor so-widget-sow-editor-base\"\n\t\t\t\n\t\t><h3 class=\"widget-title\">Termine<\/h3>\n<div class=\"siteorigin-widget-tinymce textwidget\">\n\t<\/div>\n<\/div><\/div><\/div><\/div><div id=\"pg-503-2\"  class=\"panel-grid panel-no-style\" ><div id=\"pgc-503-2-0\"  class=\"panel-grid-cell\" ><div id=\"panel-503-2-0-0\" class=\"so-panel widget widget_sow-editor panel-first-child panel-last-child\" data-index=\"3\" ><div\n\t\t\t\n\t\t\tclass=\"so-widget-sow-editor so-widget-sow-editor-base\"\n\t\t\t\n\t\t><h3 class=\"widget-title\">Bezirksliga<\/h3>\n<div class=\"siteorigin-widget-tinymce textwidget\">\n\t<\/div>\n<\/div><\/div><\/div><div id=\"pgc-503-2-1\"  class=\"panel-grid-cell\" ><div id=\"panel-503-2-1-0\" class=\"so-panel widget widget_sow-editor panel-first-child panel-last-child\" data-index=\"4\" ><div\n\t\t\t\n\t\t\tclass=\"so-widget-sow-editor so-widget-sow-editor-base\"\n\t\t\t\n\t\t><h3 class=\"widget-title\">Termine<\/h3>\n<div class=\"siteorigin-widget-tinymce textwidget\">\n\t<\/div>\n<\/div><\/div><\/div><\/div><div id=\"pg-503-3\"  class=\"panel-grid panel-no-style\" ><div id=\"pgc-503-3-0\"  class=\"panel-grid-cell\" ><div id=\"panel-503-3-0-0\" class=\"so-panel widget widget_sow-editor panel-first-child panel-last-child\" data-index=\"5\" ><div\n\t\t\t\n\t\t\tclass=\"so-widget-sow-editor so-widget-sow-editor-base\"\n\t\t\t\n\t\t><h3 class=\"widget-title\">Kreisliga 3. Mannschaft<\/h3>\n<div class=\"siteorigin-widget-tinymce textwidget\">\n\t<\/div>\n<\/div><\/div><\/div><div id=\"pgc-503-3-1\"  class=\"panel-grid-cell\" ><div id=\"panel-503-3-1-0\" class=\"so-panel widget widget_sow-editor panel-first-child panel-last-child\" data-index=\"6\" ><div\n\t\t\t\n\t\t\tclass=\"so-widget-sow-editor so-widget-sow-editor-base\"\n\t\t\t\n\t\t><h3 class=\"widget-title\">Termine<\/h3>\n<div class=\"siteorigin-widget-tinymce textwidget\">\n\t<\/div>\n<\/div><\/div><\/div><\/div><div id=\"pg-503-4\"  class=\"panel-grid panel-no-style\" ><div id=\"pgc-503-4-0\"  class=\"panel-grid-cell\" ><div id=\"panel-503-4-0-0\" class=\"so-panel widget widget_sow-editor panel-first-child panel-last-child\" data-index=\"7\" ><div\n\t\t\t\n\t\t\tclass=\"so-widget-sow-editor so-widget-sow-editor-base\"\n\t\t\t\n\t\t><h3 class=\"widget-title\">Kreisliga 4. Mannschaft<\/h3>\n<div class=\"siteorigin-widget-tinymce textwidget\">\n\t<\/div>\n<\/div><\/div><\/div><div id=\"pgc-503-4-1\"  class=\"panel-grid-cell\" ><div id=\"panel-503-4-1-0\" class=\"so-panel widget widget_sow-editor panel-first-child panel-last-child\" data-index=\"8\" ><div\n\t\t\t\n\t\t\tclass=\"so-widget-sow-editor so-widget-sow-editor-base\"\n\t\t\t\n\t\t><h3 class=\"widget-title\">Termine<\/h3>\n<div class=\"siteorigin-widget-tinymce textwidget\">\n\t<\/div>\n<\/div><\/div><\/div><\/div><\/div>","protected":false},"excerpt":{"rendered":"<p>In der Winterrunde 2025 \/ 2026 sind wir mit folgenden Sportpistolen Mannschaften dabei. SSAbt \u00d6tlingen 1 in der Landesliga (LL) SSAbt \u00d6tlingen 2 in der Bezirksliga (BL) SSAbt \u00d6tlingen 3 [&hellip;]<\/p>\n","protected":false},"author":1,"featured_media":0,"parent":11,"menu_order":0,"comment_status":"closed","ping_status":"closed","template":"","meta":{"_genesis_hide_title":false,"_genesis_hide_breadcrumbs":false,"_genesis_hide_singular_image":false,"_genesis_hide_footer_widgets":false,"_genesis_custom_body_class":"","_genesis_custom_post_class":"","_genesis_layout":"","footnotes":""},"class_list":["post-503","page","type-page","status-publish","entry"],"publishpress_future_action":{"enabled":false,"date":"2026-05-07 08:24:30","action":"change-status","newStatus":"draft","terms":[],"taxonomy":""},"_links":{"self":[{"href":"https:\/\/www.tsv-oetlingen.de\/sportschuetzen\/wp-json\/wp\/v2\/pages\/503","targetHints":{"allow":["GET"]}}],"collection":[{"href":"https:\/\/www.tsv-oetlingen.de\/sportschuetzen\/wp-json\/wp\/v2\/pages"}],"about":[{"href":"https:\/\/www.tsv-oetlingen.de\/sportschuetzen\/wp-json\/wp\/v2\/types\/page"}],"author":[{"embeddable":true,"href":"https:\/\/www.tsv-oetlingen.de\/sportschuetzen\/wp-json\/wp\/v2\/users\/1"}],"replies":[{"embeddable":true,"href":"https:\/\/www.tsv-oetlingen.de\/sportschuetzen\/wp-json\/wp\/v2\/comments?post=503"}],"version-history":[{"count":11,"href":"https:\/\/www.tsv-oetlingen.de\/sportschuetzen\/wp-json\/wp\/v2\/pages\/503\/revisions"}],"predecessor-version":[{"id":4824,"href":"https:\/\/www.tsv-oetlingen.de\/sportschuetzen\/wp-json\/wp\/v2\/pages\/503\/revisions\/4824"}],"up":[{"embeddable":true,"href":"https:\/\/www.tsv-oetlingen.de\/sportschuetzen\/wp-json\/wp\/v2\/pages\/11"}],"wp:attachment":[{"href":"https:\/\/www.tsv-oetlingen.de\/sportschuetzen\/wp-json\/wp\/v2\/media?parent=503"}],"curies":[{"name":"wp","href":"https:\/\/api.w.org\/{rel}","templated":true}]}}