{"id":505,"date":"2016-12-17T13:00:29","date_gmt":"2016-12-17T12:00:29","guid":{"rendered":"http:\/\/tsv.teckbotenpokal2015.de\/tennis\/?page_id=505"},"modified":"2016-12-17T13:00:29","modified_gmt":"2016-12-17T12:00:29","slug":"tennishaeusle","status":"publish","type":"page","link":"https:\/\/www.tsv-oetlingen.de\/tennis\/historie\/tennishaeusle\/","title":{"rendered":"Tennish\u00e4usle"},"content":{"rendered":"<div id=\"pl-505\"  class=\"panel-layout\" ><div id=\"pg-505-0\"  class=\"panel-grid panel-no-style\" ><div id=\"pgc-505-0-0\"  class=\"panel-grid-cell\" ><div id=\"panel-505-0-0-0\" class=\"so-panel widget widget_sow-editor panel-first-child panel-last-child\" data-index=\"0\" ><div\n\t\t\t\n\t\t\tclass=\"so-widget-sow-editor so-widget-sow-editor-base\"\n\t\t\t\n\t\t><h3 class=\"widget-title\">Tennish\u00e4usle<\/h3>\n<div class=\"siteorigin-widget-tinymce textwidget\">\n\t<p style=\"text-align: left;\"><img loading=\"lazy\" decoding=\"async\" class=\"alignnone size-full wp-image-513 alignright\" src=\"http:\/\/tsv.teckbotenpokal2015.de\/tennis\/wp-content\/uploads\/sites\/16\/2016\/12\/RTEmagicC_turnierbussle.jpeg.jpg\" alt=\"\" width=\"217\" height=\"143\" \/>In den ersten Jahren nach Gr\u00fcndung der Tennisabteilung waren zwar die Pl\u00e4tze vorhanden, es fehlte aber eine Unterkunft f\u00fcr die Spielerinnen und Spieler sowie eine Aufbewahrungsm\u00f6glichkeit f\u00fcr Arbeitsger\u00e4te. So benutzte beispielsweise die Turnierleitung der ersten Vereinsmeisterschaften einen VW-Kastenwagen.<\/p>\n<p>Nachdem sich eine \u201cAktionsgemeinschaft Ger\u00e4teh\u00fctte\u201d gebildet hatte, wurde der gestellte Bauantrag an den Hauptverein nicht so reibungslos genehmigt, wie man es erwartet hatte. Gro\u00dfe Bedenken, dass die Tennish\u00fctte eine Konkurrenzbewirtung zur Vereinsgastst\u00e4tte darstellte, wurden von der damaligen Vorstandschaft heftigst diskutiert, Schlie\u00dflich wurde der Bau der Ger\u00e4te von der damaligen Vorstandschaft genehmigt.<\/p>\n<p>Damit war der Startschuss f\u00fcr die Suche nach einem geeigneten Objekt gefallen, denn ein Neubau war nicht finanzierbar. Die Aufregung war gro\u00df, als w\u00e4hrend eines Arbeitseinsatzes auf der Tennisanlage das Angebot eines Holz-Fertighauses bekannt wurde, das abgerissen werden sollte. Das Objekt wurde sofort besichtigt f\u00fcr geeignet gefunden und im April 1976 der Kaufvertrag geschlossen, der eines in \u201cTafelbauweise (Elementen) erstelltes Holzhaus (bisher 4-Zimmer-Wohnung) ca. 70 qm, einschl. Holzfussboden, Dach mit Pappe bedeckt\u201d vorsah.<\/p>\n<p>Der \u201cK\u00e4ufer\u201d verpflichtete sich au\u00dferdem, sich \u201cunverz\u00fcglich und mit Nachdruck\u201d um eine baurechtliche Genehmigung zu bem\u00fchen. Der Kaufpreis betrug 1500 DM und war somit \u00e4u\u00dferst g\u00fcnstig. Am 11.September 1974 fuhren 14 Abteilungsmitglieder voll Euphorie nach Aich, wo die die Abbruchmannschaft zun\u00e4chst v\u00f6llig ratlos vor dem gro\u00dfen Haus stand.<\/p>\n<p>Abends war das begehrte Objekt abgebaut, wurde auf einen Lastwagen verladen und ins R\u00fcbholz transportiert. Auf der Heimfahrt gab es allerdings noch ein Highlight: Dem Lastwagen wurde die Vorfahrt genommen, was zu einer Vollbremsung und einem anschlie\u00dfenden Dreher f\u00fchrte und damit ein Unfall nur knapp vermieden werden konnte.<\/p>\n<div id=\"background\">\n<div id=\"content\" class=\"text\" style=\"text-align: right;\">\n<p class=\"bodytext\" align=\"justify\">Als die Abbruchteile abgeladen wurde und verteilt auf der Anlage lagen, konnte sich niemand vorstellen, dass wenig sp\u00e4ter aus diesem Chaos ein schmuckes Tennisheim werden w\u00fcrde.<\/p>\n<h6 class=\"bodytext\" align=\"justify\">\u00a0<\/h6>\n<p>Quelle: Festschrift zum 25-j\u00e4hrigen Jubil\u00e4um<\/p><\/div>\n<\/div>\n<\/div>\n<\/div><\/div><\/div><\/div><\/div>","protected":false},"excerpt":{"rendered":"<p>In den ersten Jahren nach Gr\u00fcndung der Tennisabteilung waren zwar die Pl\u00e4tze vorhanden, es fehlte aber eine Unterkunft f\u00fcr die Spielerinnen und Spieler sowie eine Aufbewahrungsm\u00f6glichkeit f\u00fcr Arbeitsger\u00e4te. So benutzte [&hellip;]<\/p>\n","protected":false},"author":1,"featured_media":0,"parent":16,"menu_order":0,"comment_status":"closed","ping_status":"closed","template":"","meta":{"_genesis_hide_title":false,"_genesis_hide_breadcrumbs":false,"_genesis_hide_singular_image":false,"_genesis_hide_footer_widgets":false,"_genesis_custom_body_class":"","_genesis_custom_post_class":"","_genesis_layout":"","footnotes":""},"class_list":["post-505","page","type-page","status-publish","entry"],"publishpress_future_action":{"enabled":false,"date":"2026-05-17 12:54:21","action":"change-status","newStatus":"draft","terms":[],"taxonomy":""},"_links":{"self":[{"href":"https:\/\/www.tsv-oetlingen.de\/tennis\/wp-json\/wp\/v2\/pages\/505","targetHints":{"allow":["GET"]}}],"collection":[{"href":"https:\/\/www.tsv-oetlingen.de\/tennis\/wp-json\/wp\/v2\/pages"}],"about":[{"href":"https:\/\/www.tsv-oetlingen.de\/tennis\/wp-json\/wp\/v2\/types\/page"}],"author":[{"embeddable":true,"href":"https:\/\/www.tsv-oetlingen.de\/tennis\/wp-json\/wp\/v2\/users\/1"}],"replies":[{"embeddable":true,"href":"https:\/\/www.tsv-oetlingen.de\/tennis\/wp-json\/wp\/v2\/comments?post=505"}],"version-history":[{"count":0,"href":"https:\/\/www.tsv-oetlingen.de\/tennis\/wp-json\/wp\/v2\/pages\/505\/revisions"}],"up":[{"embeddable":true,"href":"https:\/\/www.tsv-oetlingen.de\/tennis\/wp-json\/wp\/v2\/pages\/16"}],"wp:attachment":[{"href":"https:\/\/www.tsv-oetlingen.de\/tennis\/wp-json\/wp\/v2\/media?parent=505"}],"curies":[{"name":"wp","href":"https:\/\/api.w.org\/{rel}","templated":true}]}}