{"id":507,"date":"2016-12-17T13:00:42","date_gmt":"2016-12-17T12:00:42","guid":{"rendered":"http:\/\/tsv.teckbotenpokal2015.de\/tennis\/?page_id=507"},"modified":"2016-12-17T13:00:42","modified_gmt":"2016-12-17T12:00:42","slug":"chronik","status":"publish","type":"page","link":"https:\/\/www.tsv-oetlingen.de\/tennis\/historie\/chronik\/","title":{"rendered":"Chronik"},"content":{"rendered":"<div id=\"pl-507\"  class=\"panel-layout\" ><div id=\"pg-507-0\"  class=\"panel-grid panel-no-style\" ><div id=\"pgc-507-0-0\"  class=\"panel-grid-cell\" ><div id=\"panel-507-0-0-0\" class=\"so-panel widget widget_sow-editor panel-first-child panel-last-child\" data-index=\"0\" ><div\n\t\t\t\n\t\t\tclass=\"so-widget-sow-editor so-widget-sow-editor-base\"\n\t\t\t\n\t\t><h3 class=\"widget-title\">Abteilungschronik<\/h3>\n<div class=\"siteorigin-widget-tinymce textwidget\">\n\t\n<table id=\"tablepress-1\" class=\"tablepress tablepress-id-1\">\n<tbody>\n<tr class=\"row-1 odd\">\n\t<td class=\"column-1\">1971<\/td><td class=\"column-2\">Gr\u00fcndung der Tennisabteilung<\/td>\n<\/tr>\n<tr class=\"row-2 even\">\n\t<td class=\"column-1\">15.Juli 1972<\/td><td class=\"column-2\">offizielle Einweihung der Anlage mit zwei Tennispl\u00e4tzen (heute Platz 3+4)<\/td>\n<\/tr>\n<tr class=\"row-3 odd\">\n\t<td class=\"column-1\">Saisonbeginn 1973<\/td><td class=\"column-2\">Fertigstellung der Flutlichtanlage<\/td>\n<\/tr>\n<tr class=\"row-4 even\">\n\t<td class=\"column-1\">Juli 1974<\/td><td class=\"column-2\">Er\u00f6ffnung zwei weiterer Pl\u00e4tze (heute Platz 1+2)<\/td>\n<\/tr>\n<tr class=\"row-5 odd\">\n\t<td class=\"column-1\">Saisonbeginn 1976<\/td><td class=\"column-2\">Er\u00f6ffnung zwei weiterer Tennispl\u00e4tze (heute Platz 5+6) und Inbetriebnahme Versenkregneranlage<\/td>\n<\/tr>\n<tr class=\"row-6 even\">\n\t<td class=\"column-1\">Sommer 1976<\/td><td class=\"column-2\">Bau der Terrasse <\/td>\n<\/tr>\n<tr class=\"row-7 odd\">\n\t<td class=\"column-1\">Herbst 1976<\/td><td class=\"column-2\">Bau der Tennish\u00fctte<\/td>\n<\/tr>\n<tr class=\"row-8 even\">\n\t<td class=\"column-1\">1977<\/td><td class=\"column-2\">Erstellung Kinderspielplatz<\/td>\n<\/tr>\n<tr class=\"row-9 odd\">\n\t<td class=\"column-1\">1978<\/td><td class=\"column-2\">Bau der doppelseitig bespielbaren Ballwand<\/td>\n<\/tr>\n<tr class=\"row-10 even\">\n\t<td class=\"column-1\">1980<\/td><td class=\"column-2\">Ausbau der Terrasse<\/td>\n<\/tr>\n<tr class=\"row-11 odd\">\n\t<td class=\"column-1\">1981<\/td><td class=\"column-2\">Erneuerung Wasserleitung<\/td>\n<\/tr>\n<tr class=\"row-12 even\">\n\t<td class=\"column-1\">1983\/1984<\/td><td class=\"column-2\">Innenausbau mit Neum\u00f6blierung der Tennish\u00fctte<\/td>\n<\/tr>\n<tr class=\"row-13 odd\">\n\t<td class=\"column-1\">1991<\/td><td class=\"column-2\">\u00dcberdachung Terrasse<\/td>\n<\/tr>\n<tr class=\"row-14 even\">\n\t<td class=\"column-1\">Juli 1994<\/td><td class=\"column-2\">Einweihung Platz 7<\/td>\n<\/tr>\n<tr class=\"row-15 odd\">\n\t<td class=\"column-1\">1995<\/td><td class=\"column-2\">Umgestaltung und Erneuerung des Kinderspielplatzes<\/td>\n<\/tr>\n<tr class=\"row-16 even\">\n\t<td class=\"column-1\">2003\/2004<\/td><td class=\"column-2\">Renovierung der Tennish\u00fctte<\/td>\n<\/tr>\n<\/tbody>\n<\/table>\n<!-- #tablepress-1 from cache -->\n<\/div>\n<\/div><\/div><\/div><\/div><\/div>","protected":false},"excerpt":{"rendered":"<p>Abteilungschronik 1971Gr\u00fcndung der Tennisabteilung 15.Juli 1972offizielle Einweihung der Anlage mit zwei Tennispl\u00e4tzen (heute Platz 3+4) Saisonbeginn 1973Fertigstellung der Flutlichtanlage Juli 1974Er\u00f6ffnung zwei weiterer Pl\u00e4tze (heute Platz 1+2) Saisonbeginn 1976Er\u00f6ffnung zwei [&hellip;]<\/p>\n","protected":false},"author":1,"featured_media":0,"parent":16,"menu_order":0,"comment_status":"closed","ping_status":"closed","template":"","meta":{"_genesis_hide_title":false,"_genesis_hide_breadcrumbs":false,"_genesis_hide_singular_image":false,"_genesis_hide_footer_widgets":false,"_genesis_custom_body_class":"","_genesis_custom_post_class":"","_genesis_layout":"","footnotes":""},"class_list":["post-507","page","type-page","status-publish","entry"],"publishpress_future_action":{"enabled":false,"date":"2026-05-20 13:39:26","action":"change-status","newStatus":"draft","terms":[],"taxonomy":""},"_links":{"self":[{"href":"https:\/\/www.tsv-oetlingen.de\/tennis\/wp-json\/wp\/v2\/pages\/507","targetHints":{"allow":["GET"]}}],"collection":[{"href":"https:\/\/www.tsv-oetlingen.de\/tennis\/wp-json\/wp\/v2\/pages"}],"about":[{"href":"https:\/\/www.tsv-oetlingen.de\/tennis\/wp-json\/wp\/v2\/types\/page"}],"author":[{"embeddable":true,"href":"https:\/\/www.tsv-oetlingen.de\/tennis\/wp-json\/wp\/v2\/users\/1"}],"replies":[{"embeddable":true,"href":"https:\/\/www.tsv-oetlingen.de\/tennis\/wp-json\/wp\/v2\/comments?post=507"}],"version-history":[{"count":0,"href":"https:\/\/www.tsv-oetlingen.de\/tennis\/wp-json\/wp\/v2\/pages\/507\/revisions"}],"up":[{"embeddable":true,"href":"https:\/\/www.tsv-oetlingen.de\/tennis\/wp-json\/wp\/v2\/pages\/16"}],"wp:attachment":[{"href":"https:\/\/www.tsv-oetlingen.de\/tennis\/wp-json\/wp\/v2\/media?parent=507"}],"curies":[{"name":"wp","href":"https:\/\/api.w.org\/{rel}","templated":true}]}}