{"id":509,"date":"2016-12-17T13:00:55","date_gmt":"2016-12-17T12:00:55","guid":{"rendered":"http:\/\/tsv.teckbotenpokal2015.de\/tennis\/?page_id=509"},"modified":"2016-12-17T13:00:55","modified_gmt":"2016-12-17T12:00:55","slug":"gruendung","status":"publish","type":"page","link":"https:\/\/www.tsv-oetlingen.de\/tennis\/historie\/gruendung\/","title":{"rendered":"Gr\u00fcndung"},"content":{"rendered":"<div id=\"pl-509\"  class=\"panel-layout\" ><div id=\"pg-509-0\"  class=\"panel-grid panel-no-style\" ><div id=\"pgc-509-0-0\"  class=\"panel-grid-cell\" ><div id=\"panel-509-0-0-0\" class=\"so-panel widget widget_sow-editor panel-first-child\" data-index=\"0\" ><div\n\t\t\t\n\t\t\tclass=\"so-widget-sow-editor so-widget-sow-editor-base\"\n\t\t\t\n\t\t><h3 class=\"widget-title\">Historie<\/h3>\n<div class=\"siteorigin-widget-tinymce textwidget\">\n\t<blockquote>\n<p>Initiative und Engagement gestalten die Zukunft. Wir w\u00fcrden diese Seite jetzt nicht lesen, wenn sich 1971 nicht ein paar Idealisten, Macher und Sportbegeisterte entschieden h\u00e4tten, etwas zu tun. Sie wollten nicht warten, bis jemand etwas tut, sie machten es einfach. Der schw\u00e4bische Spruch: \u201ema sot\u2026\u201c war nicht ihr Ding.\u00a0<\/p>\n<\/blockquote>\n<div id=\"background\">\n<div id=\"content\" class=\"text\">\n<blockquote>\n<p class=\"bodytext\">Vermutlich war einfach die reine Lust, Tennis spielen zu k\u00f6nnen die gro\u00dfe Motivation f\u00fcr das Engagement damals. Dass sie damit aber Generationen von Tennisbegeisterten erst die Voraussetzung geschaffen haben, ihren sch\u00f6nen Sport auszu\u00fcben, ist ein Musterbeispiel daf\u00fcr, wie gesellschaftliches Engagement f\u00fcr die Gemeinschaft wirkt.<\/p>\n<p class=\"bodytext\">Allen Gr\u00fcndungsmitgliedern, noch Jahrzehnte danach, unseren Respekt und ein herzliches Dankesch\u00f6n.<\/p>\n<\/blockquote>\n<\/div>\n<\/div>\n<\/div>\n<\/div><\/div><div id=\"panel-509-0-0-1\" class=\"so-panel widget widget_sow-editor panel-last-child\" data-index=\"1\" ><div\n\t\t\t\n\t\t\tclass=\"so-widget-sow-editor so-widget-sow-editor-base\"\n\t\t\t\n\t\t><h3 class=\"widget-title\">Gr\u00fcndungsgeschichte<\/h3>\n<div class=\"siteorigin-widget-tinymce textwidget\">\n\t<p>Die Gr\u00fcndungsversammlung der Tennisabteilung fand am 11. Oktober 1971 im Gasthaus \u201cR\u00f6\u00dfle\u201d in \u00d6tlingen statt. Eine Interessengemeinschaft von Freitzeitsportlern hatten diese Versammlung durch entsprechenden Aufruf in den Vereinsnachrichten und in der Tageszeitung bekannt gemacht. Diesem Aufruf folgten mehr als 100 Interessenten, so da\u00df auf Anhieb eine mitgliederstarke Abteilung ins Leben gerufen werden konnte.<\/p>\n<p><a href=\"http:\/\/tsv.teckbotenpokal2015.de\/tennis\/wp-content\/uploads\/sites\/16\/2016\/12\/RTEmagicC_Bekannmachung.jpeg.jpg\" data-id=\"514\"><img loading=\"lazy\" decoding=\"async\" class=\"alignnone size-full wp-image-514\" src=\"http:\/\/tsv.teckbotenpokal2015.de\/tennis\/wp-content\/uploads\/sites\/16\/2016\/12\/RTEmagicC_Bekannmachung.jpeg.jpg\" alt=\"\" width=\"300\" height=\"92\" \/><\/a><\/p>\n<p>Bis zu diesem Zeitpunkt lag hinter den Initiatoren bereits ein langer Weg von \u00dcberlegungen und Vorbereitungen. Mehr als 1 1\/2 Jahre zuvor, n\u00e4mlich am 04. Januar 1970, wurde ein Antrag auf Genehmigung an den Hauptausschu\u00df des TSV \u00d6tlingen gerichtet. Auch ein entsprechendes Areal war bereits ins Auge gefa\u00dft, um zwei Tennispl\u00e4tze erstellen zu k\u00f6nnen. Der Platz westlich des sp\u00e4teren Parkplatzes schien daf\u00fcr geeignet zu sein. Diese Idee wurde aber sp\u00e4ter wieder verworfen, weil es an Erweiterungsm\u00f6glichkeiten fehlte. Erst sp\u00e4ter wurde das Gel\u00e4nde westlich des Sportplatzes in die \u00dcberlegungen mit einbezogen, weil es zun\u00e4chst ungeeignet und f\u00fcr die Anlage von schon damals ins Auge gefa\u00dften 6 Pl\u00e4tzen zu klein erschien.<\/p>\n<div id=\"background\">\n<div id=\"content\" class=\"text\">\n<p class=\"bodytext\">In die Gr\u00fcndungsversammlung konnten damit bereits die grunds\u00e4tzlichen Ideen und Absichten eingebracht werden und trotzdem w\u00e4ren alle Vorbereitungen beinahe umsonst gewesen. In dieser Versammlung waren eine Vielzahl von Anwesenden n\u00e4mlich der Meinung, ein eigenst\u00e4ndiger Tennisclub und keine Vereinsabteilung sollte gegr\u00fcndet werden. Letztlich entschied die Mehrheit, sich dem TSV \u00d6tlingen anzuschlie\u00dfen, vor allem wegen des vorhandenen Gel\u00e4ndes.<\/p>\n<p class=\"bodytext\">Bei der Wahl eines Vorstandes durch die Gr\u00fcndungsversammlung wurde die bisher kommisarische Vorstandschaft im wesentlichen best\u00e4tigt. Au\u00dferdem beschlo\u00df diese Versammlung, auf dem Sportgel\u00e4nde \u201cR\u00fcbholz\u201d westlich des Pakrplatzes zun\u00e4chst zwei Tennispl\u00e4tze zu errichten. Der zu diesem Zweck ins Leben gerufene Bau- und Finanzausschu\u00df hatte sich der Planung und Bauausf\u00fchrung anzunehmen. Vorgabe war, da\u00df diese Pl\u00e4tze m\u00f6glichst kostensparend hergestellt werden sollten. Diese Vorhaben wurden vom Hauptverein tatkr\u00e4ftig unterst\u00fctzt.<\/p>\n<p class=\"bodytext\" align=\"right\">Quelle: Festschrift zum 25j\u00e4hrigen Jubil\u00e4um<\/p>\n<\/div>\n<\/div>\n<\/div>\n<\/div><\/div><\/div><\/div><\/div>","protected":false},"excerpt":{"rendered":"<p>Initiative und Engagement gestalten die Zukunft. Wir w\u00fcrden diese Seite jetzt nicht lesen, wenn sich 1971 nicht ein paar Idealisten, Macher und Sportbegeisterte entschieden h\u00e4tten, etwas zu tun. Sie wollten [&hellip;]<\/p>\n","protected":false},"author":1,"featured_media":0,"parent":16,"menu_order":0,"comment_status":"closed","ping_status":"closed","template":"","meta":{"_genesis_hide_title":false,"_genesis_hide_breadcrumbs":false,"_genesis_hide_singular_image":false,"_genesis_hide_footer_widgets":false,"_genesis_custom_body_class":"","_genesis_custom_post_class":"","_genesis_layout":"","footnotes":""},"class_list":["post-509","page","type-page","status-publish","entry"],"publishpress_future_action":{"enabled":false,"date":"2026-05-17 12:55:33","action":"change-status","newStatus":"draft","terms":[],"taxonomy":""},"_links":{"self":[{"href":"https:\/\/www.tsv-oetlingen.de\/tennis\/wp-json\/wp\/v2\/pages\/509","targetHints":{"allow":["GET"]}}],"collection":[{"href":"https:\/\/www.tsv-oetlingen.de\/tennis\/wp-json\/wp\/v2\/pages"}],"about":[{"href":"https:\/\/www.tsv-oetlingen.de\/tennis\/wp-json\/wp\/v2\/types\/page"}],"author":[{"embeddable":true,"href":"https:\/\/www.tsv-oetlingen.de\/tennis\/wp-json\/wp\/v2\/users\/1"}],"replies":[{"embeddable":true,"href":"https:\/\/www.tsv-oetlingen.de\/tennis\/wp-json\/wp\/v2\/comments?post=509"}],"version-history":[{"count":0,"href":"https:\/\/www.tsv-oetlingen.de\/tennis\/wp-json\/wp\/v2\/pages\/509\/revisions"}],"up":[{"embeddable":true,"href":"https:\/\/www.tsv-oetlingen.de\/tennis\/wp-json\/wp\/v2\/pages\/16"}],"wp:attachment":[{"href":"https:\/\/www.tsv-oetlingen.de\/tennis\/wp-json\/wp\/v2\/media?parent=509"}],"curies":[{"name":"wp","href":"https:\/\/api.w.org\/{rel}","templated":true}]}}