{"id":8,"date":"2016-11-20T22:38:18","date_gmt":"2016-11-20T21:38:18","guid":{"rendered":"http:\/\/tsv.teckbotenpokal2015.de\/tennis\/?page_id=8"},"modified":"2025-12-11T10:46:26","modified_gmt":"2025-12-11T09:46:26","slug":"uebersicht","status":"publish","type":"page","link":"https:\/\/www.tsv-oetlingen.de\/tennis\/","title":{"rendered":"\u00dcbersicht"},"content":{"rendered":"<div id=\"pl-8\"  class=\"panel-layout\" ><div id=\"pg-8-0\"  class=\"panel-grid panel-has-style\" ><div class=\"fullbox siteorigin-panels-stretch panel-row-style panel-row-style-for-8-0\" data-stretch-type=\"full\" ><div id=\"pgc-8-0-0\"  class=\"panel-grid-cell\" ><div id=\"panel-8-0-0-0\" class=\"so-panel widget widget_master-slider-main-widget master-slider-main-widget panel-first-child panel-last-child\" data-index=\"0\" ><div class=\"panel-widget-style panel-widget-style-for-8-0-0-0\" >\n\t\t<!-- MasterSlider -->\n\t\t<div id=\"P_MS69e8b37308634\" class=\"master-slider-parent headslider  ms-parent-id-1\" style=\"\" >\n\n\t\t\t\n\t\t\t<!-- MasterSlider Main -->\n\t\t\t<div id=\"MS69e8b37308634\" class=\"master-slider ms-skin-default\" >\n\t\t\t\t \t\t\t\t \n\t\t\t<div  class=\"ms-slide\" data-delay=\"2\" data-fill-mode=\"fill\"   >\n\t\t\t\t\t<img decoding=\"async\" src=\"https:\/\/www.tsv-oetlingen.de\/tennis\/wp-content\/plugins\/masterslider\/public\/assets\/css\/blank.gif\" alt=\"\" title=\"\u00dcbersichtsseite\" data-src=\"https:\/\/www.tsv-oetlingen.de\/tennis\/wp-content\/uploads\/sites\/7\/2024\/01\/20230906_154433-scaled-e1706086963190.jpg\" \/>\n\n\t\t\t\t\t<div  class=\"ms-layer  msp-cn-1-26\" style=\"\"   data-effect=\"t(true,n,n,500,n,n,n,n,n,n,n,n,n,n,n)\" data-duration=\"5375\"  data-ease=\"easeOutQuint\" data-hide-effect=\"fade\" data-hide-duration=\"1175\"  data-hide-ease=\"easeOutQuint\" data-hide-time=\"11725\"    data-resize=\"false\"       data-offset-x=\"-299\" data-offset-y=\"114\" data-origin=\"mc\" data-tablet-offset-x=\"166\" data-tablet-offset-y=\"213\" data-phone-offset-x=\"103\" data-phone-offset-y=\"213\" data-relative-size=\"true\"   >\nWillkommen in <br \/>der Abteilung Tennis<\/div>\n\n\n\t\t\t\t<\/div>\n\n\t\t\t<\/div>\n\t\t\t<!-- END MasterSlider Main -->\n\n\t\t\t \n\t\t<\/div>\n\t\t<!-- END MasterSlider -->\n\n\t\t<script>\n\t\t( window.MSReady = window.MSReady || [] ).push( function( $ ) {\n\n\t\t\t\"use strict\";\n\t\t\tvar masterslider_8634 = new MasterSlider();\n\n\t\t\t\/\/ slider controls\n\t\t\t\/\/ slider setup\n\t\t\tmasterslider_8634.setup(\"MS69e8b37308634\", {\n\t\t\t\twidth           : 1000,\n\t\t\t\theight          : 550,\n\t\t\t\tminHeight       : 0,\n\t\t\t\tspace           : 0,\n\t\t\t\tstart           : 1,\n\t\t\t\tgrabCursor      : false,\n\t\t\t\tswipe           : false,\n\t\t\t\tmouse           : false,\n\t\t\t\tkeyboard        : false,\n\t\t\t\tlayout          : \"fillwidth\",\n\t\t\t\twheel           : false,\n\t\t\t\tautoplay        : false,\n                instantStartLayers:false,\n\t\t\t\tmobileBGVideo:false,\n\t\t\t\tloop            : false,\n\t\t\t\tshuffle         : false,\n\t\t\t\tpreload         : 2,\n\t\t\t\theightLimit     : true,\n\t\t\t\tautoHeight      : false,\n\t\t\t\tsmoothHeight    : true,\n\t\t\t\tendPause        : false,\n\t\t\t\toverPause       : false,\n\t\t\t\tfillMode        : \"fill\",\n\t\t\t\tcenterControls  : false,\n\t\t\t\tstartOnAppear   : false,\n\t\t\t\tlayersMode      : \"center\",\n\t\t\t\tautofillTarget  : \"\",\n\t\t\t\thideLayers      : false,\n\t\t\t\tfullscreenMargin: 0,\n\t\t\t\tspeed           : 20,\n\t\t\t\tdir             : \"h\",\n\t\t\t\tresponsive      : true,\n\t\t\t\ttabletWidth     : 768,\n\t\t\t\ttabletHeight    : null,\n\t\t\t\tphoneWidth      : 480,\n\t\t\t\tphoneHeight    : null,\n\t\t\t\tsizingReference : window,\n\t\t\t\tparallaxMode    : 'swipe',\n\t\t\t\tview            : \"basic\"\n\t\t\t});\n\n\t\t\t\t\t\tMSScrollParallax.setup( masterslider_8634, 30, 0, true );\n\t\t\twindow.masterslider_instances = window.masterslider_instances || [];\n\t\t\twindow.masterslider_instances.push( masterslider_8634 );\n\t\t});\n\t\t<\/script>\n\n<\/div><\/div><\/div><\/div><\/div><div id=\"pg-8-1\"  class=\"panel-grid panel-no-style\" ><div id=\"pgc-8-1-0\"  class=\"panel-grid-cell panel-grid-cell-mobile-last\" ><div id=\"panel-8-1-0-0\" class=\"so-panel widget widget_text panel-first-child panel-last-child\" data-index=\"1\" ><h3 class=\"widget-title\">Folge uns auf die eTennis Seite des TSV \u00d6tlingen<\/h3>\t\t\t<div class=\"textwidget\"><p>Unsere Wepsite wird \u00fcberarbeitet.<br \/>\nHier findest du alle n\u00e4heren Infos \u00fcber unseren Tennis- und Padelabteilung<\/p>\n<p><a href=\"https:\/\/oetlingen.tennisplatz.info\/\"><img loading=\"lazy\" decoding=\"async\" class=\"wp-image-4305 alignleft\" src=\"https:\/\/www.tsv-oetlingen.de\/tennis\/wp-content\/uploads\/sites\/7\/2025\/12\/Logo-klein-232x300.png\" alt=\"\" width=\"65\" height=\"84\" srcset=\"https:\/\/www.tsv-oetlingen.de\/tennis\/wp-content\/uploads\/sites\/7\/2025\/12\/Logo-klein-232x300.png 232w, https:\/\/www.tsv-oetlingen.de\/tennis\/wp-content\/uploads\/sites\/7\/2025\/12\/Logo-klein.png 450w\" sizes=\"auto, (max-width: 65px) 100vw, 65px\" \/><\/a><\/p>\n<p>&nbsp;<\/p>\n<p><a href=\"https:\/\/oetlingen.tennisplatz.info\/\">eTennis<\/a><\/p>\n<\/div>\n\t\t<\/div><\/div><div id=\"pgc-8-1-1\"  class=\"panel-grid-cell panel-grid-cell-empty\" ><\/div><\/div><div id=\"pg-8-2\"  class=\"panel-grid panel-no-style\" ><div id=\"pgc-8-2-0\"  class=\"panel-grid-cell panel-grid-cell-mobile-last\" ><div id=\"panel-8-2-0-0\" class=\"so-panel widget widget_master-slider-main-widget master-slider-main-widget panel-first-child panel-last-child\" data-index=\"2\" >\n\t\t<!-- MasterSlider -->\n\t\t<div id=\"P_MS69e8b3731ac2e\" class=\"master-slider-parent post-v-tab-thumb ms-tabs-template ms-parent-id-2\" style=\"max-width:1100px;\" >\n\n\t\t\t\n\t\t\t<!-- MasterSlider Main -->\n\t\t\t<div id=\"MS69e8b3731ac2e\" class=\"master-slider ms-skin-default\" >\n\t\t\t\t \t\t\t\t \n\t\t\t<div  class=\"ms-slide  ms-slide-post-3984\" data-delay=\"10\" data-fill-mode=\"fit\"  style=\"background-color:#a7a0a0;\" >\n\t\t\t\t\t<img decoding=\"async\" src=\"https:\/\/www.tsv-oetlingen.de\/tennis\/wp-content\/plugins\/masterslider\/public\/assets\/css\/blank.gif\" alt=\"Wintertraining 2025\/26\" title=\"Wintertraining 2025\/26\" data-src=\"https:\/\/www.tsv-oetlingen.de\/tennis\/wp-content\/uploads\/sites\/7\/2024\/01\/Teckhalle-e1705654572953.jpg\" \/>\n\n\t\t\t\t\t<div  class=\"ms-layer  msp-cn-1-6\" style=\"\"   data-effect=\"t(true,n,100,n,n,n,n,n,n,n,n,n,n,n,n)\" data-duration=\"5012\"  data-ease=\"easeOutQuint\"                data-offset-x=\"0\" data-offset-y=\"0\" data-origin=\"bl\"   >\nWintertraining 2025\/26<\/div>\n\n\t\t\t\t\t<a  href=\"https:\/\/www.tsv-oetlingen.de\/tennis\/wintertraining-2024-25\/\" target=\"_self\" class=\"ms-layer btn btn-default msp-cn-1-7 ms-btn ms-btn-box ms-btn-n msp-preset-btn-184\" data-effect=\"t(true,n,n,n,n,n,n,n,0.97,0.97,n,n,n,n,n)\" data-duration=\"4200\" data-delay=\"225\" data-ease=\"easeOutQuint\"        data-type=\"button\"        data-offset-x=\"67\" data-offset-y=\"24\" data-origin=\"br\"     >\nWeiterlesen<\/a>\n\n\t\t\t\t\t<div  class=\"ms-layer  msp-cn-1-8\" style=\"\"   data-effect=\"t(true,n,100,n,n,n,n,n,n,n,n,n,n,n,n)\" data-duration=\"5012\"  data-ease=\"easeOutQuint\"                data-offset-x=\"31\" data-offset-y=\"419\" data-origin=\"tl\"   >\n<\/div>\n\n\n\t<div class=\"ms-thumb\" ><img decoding=\"async\" class=\"ms-tab-thumb\" src=\"https:\/\/www.tsv-oetlingen.de\/tennis\/wp-content\/uploads\/sites\/7\/2024\/01\/Teckhalle-e1705654572953-76x33.jpg\" alt=\"Wintertraining 2025\/26\" \/>\n<div class=\"ms-tab-context\">Wintertraining 2025\/26<\/div>\n<\/div>\n\t\t\t\t<\/div>\n\t\t\t<div  class=\"ms-slide  ms-slide-post-4192\" data-delay=\"10\" data-fill-mode=\"fit\"  style=\"background-color:#a7a0a0;\" >\n\t\t\t\t\t<img decoding=\"async\" src=\"https:\/\/www.tsv-oetlingen.de\/tennis\/wp-content\/plugins\/masterslider\/public\/assets\/css\/blank.gif\" alt=\"Padel Tennis Liga 2024\" title=\"Padel Tennis Liga 2024\" data-src=\"https:\/\/www.tsv-oetlingen.de\/tennis\/wp-content\/uploads\/sites\/7\/2024\/04\/Padel-WTB-Logo.jpg\" \/>\n\n\t\t\t\t\t<div  class=\"ms-layer  msp-cn-1-6\" style=\"\"   data-effect=\"t(true,n,100,n,n,n,n,n,n,n,n,n,n,n,n)\" data-duration=\"5012\"  data-ease=\"easeOutQuint\"                data-offset-x=\"0\" data-offset-y=\"0\" data-origin=\"bl\"   >\nPadel Tennis Liga 2024<\/div>\n\n\t\t\t\t\t<a  href=\"https:\/\/www.tsv-oetlingen.de\/tennis\/padel-tennis-liga-2024\/\" target=\"_self\" class=\"ms-layer btn btn-default msp-cn-1-7 ms-btn ms-btn-box ms-btn-n msp-preset-btn-184\" data-effect=\"t(true,n,n,n,n,n,n,n,0.97,0.97,n,n,n,n,n)\" data-duration=\"4200\" data-delay=\"225\" data-ease=\"easeOutQuint\"        data-type=\"button\"        data-offset-x=\"67\" data-offset-y=\"24\" data-origin=\"br\"     >\nWeiterlesen<\/a>\n\n\t\t\t\t\t<div  class=\"ms-layer  msp-cn-1-8\" style=\"\"   data-effect=\"t(true,n,100,n,n,n,n,n,n,n,n,n,n,n,n)\" data-duration=\"5012\"  data-ease=\"easeOutQuint\"                data-offset-x=\"31\" data-offset-y=\"419\" data-origin=\"tl\"   >\n<\/div>\n\n\n\t<div class=\"ms-thumb\" ><img decoding=\"async\" class=\"ms-tab-thumb\" src=\"https:\/\/www.tsv-oetlingen.de\/tennis\/wp-content\/uploads\/sites\/7\/2024\/04\/Padel-WTB-Logo-76x41.jpg\" alt=\"Padel Tennis Liga 2024\" \/>\n<div class=\"ms-tab-context\">Padel Tennis Liga 2024<\/div>\n<\/div>\n\t\t\t\t<\/div>\n\n\t\t\t<\/div>\n\t\t\t<!-- END MasterSlider Main -->\n\n\t\t\t \n\t\t<\/div>\n\t\t<!-- END MasterSlider -->\n\n\t\t<script>\n\t\t( window.MSReady = window.MSReady || [] ).push( function( $ ) {\n\n\t\t\t\"use strict\";\n\t\t\tvar masterslider_ac2e = new MasterSlider();\n\n\t\t\t\/\/ slider controls\n\t\t\tmasterslider_ac2e.control('arrows'     ,{ autohide:false, overVideo:true  });\n\t\t\tmasterslider_ac2e.control('thumblist'  ,{ autohide:false, overVideo:true, dir:'v', speed:17, inset:false, arrows:false, hover:true, customClass:'ms-has-thumb', align:'right',type:'tabs', margin:-12, width:280, height:76, space:0, fillMode:'fill' , hideUnder:700 });\n\t\t\tmasterslider_ac2e.control('circletimer',{ autohide:false, overVideo:true, color:'#FFFFFF', radius:4, stroke:9   });\n\t\t\t\/\/ slider setup\n\t\t\tmasterslider_ac2e.setup(\"MS69e8b3731ac2e\", {\n\t\t\t\twidth           : 844,\n\t\t\t\theight          : 500,\n\t\t\t\tminHeight       : 0,\n\t\t\t\tspace           : 0,\n\t\t\t\tstart           : 1,\n\t\t\t\tgrabCursor      : true,\n\t\t\t\tswipe           : true,\n\t\t\t\tmouse           : true,\n\t\t\t\tkeyboard        : false,\n\t\t\t\tlayout          : \"boxed\",\n\t\t\t\twheel           : false,\n\t\t\t\tautoplay        : false,\n                instantStartLayers:true,\n\t\t\t\tmobileBGVideo:false,\n\t\t\t\tloop            : true,\n\t\t\t\tshuffle         : false,\n\t\t\t\tpreload         : 0,\n\t\t\t\theightLimit     : true,\n\t\t\t\tautoHeight      : false,\n\t\t\t\tsmoothHeight    : true,\n\t\t\t\tendPause        : false,\n\t\t\t\toverPause       : true,\n\t\t\t\tfillMode        : \"fill\",\n\t\t\t\tcenterControls  : true,\n\t\t\t\tstartOnAppear   : false,\n\t\t\t\tlayersMode      : \"center\",\n\t\t\t\tautofillTarget  : \"\",\n\t\t\t\thideLayers      : false,\n\t\t\t\tfullscreenMargin: 0,\n\t\t\t\tspeed           : 15,\n\t\t\t\tdir             : \"h\",\n\t\t\t\tresponsive      : true,\n\t\t\t\ttabletWidth     : 768,\n\t\t\t\ttabletHeight    : null,\n\t\t\t\tphoneWidth      : 480,\n\t\t\t\tphoneHeight    : null,\n\t\t\t\tsizingReference : window,\n\t\t\t\tparallaxMode    : 'swipe',\n\t\t\t\tview            : \"fadeBasic\"\n\t\t\t});\n\n\t\t\t\n\t\t\twindow.masterslider_instances = window.masterslider_instances || [];\n\t\t\twindow.masterslider_instances.push( masterslider_ac2e );\n\t\t});\n\t\t<\/script>\n\n<\/div><\/div><div id=\"pgc-8-2-1\"  class=\"panel-grid-cell panel-grid-cell-empty\" ><\/div><\/div><div id=\"pg-8-3\"  class=\"panel-grid panel-no-style\" ><div id=\"pgc-8-3-0\"  class=\"panel-grid-cell\" ><div id=\"panel-8-3-0-0\" class=\"so-panel widget widget_sow-editor panel-first-child panel-last-child\" data-index=\"3\" ><div\n\t\t\t\n\t\t\tclass=\"so-widget-sow-editor so-widget-sow-editor-base\"\n\t\t\t\n\t\t><h3 class=\"widget-title\">Berichte<\/h3>\n<div class=\"siteorigin-widget-tinymce textwidget\">\n\t<div class=\"pt-cv-wrapper\">\n<div class=\"pt-cv-view pt-cv-grid pt-cv-colsys pt-cv-left pt-cv-sharp-buttons\" id=\"pt-cv-view-ff1c4f0oqa\">\n<div data-id=\"pt-cv-page-1\" class=\"pt-cv-page\" data-cvc=\"4\">\n<div class=\"col-md-3 col-sm-6 col-xs-12 pt-cv-content-item pt-cv-2-col\"  data-pid=\"4225\">\n<div class='pt-cv-ifield'>\n<h4 class=\"pt-cv-title\"><a href=\"https:\/\/www.tsv-oetlingen.de\/tennis\/padel-plaetze-tsv-oetlingen-2\/\" class=\"_self cvplbd\" target=\"_self\" >Padel- Pl\u00e4tze TSV \u00d6tlingen<\/a><\/h4>\n<p><a href=\"https:\/\/www.tsv-oetlingen.de\/tennis\/padel-plaetze-tsv-oetlingen-2\/\" class=\"_self pt-cv-href-thumbnail pt-cv-thumb-left cvplbd\" target=\"_self\" ><img loading=\"lazy\" decoding=\"async\" width=\"275\" height=\"183\" src=\"https:\/\/www.tsv-oetlingen.de\/tennis\/wp-content\/uploads\/sites\/7\/2024\/05\/Padel-Schrift.jpg\" class=\"pt-cv-thumbnail img-none pull-left\" alt=\"\" srcset=\"https:\/\/www.tsv-oetlingen.de\/tennis\/wp-content\/uploads\/sites\/7\/2024\/05\/Padel-Schrift.jpg 275w, https:\/\/www.tsv-oetlingen.de\/tennis\/wp-content\/uploads\/sites\/7\/2024\/05\/Padel-Schrift-272x182.jpg 272w\" sizes=\"auto, (max-width: 275px) 100vw, 275px\" \/><\/a><\/p>\n<div class=\"pt-cv-meta-fields\"><span class=\"terms\"><span class=\"glyphicon glyphicon-folder-open\"><\/span> <a href='https:\/\/www.tsv-oetlingen.de\/tennis\/category\/berichte\/' title='Berichte' class='pt-cv-tax-berichte'>Berichte<\/a><\/span><\/div>\n<div class=\"pt-cv-content\">Hast du Lust bei der neuen Trendsportart des TSV \u00d6tlingen mitzumachen? Hier kannst du dich \u00fcber die Homepage als Mitglied ...<\/p>\n<div class=\"pt-cv-rmwrap\"><a href=\"https:\/\/www.tsv-oetlingen.de\/tennis\/padel-plaetze-tsv-oetlingen-2\/\" class=\"_self pt-cv-readmore btn btn-primary cvplbd\" target=\"_self\">Weiterlesen \u2026<\/a><\/div>\n<\/div>\n<\/div>\n<\/div>\n<div class=\"col-md-3 col-sm-6 col-xs-12 pt-cv-content-item pt-cv-2-col\"  data-pid=\"4020\">\n<div class='pt-cv-ifield'>\n<h4 class=\"pt-cv-title\"><a href=\"https:\/\/www.tsv-oetlingen.de\/tennis\/padel-plaetze-tsv-oetlingen\/\" class=\"_self cvplbd\" target=\"_self\" >Padel Er\u00f6ffnung<\/a><\/h4>\n<p><a href=\"https:\/\/www.tsv-oetlingen.de\/tennis\/padel-plaetze-tsv-oetlingen\/\" class=\"_self pt-cv-href-thumbnail pt-cv-thumb-left cvplbd\" target=\"_self\" ><img loading=\"lazy\" decoding=\"async\" width=\"264\" height=\"300\" src=\"https:\/\/www.tsv-oetlingen.de\/tennis\/wp-content\/uploads\/sites\/7\/2024\/05\/Eroeffnung-5-e1716478439496-264x300.jpg\" class=\"pt-cv-thumbnail img-none pull-left\" alt=\"\" srcset=\"https:\/\/www.tsv-oetlingen.de\/tennis\/wp-content\/uploads\/sites\/7\/2024\/05\/Eroeffnung-5-e1716478439496-264x300.jpg 264w, https:\/\/www.tsv-oetlingen.de\/tennis\/wp-content\/uploads\/sites\/7\/2024\/05\/Eroeffnung-5-e1716478439496.jpg 400w\" sizes=\"auto, (max-width: 264px) 100vw, 264px\" \/><\/a><\/p>\n<div class=\"pt-cv-meta-fields\"><span class=\"terms\"><span class=\"glyphicon glyphicon-folder-open\"><\/span> <a href='https:\/\/www.tsv-oetlingen.de\/tennis\/category\/berichte\/' title='Berichte' class='pt-cv-tax-berichte'>Berichte<\/a><\/span><\/div>\n<div class=\"pt-cv-content\">Nach einer Bauzeit von nur 3 Monaten konnten unsere Padelpl\u00e4tze p\u00fcnktlich zum Saisonstart am 03.Mai.2024 er\u00f6ffnet und eingeweiht werden. Es ...<\/p>\n<div class=\"pt-cv-rmwrap\"><a href=\"https:\/\/www.tsv-oetlingen.de\/tennis\/padel-plaetze-tsv-oetlingen\/\" class=\"_self pt-cv-readmore btn btn-primary cvplbd\" target=\"_self\">Weiterlesen \u2026<\/a><\/div>\n<\/div>\n<\/div>\n<\/div>\n<div class=\"col-md-3 col-sm-6 col-xs-12 pt-cv-content-item pt-cv-2-col\"  data-pid=\"4063\">\n<div class='pt-cv-ifield'>\n<h4 class=\"pt-cv-title\"><a href=\"https:\/\/www.tsv-oetlingen.de\/tennis\/padel-bauphase\/\" class=\"_self cvplbd\" target=\"_self\" >Padel- Baubericht<\/a><\/h4>\n<p><a href=\"https:\/\/www.tsv-oetlingen.de\/tennis\/padel-bauphase\/\" class=\"_self pt-cv-href-thumbnail pt-cv-thumb-left cvplbd\" target=\"_self\" ><img loading=\"lazy\" decoding=\"async\" width=\"300\" height=\"108\" src=\"https:\/\/www.tsv-oetlingen.de\/tennis\/wp-content\/uploads\/sites\/7\/2024\/01\/PadelTennis_Header-e1706083704689-300x108.jpg\" class=\"pt-cv-thumbnail img-none pull-left\" alt=\"\" \/><\/a><\/p>\n<div class=\"pt-cv-meta-fields\"><span class=\"terms\"><span class=\"glyphicon glyphicon-folder-open\"><\/span> <a href='https:\/\/www.tsv-oetlingen.de\/tennis\/category\/berichte\/' title='Berichte' class='pt-cv-tax-berichte'>Berichte<\/a><\/span><\/div>\n<div class=\"pt-cv-content\">Aufh\u00fcbschung des Vorplatzes Zu guter Letzt wurde nun auch der Vorplatz feritggestellt, was ein Betreten der Courts nun nicht mehr ...<\/p>\n<div class=\"pt-cv-rmwrap\"><a href=\"https:\/\/www.tsv-oetlingen.de\/tennis\/padel-bauphase\/\" class=\"_self pt-cv-readmore btn btn-primary cvplbd\" target=\"_self\">Weiterlesen \u2026<\/a><\/div>\n<\/div>\n<\/div>\n<\/div>\n<div class=\"col-md-3 col-sm-6 col-xs-12 pt-cv-content-item pt-cv-2-col\"  data-pid=\"4025\">\n<div class='pt-cv-ifield'>\n<h4 class=\"pt-cv-title\"><a href=\"https:\/\/www.tsv-oetlingen.de\/tennis\/padel-beitrags-modell\/\" class=\"_self cvplbd\" target=\"_self\" >Beitrags Modell\/ Platzbuchung\/ G\u00e4steregelung<\/a><\/h4>\n<p><a href=\"https:\/\/www.tsv-oetlingen.de\/tennis\/padel-beitrags-modell\/\" class=\"_self pt-cv-href-thumbnail pt-cv-thumb-left cvplbd\" target=\"_self\" ><img loading=\"lazy\" decoding=\"async\" width=\"300\" height=\"108\" src=\"https:\/\/www.tsv-oetlingen.de\/tennis\/wp-content\/uploads\/sites\/7\/2024\/01\/PadelTennis_Header-e1706083704689-300x108.jpg\" class=\"pt-cv-thumbnail img-none pull-left\" alt=\"\" \/><\/a><\/p>\n<div class=\"pt-cv-meta-fields\"><span class=\"terms\"><span class=\"glyphicon glyphicon-folder-open\"><\/span> <a href='https:\/\/www.tsv-oetlingen.de\/tennis\/category\/berichte\/' title='Berichte' class='pt-cv-tax-berichte'>Berichte<\/a><\/span><\/div>\n<div class=\"pt-cv-content\">Mitgliedsbeitr\u00e4ge Mitgliedsbeitr\u00e4ge Erw. Abteilungsbeitrag Arbeitsdienst Hauptverein Tennis 110 \u20ac 60 \u20ac 53 \u20ac Padel 110 \u20ac 60 \u20ac 53 \u20ac ...<\/p>\n<div class=\"pt-cv-rmwrap\"><a href=\"https:\/\/www.tsv-oetlingen.de\/tennis\/padel-beitrags-modell\/\" class=\"_self pt-cv-readmore btn btn-primary cvplbd\" target=\"_self\">Weiterlesen \u2026<\/a><\/div>\n<\/div>\n<\/div>\n<\/div>\n<\/div>\n<\/div>\n<\/div>\n<style type=\"text\/css\" id=\"pt-cv-inline-style-9710d0b53p\">#pt-cv-view-ff1c4f0oqa  .pt-cv-content-item:hover .pt-cv-hover-wrapper::before   { background: rgba(51,51,51,.6) !important; }\n#pt-cv-view-ff1c4f0oqa:not(.pt-cv-nohover) .pt-cv-mask *   { color: #fff !important; }\n#pt-cv-view-ff1c4f0oqa .pt-cv-carousel-caption  { background: rgba(51,51,51,.6) !important; }\n#pt-cv-view-ff1c4f0oqa .pt-cv-specialp * { font-weight: 600 !important; color: #fff !important; background: #CC3333 !important; }\n#pt-cv-view-ff1c4f0oqa .pt-cv-pficon  { color: #bbb !important; }\n#pt-cv-view-ff1c4f0oqa  .add_to_cart_button, #pt-cv-view-ff1c4f0oqa  .add_to_cart_button *   { color: #ffffff !important; background: #00aeef !important; }\n#pt-cv-view-ff1c4f0oqa  .woocommerce-onsale   { color: #ffffff !important; background: #ff5a5f !important; }\n#pt-cv-view-ff1c4f0oqa .pt-cv-readmore  { color: #ffffff !important; }\n#pt-cv-view-ff1c4f0oqa  + .pt-cv-pagination-wrapper .pt-cv-more , #pt-cv-view-ff1c4f0oqa  + .pt-cv-pagination-wrapper .pagination .active a { color: #ffffff !important; background: #00aeef !important; }\n#pt-cv-view-ff1c4f0oqa .pt-cv-gls-header  { background: #00aeef !important; }\n#pt-cv-view-ff1c4f0oqa { text-align: left; }<\/style><\/p>\n<\/div>\n<\/div><\/div><\/div><\/div><\/div>","protected":false},"excerpt":{"rendered":"<p>Folge uns auf die eTennis Seite des TSV \u00d6tlingen Unsere Wepsite wird \u00fcberarbeitet. Hier findest du alle n\u00e4heren Infos \u00fcber unseren Tennis- und Padelabteilung &nbsp; eTennis Berichte<\/p>\n","protected":false},"author":1,"featured_media":0,"parent":0,"menu_order":0,"comment_status":"closed","ping_status":"closed","template":"","meta":{"_genesis_hide_title":false,"_genesis_hide_breadcrumbs":false,"_genesis_hide_singular_image":false,"_genesis_hide_footer_widgets":false,"_genesis_custom_body_class":"","_genesis_custom_post_class":"","_genesis_layout":"","footnotes":""},"class_list":["post-8","page","type-page","status-publish","entry"],"publishpress_future_action":{"enabled":false,"date":"2026-04-29 13:39:31","action":"change-status","newStatus":"draft","terms":[],"taxonomy":""},"_links":{"self":[{"href":"https:\/\/www.tsv-oetlingen.de\/tennis\/wp-json\/wp\/v2\/pages\/8","targetHints":{"allow":["GET"]}}],"collection":[{"href":"https:\/\/www.tsv-oetlingen.de\/tennis\/wp-json\/wp\/v2\/pages"}],"about":[{"href":"https:\/\/www.tsv-oetlingen.de\/tennis\/wp-json\/wp\/v2\/types\/page"}],"author":[{"embeddable":true,"href":"https:\/\/www.tsv-oetlingen.de\/tennis\/wp-json\/wp\/v2\/users\/1"}],"replies":[{"embeddable":true,"href":"https:\/\/www.tsv-oetlingen.de\/tennis\/wp-json\/wp\/v2\/comments?post=8"}],"version-history":[{"count":10,"href":"https:\/\/www.tsv-oetlingen.de\/tennis\/wp-json\/wp\/v2\/pages\/8\/revisions"}],"predecessor-version":[{"id":4306,"href":"https:\/\/www.tsv-oetlingen.de\/tennis\/wp-json\/wp\/v2\/pages\/8\/revisions\/4306"}],"wp:attachment":[{"href":"https:\/\/www.tsv-oetlingen.de\/tennis\/wp-json\/wp\/v2\/media?parent=8"}],"curies":[{"name":"wp","href":"https:\/\/api.w.org\/{rel}","templated":true}]}}