{"id":5884,"date":"2026-03-22T17:48:51","date_gmt":"2026-03-22T16:48:51","guid":{"rendered":"https:\/\/www.tsv-oetlingen.de\/turnen\/?page_id=5884"},"modified":"2026-03-23T12:36:18","modified_gmt":"2026-03-23T11:36:18","slug":"startseite","status":"publish","type":"page","link":"https:\/\/www.tsv-oetlingen.de\/turnen\/","title":{"rendered":"Startseite"},"content":{"rendered":"<div id=\"pl-5884\"  class=\"panel-layout\" ><div id=\"pg-5884-0\"  class=\"panel-grid panel-no-style\" ><div id=\"pgc-5884-0-0\"  class=\"panel-grid-cell\" ><div id=\"panel-5884-0-0-0\" class=\"so-panel widget widget_master-slider-main-widget master-slider-main-widget panel-first-child panel-last-child\" data-index=\"0\" >\n\t\t<!-- MasterSlider -->\n\t\t<div id=\"P_MS69e7324827643\" class=\"master-slider-parent headslider  ms-parent-id-1\" style=\"\" >\n\n\t\t\t\n\t\t\t<!-- MasterSlider Main -->\n\t\t\t<div id=\"MS69e7324827643\" class=\"master-slider ms-skin-light-3\" >\n\t\t\t\t \t\t\t\t \n\n\t\t\t<div  class=\"ms-slide\" data-delay=\"6\" data-fill-mode=\"fill\"   >\n\t\t\t\t\t<img decoding=\"async\" src=\"https:\/\/www.tsv-oetlingen.de\/turnen\/wp-content\/plugins\/masterslider\/public\/assets\/css\/blank.gif\" alt=\"\" title=\"\" data-src=\"https:\/\/www.tsv-oetlingen.de\/turnen\/wp-content\/uploads\/sites\/9\/2017\/01\/Turnen-Startseite-Titelbild-overlay.png\" \/>\n\n\t\t\t\t\t<div  class=\"ms-layer  msp-cn-1-10\" style=\"\"   data-effect=\"t(true,n,n,n,n,n,n,n,1.5,1.5,n,n,n,n,n)\" data-duration=\"5525\" data-delay=\"500\" data-ease=\"easeOutBack\"                data-offset-x=\"128\" data-offset-y=\"188\" data-origin=\"tl\"   >\n<h1>Herzlich willkommen in der Abteilung Turnen<\/h1><\/div>\n\n\n\t\t\t\t<\/div>\n\n\t\t\t<\/div>\n\t\t\t<!-- END MasterSlider Main -->\n\n\t\t\t \n\t\t<\/div>\n\t\t<!-- END MasterSlider -->\n\n\t\t<script>\n\t\t( window.MSReady = window.MSReady || [] ).push( function( $ ) {\n\n\t\t\t\"use strict\";\n\t\t\tvar masterslider_7643 = new MasterSlider();\n\n\t\t\t\/\/ slider controls\n\t\t\t\/\/ slider setup\n\t\t\tmasterslider_7643.setup(\"MS69e7324827643\", {\n\t\t\t\twidth           : 1000,\n\t\t\t\theight          : 450,\n\t\t\t\tminHeight       : 0,\n\t\t\t\tspace           : 0,\n\t\t\t\tstart           : 1,\n\t\t\t\tgrabCursor      : false,\n\t\t\t\tswipe           : false,\n\t\t\t\tmouse           : false,\n\t\t\t\tkeyboard        : false,\n\t\t\t\tlayout          : \"fillwidth\",\n\t\t\t\twheel           : false,\n\t\t\t\tautoplay        : false,\n                instantStartLayers:false,\n\t\t\t\tmobileBGVideo:false,\n\t\t\t\tloop            : false,\n\t\t\t\tshuffle         : false,\n\t\t\t\tpreload         : 2,\n\t\t\t\theightLimit     : true,\n\t\t\t\tautoHeight      : false,\n\t\t\t\tsmoothHeight    : true,\n\t\t\t\tendPause        : false,\n\t\t\t\toverPause       : false,\n\t\t\t\tfillMode        : \"fill\",\n\t\t\t\tcenterControls  : false,\n\t\t\t\tstartOnAppear   : false,\n\t\t\t\tlayersMode      : \"center\",\n\t\t\t\tautofillTarget  : \"\",\n\t\t\t\thideLayers      : false,\n\t\t\t\tfullscreenMargin: 0,\n\t\t\t\tspeed           : 20,\n\t\t\t\tdir             : \"h\",\n\t\t\t\tresponsive      : true,\n\t\t\t\ttabletWidth     : 768,\n\t\t\t\ttabletHeight    : null,\n\t\t\t\tphoneWidth      : 480,\n\t\t\t\tphoneHeight    : null,\n\t\t\t\tsizingReference : window,\n\t\t\t\tparallaxMode    : 'swipe',\n\t\t\t\tview            : \"basic\"\n\t\t\t});\n\n\t\t\t\t\t\tMSScrollParallax.setup( masterslider_7643, 30, 50, true );\n\t\t\twindow.masterslider_instances = window.masterslider_instances || [];\n\t\t\twindow.masterslider_instances.push( masterslider_7643 );\n\t\t});\n\t\t<\/script>\n\n<\/div><\/div><\/div><div id=\"pg-5884-1\"  class=\"panel-grid panel-no-style\" ><div id=\"pgc-5884-1-0\"  class=\"panel-grid-cell\" ><div id=\"panel-5884-1-0-0\" class=\"so-panel widget widget_text panel-first-child\" data-index=\"1\" >\t\t\t<div class=\"textwidget\"><p><strong>Turnen\u00a0\u00a0 Tanzen\u00a0\u00a0 Parkour\u00a0\u00a0 Akrobatik\u00a0\u00a0 Fitness\u00a0\u00a0 Gymnastik\u00a0\u00a0 Yoga<\/strong><\/p>\n<p>Die Turnabteilung des TSV \u00d6tlingen bietet ein vielf\u00e4ltiges Sportangebot f\u00fcr Kinder, Jugendliche und Erwachsene.<\/p>\n<p>Zahlreiche Kurse erg\u00e4nzen unsere \u00dcbungsstunden. Alle Kurse k\u00f6nnen auch von Nichtmitgliedern gebucht werden.<\/p>\n<p>Unsere Sportstunden finden in der Eduard-M\u00f6rike Sporthalle und in der EM- Mehrzweckhalle statt.<\/p>\n<\/div>\n\t\t<\/div><div id=\"panel-5884-1-0-1\" class=\"so-panel widget widget_text panel-last-child\" data-index=\"2\" >\t\t\t<div class=\"textwidget\"><p><strong>Herzliche Einladung zur diesj\u00e4hrigen Abteilungsversammlung &amp; Elternabend<\/strong><\/p>\n<p>Diestag, 21.04.2026 um 19:00Uhr im Vereinsheim R\u00fcbholz<\/p>\n<p>Die Turnabteilung braucht dringend Eure Unterst\u00fctzung!<\/p>\n<p><img loading=\"lazy\" decoding=\"async\" class=\"alignnone  wp-image-6758\" src=\"https:\/\/www.tsv-oetlingen.de\/turnen\/wp-content\/uploads\/sites\/9\/2026\/03\/Flyer.jpg\" alt=\"\" width=\"463\" height=\"695\" \/><\/p>\n<p>&nbsp;<\/p>\n<p>&nbsp;<\/p>\n<p><strong>Neue K<\/strong><strong>ur<\/strong><strong>se starten wiede<\/strong><strong>r im April.<\/strong><br \/>\n<strong>Hier sind im Kinder und Erwachsenen Bereich noch Pl\u00e4tze frei. Informiert Euch auf den folgenden Seiten und meldet Euch oder Eure Kinder noch schnell an. Start ist jeweils nach den Osterferien.<\/strong><\/p>\n<p>&nbsp;<\/p>\n<p>Bei den Turnangeboten sind derzeit leider viele Angebote voll. Hier f\u00fchren wir Wartelisten und melden uns bei einem freien Platz wieder bei Euch.<br \/>\nDurch den gro\u00dfen Andrang k\u00f6nnen wir aber leider keine Garantie f\u00fcr einen sp\u00e4teren Platz geben.<br \/>\nWir bitten um Euer Verst\u00e4ndnis!<\/p>\n<p>F\u00fcr mehr Turnangebote gerade im Kinderbereich sind wir immer auf der Suche nach weiteren Trainern und \u00dcbungsleitern, sowie Helfer (gerne auch Jugendliche ab 14 Jahren)<br \/>\nDiese engagierten Helfer sind der Kern unserer Turnabteilung.<\/p>\n<p>Wenn Ihr Interesse habt, uns zu unterst\u00fctzen, meldet Euch jederzeit unter turnen@tsv-oetlingen.de<\/p>\n<\/div>\n\t\t<\/div><\/div><\/div><div id=\"pg-5884-2\"  class=\"panel-grid panel-no-style\" ><div id=\"pgc-5884-2-0\"  class=\"panel-grid-cell panel-grid-cell-empty panel-grid-cell-mobile-last\" ><\/div><div id=\"pgc-5884-2-1\"  class=\"panel-grid-cell panel-grid-cell-empty\" ><\/div><\/div><\/div>","protected":false},"excerpt":{"rendered":"<p>Turnen\u00a0\u00a0 Tanzen\u00a0\u00a0 Parkour\u00a0\u00a0 Akrobatik\u00a0\u00a0 Fitness\u00a0\u00a0 Gymnastik\u00a0\u00a0 Yoga Die Turnabteilung des TSV \u00d6tlingen bietet ein vielf\u00e4ltiges Sportangebot f\u00fcr Kinder, Jugendliche und Erwachsene. Zahlreiche Kurse erg\u00e4nzen unsere \u00dcbungsstunden. Alle Kurse k\u00f6nnen auch [&hellip;]<\/p>\n","protected":false},"author":29,"featured_media":6379,"parent":0,"menu_order":0,"comment_status":"closed","ping_status":"closed","template":"","meta":{"_genesis_hide_title":false,"_genesis_hide_breadcrumbs":false,"_genesis_hide_singular_image":false,"_genesis_hide_footer_widgets":false,"_genesis_custom_body_class":"","_genesis_custom_post_class":"","_genesis_layout":"","footnotes":""},"class_list":["post-5884","page","type-page","status-publish","has-post-thumbnail","entry"],"publishpress_future_action":{"enabled":false,"date":"2026-04-28 10:16:08","action":"change-status","newStatus":"draft","terms":[],"taxonomy":""},"_links":{"self":[{"href":"https:\/\/www.tsv-oetlingen.de\/turnen\/wp-json\/wp\/v2\/pages\/5884","targetHints":{"allow":["GET"]}}],"collection":[{"href":"https:\/\/www.tsv-oetlingen.de\/turnen\/wp-json\/wp\/v2\/pages"}],"about":[{"href":"https:\/\/www.tsv-oetlingen.de\/turnen\/wp-json\/wp\/v2\/types\/page"}],"author":[{"embeddable":true,"href":"https:\/\/www.tsv-oetlingen.de\/turnen\/wp-json\/wp\/v2\/users\/29"}],"replies":[{"embeddable":true,"href":"https:\/\/www.tsv-oetlingen.de\/turnen\/wp-json\/wp\/v2\/comments?post=5884"}],"version-history":[{"count":10,"href":"https:\/\/www.tsv-oetlingen.de\/turnen\/wp-json\/wp\/v2\/pages\/5884\/revisions"}],"predecessor-version":[{"id":6759,"href":"https:\/\/www.tsv-oetlingen.de\/turnen\/wp-json\/wp\/v2\/pages\/5884\/revisions\/6759"}],"wp:featuredmedia":[{"embeddable":true,"href":"https:\/\/www.tsv-oetlingen.de\/turnen\/wp-json\/wp\/v2\/media\/6379"}],"wp:attachment":[{"href":"https:\/\/www.tsv-oetlingen.de\/turnen\/wp-json\/wp\/v2\/media?parent=5884"}],"curies":[{"name":"wp","href":"https:\/\/api.w.org\/{rel}","templated":true}]}}