{"id":139,"date":"2016-11-22T02:15:43","date_gmt":"2016-11-22T01:15:43","guid":{"rendered":"http:\/\/tsv.teckbotenpokal2015.de\/volleyball\/?page_id=139"},"modified":"2023-05-08T15:25:02","modified_gmt":"2023-05-08T13:25:02","slug":"kontakt","status":"publish","type":"page","link":"https:\/\/www.tsv-oetlingen.de\/volleyball\/kontakt\/","title":{"rendered":"Kontakt"},"content":{"rendered":"<div id=\"pl-139\"  class=\"panel-layout\" ><div id=\"pg-139-0\"  class=\"panel-grid panel-has-style\" ><div class=\"so-parallax panel-row-style panel-row-style-for-139-0\" ><img fetchpriority=\"high\" decoding=\"async\" width=\"1920\" height=\"1357\" src=\"https:\/\/www.tsv-oetlingen.de\/volleyball\/wp-content\/uploads\/sites\/10\/2016\/11\/at-1013505_1920-1.jpg\" class=\"attachment-full size-full\" alt=\"\" data-siteorigin-parallax=\"true\" loading=\"eager\" srcset=\"https:\/\/www.tsv-oetlingen.de\/volleyball\/wp-content\/uploads\/sites\/10\/2016\/11\/at-1013505_1920-1.jpg 1920w, https:\/\/www.tsv-oetlingen.de\/volleyball\/wp-content\/uploads\/sites\/10\/2016\/11\/at-1013505_1920-1-300x212.jpg 300w, https:\/\/www.tsv-oetlingen.de\/volleyball\/wp-content\/uploads\/sites\/10\/2016\/11\/at-1013505_1920-1-768x543.jpg 768w, https:\/\/www.tsv-oetlingen.de\/volleyball\/wp-content\/uploads\/sites\/10\/2016\/11\/at-1013505_1920-1-1024x724.jpg 1024w\" sizes=\"(max-width: 1920px) 100vw, 1920px\" \/><div id=\"pgc-139-0-0\"  class=\"panel-grid-cell\" ><div id=\"panel-139-0-0-0\" class=\"so-panel widget widget_sow-hero panel-first-child panel-last-child\" data-index=\"0\" ><div\n\t\t\t\n\t\t\tclass=\"so-widget-sow-hero so-widget-sow-hero-default-d9a711b72eb5-139 so-widget-fittext-wrapper\"\n\t\t\t data-fit-text-compressor=\"0.85\"\n\t\t>\t\t\t\t<div class=\"sow-slider-base\" style=\"display: none\" tabindex=\"0\">\n\t\t\t\t\t<ul\n\t\t\t\t\tclass=\"sow-slider-images\"\n\t\t\t\t\tdata-settings=\"{&quot;pagination&quot;:true,&quot;speed&quot;:800,&quot;timeout&quot;:8000,&quot;paused&quot;:false,&quot;pause_on_hover&quot;:false,&quot;swipe&quot;:true,&quot;nav_always_show_desktop&quot;:&quot;&quot;,&quot;nav_always_show_mobile&quot;:&quot;&quot;,&quot;breakpoint&quot;:&quot;780px&quot;,&quot;unmute&quot;:false,&quot;anchor&quot;:null}\"\n\t\t\t\t\tstyle=\"min-height: 100px\"\t\t\t\t\tdata-anchor-id=\"\"\n\t\t\t\t>\t\t<li class=\"sow-slider-image\" style=\"visibility: visible;\" >\n\t\t\t\t\t<div class=\"sow-slider-image-container\">\n\t\t\t<div class=\"sow-slider-image-wrapper\">\n\t\t\t\t\t\t\t<\/div>\n\t\t<\/div>\n\t\t\t\t<\/li>\n\t\t<\/ul>\t\t\t\t<ol class=\"sow-slider-pagination\">\n\t\t\t\t\t\t\t\t\t\t\t<li><a href=\"#\" data-goto=\"0\" aria-label=\"display slide 1\"><\/a><\/li>\n\t\t\t\t\t\t\t\t\t<\/ol>\n\n\t\t\t\t<div class=\"sow-slide-nav sow-slide-nav-next\">\n\t\t\t\t\t<a href=\"#\" data-goto=\"next\" aria-label=\"next slide\" data-action=\"next\">\n\t\t\t\t\t\t<em class=\"sow-sld-icon-thin-right\"><\/em>\n\t\t\t\t\t<\/a>\n\t\t\t\t<\/div>\n\n\t\t\t\t<div class=\"sow-slide-nav sow-slide-nav-prev\">\n\t\t\t\t\t<a href=\"#\" data-goto=\"previous\" aria-label=\"previous slide\" data-action=\"prev\">\n\t\t\t\t\t\t<em class=\"sow-sld-icon-thin-left\"><\/em>\n\t\t\t\t\t<\/a>\n\t\t\t\t<\/div>\n\t\t\t\t<\/div><\/div><\/div><\/div><\/div><\/div><div id=\"pg-139-1\"  class=\"panel-grid panel-no-style\" ><div id=\"pgc-139-1-0\"  class=\"panel-grid-cell\" ><div id=\"panel-139-1-0-0\" class=\"so-panel widget widget_sow-editor panel-first-child panel-last-child\" data-index=\"1\" ><div\n\t\t\t\n\t\t\tclass=\"so-widget-sow-editor so-widget-sow-editor-base\"\n\t\t\t\n\t\t><h3 class=\"widget-title\">Volleyball<\/h3>\n<div class=\"siteorigin-widget-tinymce textwidget\">\n\t<p>Training<br \/>Eduard-M\u00f6rike Halle <br \/>Zum R\u00fcbholz 1<br \/>73230 Kirchheim unter Teck<\/p>\n<p>Beachen<br \/>Sportplatz R\u00fcbholz TSV \u00d6tlingen<br \/>73230 Kirchheim unter Teck<\/p>\n<\/div>\n<\/div><\/div><\/div><div id=\"pgc-139-1-1\"  class=\"panel-grid-cell\" ><div id=\"panel-139-1-1-0\" class=\"so-panel widget widget_sow-editor panel-first-child panel-last-child\" data-index=\"2\" ><div\n\t\t\t\n\t\t\tclass=\"so-widget-sow-editor so-widget-sow-editor-base\"\n\t\t\t\n\t\t><h3 class=\"widget-title\">Kontakt<\/h3>\n<div class=\"siteorigin-widget-tinymce textwidget\">\n\t<p>Ansprechpartner Wolfgang Heinrich<br \/>\nAbteilungsleiter<\/p>\n<p>Tel.: 07021\u00a0\/\u00a03495<br \/>\nMobil: 01739264092<br \/>\neMail: <a class=\"staff-member-email\" title=\"Email Wolfgang Heinrich\" href=\"mailto:volleyball@tsv-oetlingen.de\">volleyball@tsv-oetlingen.de<\/a><\/p>\n<\/div>\n<\/div><\/div><\/div><div id=\"pgc-139-1-2\"  class=\"panel-grid-cell panel-grid-cell-empty panel-grid-cell-mobile-last\" ><\/div><div id=\"pgc-139-1-3\"  class=\"panel-grid-cell panel-grid-cell-empty\" ><\/div><\/div><div id=\"pg-139-2\"  class=\"panel-grid panel-no-style\" ><div id=\"pgc-139-2-0\"  class=\"panel-grid-cell\" ><div id=\"panel-139-2-0-0\" class=\"so-panel widget widget_sow-editor panel-first-child panel-last-child\" data-index=\"3\" ><div\n\t\t\t\n\t\t\tclass=\"so-widget-sow-editor so-widget-sow-editor-base\"\n\t\t\t\n\t\t>\n<div class=\"siteorigin-widget-tinymce textwidget\">\n\t<h3>Schreiben Sie uns!<\/h3>\n\n<div class=\"wpcf7 no-js\" id=\"wpcf7-f136-o1\" lang=\"de-DE\" dir=\"ltr\">\n<div class=\"screen-reader-response\"><p role=\"status\" aria-live=\"polite\" aria-atomic=\"true\"><\/p> <ul><\/ul><\/div>\n<form action=\"\/volleyball\/wp-json\/wp\/v2\/pages\/139#wpcf7-f136-o1\" method=\"post\" class=\"wpcf7-form init\" aria-label=\"Kontaktformular\" novalidate=\"novalidate\" data-status=\"init\">\n<div style=\"display: none;\">\n<input type=\"hidden\" name=\"_wpcf7\" value=\"136\" \/>\n<input type=\"hidden\" name=\"_wpcf7_version\" value=\"5.9.3\" \/>\n<input type=\"hidden\" name=\"_wpcf7_locale\" value=\"de_DE\" \/>\n<input type=\"hidden\" name=\"_wpcf7_unit_tag\" value=\"wpcf7-f136-o1\" \/>\n<input type=\"hidden\" name=\"_wpcf7_container_post\" value=\"0\" \/>\n<input type=\"hidden\" name=\"_wpcf7_posted_data_hash\" value=\"\" \/>\n<\/div>\n<p><label> Ihr Name (*)<br \/>\n<span class=\"wpcf7-form-control-wrap\" data-name=\"your-name\"><input size=\"40\" class=\"wpcf7-form-control wpcf7-text wpcf7-validates-as-required\" aria-required=\"true\" aria-invalid=\"false\" placeholder=\"Ihr Name (*)\" value=\"\" type=\"text\" name=\"your-name\" \/><\/span> <\/label>\n<\/p>\n<p><label> Ihre E-Mail-Adresse (*)<br \/>\n<span class=\"wpcf7-form-control-wrap\" data-name=\"your-email\"><input size=\"40\" class=\"wpcf7-form-control wpcf7-email wpcf7-validates-as-required wpcf7-text wpcf7-validates-as-email\" aria-required=\"true\" aria-invalid=\"false\" placeholder=\"Email Addresse (*)\" value=\"\" type=\"email\" name=\"your-email\" \/><\/span> <\/label>\n<\/p>\n<p><label> Ihre Telefonnummer<br \/>\n<span class=\"wpcf7-form-control-wrap\" data-name=\"tel-227\"><input size=\"40\" class=\"wpcf7-form-control wpcf7-tel wpcf7-text wpcf7-validates-as-tel\" aria-invalid=\"false\" placeholder=\"Telefonnummer\" value=\"\" type=\"tel\" name=\"tel-227\" \/><\/span> <\/label>\n<\/p>\n<p><label> Betreff<br \/>\n<span class=\"wpcf7-form-control-wrap\" data-name=\"your-subject\"><input size=\"40\" class=\"wpcf7-form-control wpcf7-text\" aria-invalid=\"false\" placeholder=\"Betreff\" value=\"\" type=\"text\" name=\"your-subject\" \/><\/span> <\/label>\n<\/p>\n<p><label> Ihre Nachricht<br \/>\n<span class=\"wpcf7-form-control-wrap\" data-name=\"your-message\"><textarea cols=\"40\" rows=\"10\" class=\"wpcf7-form-control wpcf7-textarea\" aria-invalid=\"false\" placeholder=\"Schreiben Sie uns\" name=\"your-message\"><\/textarea><\/span> <\/label>\n<\/p>\n<p><input class=\"wpcf7-form-control wpcf7-submit has-spinner\" type=\"submit\" value=\"Senden\" \/>\n<\/p>\n<p>* Pflichtfelder\n<\/p><div class=\"wpcf7-response-output\" aria-hidden=\"true\"><\/div>\n<\/form>\n<\/div>\n\n<\/div>\n<\/div><\/div><\/div><div id=\"pgc-139-2-1\"  class=\"panel-grid-cell\" ><div id=\"panel-139-2-1-0\" class=\"so-panel widget widget_wpgmza_map_widget wpgmza_widget panel-first-child panel-last-child\" data-index=\"4\"><div id=\"wpgmza_map\" class=\"wpgmza_map\" data-settings='{\"id\":\"1\",\"map_title\":\"R\\u00fcbholz\",\"map_width\":\"100\",\"map_height\":\"310\",\"map_start_lat\":\"48.653572\",\"map_start_lng\":\"9.407769\",\"map_start_location\":\"48.65357203031076,9.407769141253084\",\"map_start_zoom\":\"14\",\"default_marker\":\"0\",\"type\":\"1\",\"alignment\":\"1\",\"directions_enabled\":\"1\",\"styling_enabled\":\"0\",\"styling_json\":\"\",\"active\":\"0\",\"kml\":\"\",\"bicycle\":\"0\",\"traffic\":\"0\",\"dbox\":\"1\",\"dbox_width\":\"100\",\"listmarkers\":\"0\",\"listmarkers_advanced\":\"0\",\"filterbycat\":\"0\",\"ugm_enabled\":\"0\",\"ugm_category_enabled\":\"0\",\"fusion\":\"\",\"map_width_type\":\"\\\\%\",\"map_height_type\":\"px\",\"mass_marker_support\":\"1\",\"ugm_access\":\"0\",\"order_markers_by\":\"1\",\"order_markers_choice\":\"2\",\"show_user_location\":\"0\",\"default_to\":\"\",\"other_settings\":{\"store_locator_enabled\":2,\"store_locator_distance\":2,\"store_locator_bounce\":1,\"store_locator_query_string\":\"PLZ \\\/ Adresse:\",\"store_locator_default_address\":\"\",\"wpgmza_store_locator_restrict\":\"\",\"map_max_zoom\":\"1\",\"transport_layer\":0,\"wpgmza_theme_data\":\"\"}}' data-map-id='1' Data-maps-engine='' data-shortcode-attributes='{\"id\":\"1\"}' style=\"display:block; overflow:auto; width:100%; height:310px; float:left;\"><\/div><\/div><\/div><\/div><\/div>","protected":false},"excerpt":{"rendered":"<p>TrainingEduard-M\u00f6rike Halle Zum R\u00fcbholz 173230 Kirchheim unter TeckBeachenSportplatz R\u00fcbholz TSV \u00d6tlingen73230 Kirchheim unter Teck Ansprechpartner Wolfgang Heinrich Abteilungsleiter Tel.: 07021\u00a0\/\u00a03495 Mobil: 01739264092 eMail: volleyball@tsv-oetlingen.de<\/p>\n","protected":false},"author":1,"featured_media":0,"parent":0,"menu_order":0,"comment_status":"closed","ping_status":"closed","template":"","meta":{"_genesis_hide_title":false,"_genesis_hide_breadcrumbs":false,"_genesis_hide_singular_image":false,"_genesis_hide_footer_widgets":false,"_genesis_custom_body_class":"","_genesis_custom_post_class":"","_genesis_layout":"","footnotes":""},"class_list":["post-139","page","type-page","status-publish","entry"],"publishpress_future_action":{"enabled":false,"date":"2026-05-10 13:35:49","action":"change-status","newStatus":"draft","terms":[],"taxonomy":""},"_links":{"self":[{"href":"https:\/\/www.tsv-oetlingen.de\/volleyball\/wp-json\/wp\/v2\/pages\/139","targetHints":{"allow":["GET"]}}],"collection":[{"href":"https:\/\/www.tsv-oetlingen.de\/volleyball\/wp-json\/wp\/v2\/pages"}],"about":[{"href":"https:\/\/www.tsv-oetlingen.de\/volleyball\/wp-json\/wp\/v2\/types\/page"}],"author":[{"embeddable":true,"href":"https:\/\/www.tsv-oetlingen.de\/volleyball\/wp-json\/wp\/v2\/users\/1"}],"replies":[{"embeddable":true,"href":"https:\/\/www.tsv-oetlingen.de\/volleyball\/wp-json\/wp\/v2\/comments?post=139"}],"version-history":[{"count":8,"href":"https:\/\/www.tsv-oetlingen.de\/volleyball\/wp-json\/wp\/v2\/pages\/139\/revisions"}],"predecessor-version":[{"id":4300,"href":"https:\/\/www.tsv-oetlingen.de\/volleyball\/wp-json\/wp\/v2\/pages\/139\/revisions\/4300"}],"wp:attachment":[{"href":"https:\/\/www.tsv-oetlingen.de\/volleyball\/wp-json\/wp\/v2\/media?parent=139"}],"curies":[{"name":"wp","href":"https:\/\/api.w.org\/{rel}","templated":true}]}}